{"id":37417,"date":"2022-11-14T23:55:05","date_gmt":"2022-11-14T23:55:05","guid":{"rendered":"https:\/\/staging.totara.fortyapp.com\/talent-experience-explained\/"},"modified":"2026-03-10T16:00:53","modified_gmt":"2026-03-10T16:00:53","slug":"descripcion-talent-experience","status":"publish","type":"page","link":"https:\/\/staging.totara.fortyapp.com\/es\/descripcion-talent-experience\/","title":{"rendered":"Descripci\u00f3n de Talent Experience"},"content":{"rendered":"\n<div class='standard-header-container themeLightBlue ' style=\"\">\n  <div class='backgroundImageWrapper'>\n    <img decoding=\"async\"\n      class='backgroundImage' \n      loading=\"lazy\"\n      src=\"https:\/\/staging.totara.fortyapp.com\/wp-content\/themes\/totara\/assets\/images\/bg-standard-hero-light-blue.png\"  \n      sizes=\"100vw\"\n      alt=\"Background pattern\"\n    \/>\n  <\/div>\n  <div class='wrapper'>\n    <div class='detailsWrapper'>\n      <div class='details'>\n                          <h1 class='title  fontLight'>Descripci\u00f3n de Talent Experience<br style=\"font-weight: 400\" \/><br style=\"font-weight: 400\" \/>\n<\/h1>\n                          <p class='description fontLight'>El potencial humano en el punto central de la empresa<\/p>\n                      <\/div>\n    <\/div>\n    \n          <div class='images numberOfImages1'>\n              <div class='imageWrapper'>\n          <div class='image-container' style='padding-bottom: calc(100% \/ (464 \/ 343));'>\n                          <img decoding=\"async\" \n                class='image'\n                loading=\"lazy\"\n                src=\"https:\/\/staging.totara.fortyapp.com\/wp-content\/uploads\/2022\/11\/Stocksy_txpefacc53bUGV300_Medium_2939090-768x476.jpg\"  \n                alt=\"\"\n                srcset=\"https:\/\/staging.totara.fortyapp.com\/wp-content\/uploads\/2022\/11\/Stocksy_txpefacc53bUGV300_Medium_2939090-768x476.jpg 768w, https:\/\/staging.totara.fortyapp.com\/wp-content\/uploads\/2022\/11\/Stocksy_txpefacc53bUGV300_Medium_2939090-300x186.jpg 300w, https:\/\/staging.totara.fortyapp.com\/wp-content\/uploads\/2022\/11\/Stocksy_txpefacc53bUGV300_Medium_2939090-1024x635.jpg 1024w, https:\/\/staging.totara.fortyapp.com\/wp-content\/uploads\/2022\/11\/Stocksy_txpefacc53bUGV300_Medium_2939090-1536x953.jpg 1536w, https:\/\/staging.totara.fortyapp.com\/wp-content\/uploads\/2022\/11\/Stocksy_txpefacc53bUGV300_Medium_2939090.jpg 1796w\"\n                sizes=\"(max-width: 768px) 100vw, 768px\"\n              \/>\n                      <\/div>\n        <\/div>\n            <\/div>\n        \n  <\/div>\n<\/div>\n\n\n<div class='quote-carousel-container'>\n  <img \n    loading='lazy'\n    class='image'\n    alt='Background pattern'\n    sizes=\"100vw\"\n    src='https:\/\/staging.totara.fortyapp.com\/wp-content\/themes\/totara\/assets\/images\/bg-cta-light-grey.png'\n  \/>\n  <div class='wrapper quote-swiper-container'>\n                  <div class='quote-outer-container'>\n          <div class='quote themeLightBlue'>\n                          <blockquote>\u201cNos centramos en los empleados y en c\u00f3mo mejoramos su vida laboral y personal. De all\u00ed el foco en la <strong>experiencia del talento<\/strong>, y no en la <strong>gesti\u00f3n del talento<\/strong>.\n<\/blockquote>\n                                      <figcaption>\n                                  <div class='quoteImage'>\n                    <div class='image-container'>\n                                              <img decoding=\"async\" \n                          loading='lazy'\n                          src=\"https:\/\/staging.totara.fortyapp.com\/wp-content\/uploads\/2024\/08\/Josh-Bersin-Headshot-2.png\"  \n                          alt=\"\"\n                          srcset=\"https:\/\/staging.totara.fortyapp.com\/wp-content\/uploads\/2024\/08\/Josh-Bersin-Headshot-2-150x150.png 150w, https:\/\/staging.totara.fortyapp.com\/wp-content\/uploads\/2024\/08\/Josh-Bersin-Headshot-2.png 300w\"\n                          sizes=\"(max-width: 100px) 100vw, 100px\"\n                        \/>\n                                          <\/div>\n                  <\/div>\n                                <span>\n                  <strong>Josh Bersin,<\/strong>\n                  <br>\n                  Bersin &amp; Associates                <\/span>\n              <\/figcaption>\n                      <\/div>\n        <\/div>\n            <\/div>\n<\/div>\n\n\n<div class='text-block-container MobileAlignment DesktopAlignment'>\n  <div class='wrapper'>\n    <div class='richText'>\n      <h5>Estamos en un mundo de alta rotaci\u00f3n de empleados y de cambios en los enfoques del trabajo. Los costos asociados a la retenci\u00f3n el talento est\u00e1n aumentando, pero el costo de <span style=\"color: #27c4df\">no retenerlo es a\u00fan mayor.<\/span><\/h5>\n<p class=\"large\"><strong>Talent Experience visualiza los entornos laborales como oportunidades para desarrollar experiencias profesionales positivas, con la ayuda de la tecnolog\u00eda, que benefician tanto a los empleados como a las organizaciones. Atraer, motivar y capacitar a las personas da lugar a grandes equipos de colaboraci\u00f3n que sobresalen en desempe\u00f1o. Esto beneficia a todos.<\/strong><\/p>\n<p>&nbsp;<\/p>\n    <\/div>\n      <\/div>\n<\/div>\n\n\n<div class=\"content-feature-container themeLightBlue rightDirection fullSize\">\n  <div class='cf-wrapper'>\n    <div class='cf-images'>\n              <div class='cf-featureImage'>\n          <img decoding=\"async\"\n            loading=\"lazy\" \n            class=\"image\"\n            width=\"842\"\n            height=\"595\"\n            src=\"https:\/\/staging.totara.fortyapp.com\/wp-content\/uploads\/2022\/11\/1-768x543.jpg\"  \n            alt=\"\"\n            srcset=\"https:\/\/staging.totara.fortyapp.com\/wp-content\/uploads\/2022\/11\/1.jpg 842w, https:\/\/staging.totara.fortyapp.com\/wp-content\/uploads\/2022\/11\/1-300x212.jpg 300w, https:\/\/staging.totara.fortyapp.com\/wp-content\/uploads\/2022\/11\/1-768x543.jpg 768w\"\n            sizes=\"auto, (max-width: 400px) 100vw, 400px\"\n          \/>\n        <\/div>\n          <\/div>\n    <div class=\"cf-detailsWrapper\">\n      <div class='cf-details'>\n                  <h2 class='cf-title'><span><strong>Talent Experience<\/strong> en acci\u00f3n\n<\/span><\/h2>\n                                  <div class='cf-description'>\n            <span style=\"font-weight: 400\">El flujo de trabajo diario se convierte en un ciclo de comunicaci\u00f3n, colaboraci\u00f3n y crecimiento que aporta productividad y rendimiento.<\/span>\n          <\/div>\n                      <\/div>\n    <\/div>\n  <\/div>\n<\/div>\n\n\n<div class='text-block-container MobileAlignment DesktopAlignment'>\n  <div class='wrapper'>\n    <div class='richText'>\n      <h5 class=\"large\"><span style=\"color: #27c4df\">Construya la experiencia del talento adecuada para su organizaci\u00f3n<\/span><\/h5>\n    <\/div>\n      <\/div>\n<\/div>\n\n\n<div class=\"content-grid-container\">\n            <div class=\"gridTile centered- has-light-grey-background-color\">\n                  <img decoding=\"async\" \n            src=\"https:\/\/staging.totara.fortyapp.com\/wp-content\/uploads\/2022\/11\/book-open-2-01.png\"\n            alt=\"\"\n            loading=\"lazy\"\n          \/>\n                          <h3 class=\"title has-dark-color\">Aprendizaje y desarrollo<\/h3>\n                              <\/div>\n          <div class=\"gridTile centered- has-light-grey-background-color\">\n                  <img decoding=\"async\" \n            src=\"https:\/\/staging.totara.fortyapp.com\/wp-content\/uploads\/2022\/11\/privacy-policy-2-01.png\"\n            alt=\"\"\n            loading=\"lazy\"\n          \/>\n                          <h3 class=\"title has-dark-color\">Participaci\u00f3n y colaboraci\u00f3n<\/h3>\n                              <\/div>\n          <div class=\"gridTile centered- has-light-grey-background-color\">\n                  <img decoding=\"async\" \n            src=\"https:\/\/staging.totara.fortyapp.com\/wp-content\/uploads\/2022\/11\/b-meeting20-01.png\"\n            alt=\"\"\n            loading=\"lazy\"\n          \/>\n                          <h3 class=\"title has-dark-color\">Gesti\u00f3n del desempe\u00f1o y feedback continuo<\/h3>\n                              <\/div>\n      <\/div>\n\n\n<div class='text-block-container MobileAlignment DesktopAlignment'>\n  <div class='wrapper'>\n    <div class='richText'>\n      <h5><strong>Si se gestiona en conjunto, se puede construir una <span style=\"color: #27c4df\">cultura de aprendizaje proactiva<\/span>.<\/strong><\/h5>\n    <\/div>\n      <\/div>\n<\/div>\n\n\n<div class=\"content-grid-container\">\n            <div class=\"gridTile centered- has-light-grey-background-color\">\n                  <img decoding=\"async\" \n            src=\"https:\/\/staging.totara.fortyapp.com\/wp-content\/uploads\/2022\/11\/s-check-2-01.png\"\n            alt=\"\"\n            loading=\"lazy\"\n          \/>\n                          <h3 class=\"title has-dark-color\">La capacitaci\u00f3n adecuada en el momento adecuado<\/h3>\n                              <\/div>\n          <div class=\"gridTile centered- has-light-grey-background-color\">\n                  <img decoding=\"async\" \n            src=\"https:\/\/staging.totara.fortyapp.com\/wp-content\/uploads\/2022\/11\/exchange-2-01.png\"\n            alt=\"\"\n            loading=\"lazy\"\n          \/>\n                          <h3 class=\"title has-dark-color\">Conecte a las personas para resolver problemas e innovar<\/h3>\n                              <\/div>\n          <div class=\"gridTile centered- has-light-grey-background-color\">\n                  <img decoding=\"async\" \n            src=\"https:\/\/staging.totara.fortyapp.com\/wp-content\/uploads\/2022\/11\/connect-2-01.png\"\n            alt=\"\"\n            loading=\"lazy\"\n          \/>\n                          <h3 class=\"title has-dark-color\">Garantice que todo el mundo est\u00e9 coordinado y centrado<\/h3>\n                              <\/div>\n      <\/div>\n\n\n<div class='text-block-container MobileAlignment DesktopAlignment'>\n  <div class='wrapper'>\n    <div class='richText'>\n      <h5 class=\"large\">Construir y gestionar la experiencia del talento perfecta para su organizaci\u00f3n requiere una plataforma tecnol\u00f3gica integrada que tenga<span style=\"color: #27c4df\"> t<strong>odas las herramientas necesarias.<\/strong><\/span><\/h5>\n    <\/div>\n      <\/div>\n<\/div>\n\n\n<div class='quote-carousel-container'>\n  <img \n    loading='lazy'\n    class='image'\n    alt='Background pattern'\n    sizes=\"100vw\"\n    src='https:\/\/staging.totara.fortyapp.com\/wp-content\/themes\/totara\/assets\/images\/bg-cta-light-grey.png'\n  \/>\n  <div class='wrapper quote-swiper-container'>\n                  <div class='quote-outer-container'>\n          <div class='quote themeLightBlue'>\n                          <blockquote>&#8220;Un sistema que invierte no solo en las habilidades a corto plazo de los trabajadores sino tambi\u00e9n en su resiliencia a largo plazo puede ayudar a construir resiliencia organizacional a largo plazo en un mundo donde la \u00fanica constante es el cambio&#8221;.\n<\/blockquote>\n                                      <figcaption>\n                                <span>\n                  <strong>Deloitte Insights,<\/strong>\n                  <br>\n                  La recapacitaci\u00f3n del personal para impulsar la resiliencia                <\/span>\n              <\/figcaption>\n                      <\/div>\n        <\/div>\n            <\/div>\n<\/div>\n\n\n<div class=\"content-feature-container themeLightBlue rightDirection fullSize\">\n  <div class='cf-wrapper'>\n    <div class='cf-images'>\n              <div class='cf-featureImage'>\n          <img decoding=\"async\"\n            loading=\"lazy\" \n            class=\"image\"\n            width=\"1146\"\n            height=\"820\"\n            src=\"https:\/\/staging.totara.fortyapp.com\/wp-content\/uploads\/2022\/12\/Mable-totara-social-768x550.png\"  \n            alt=\"\"\n            srcset=\"https:\/\/staging.totara.fortyapp.com\/wp-content\/uploads\/2022\/12\/Mable-totara-social.png 1146w, https:\/\/staging.totara.fortyapp.com\/wp-content\/uploads\/2022\/12\/Mable-totara-social-300x215.png 300w, https:\/\/staging.totara.fortyapp.com\/wp-content\/uploads\/2022\/12\/Mable-totara-social-1024x733.png 1024w, https:\/\/staging.totara.fortyapp.com\/wp-content\/uploads\/2022\/12\/Mable-totara-social-768x550.png 768w\"\n            sizes=\"auto, (max-width: 400px) 100vw, 400px\"\n          \/>\n        <\/div>\n          <\/div>\n    <div class=\"cf-detailsWrapper\">\n      <div class='cf-details'>\n                  <h2 class='cf-title'><span><strong>Historias de clientes<\/strong>\n<\/span><\/h2>\n                                  <div class='cf-description'>\n            Cuando Mitchells &amp; Butlers, la marca que agrupa a m\u00e1s de 1,700 bares, incluy\u00f3 Talent Experience utilizando la plataforma Totara, mejor\u00f3 inmediatamente la participaci\u00f3n, el desempe\u00f1o y los resultados empresariales.\n          <\/div>\n                          <div class='cf-cta'>\n            \n<a id=\"\" class=\"button-link \" target=\"\" href=\"https:\/\/staging.totara.fortyapp.com\/es\/clientes\/mitchells-butlers\/\">\n  <span class='container darkPrimaryTheme'>\n    <div><\/div>\n    <div><\/div>\n    <div class='contents'>\n      <span>Leer historia completa<\/span>\n          <\/div>\n  <\/span>\n<\/a>          <\/div>\n              <\/div>\n    <\/div>\n  <\/div>\n<\/div>\n\n\n<div class='stats-block-container themeLightBlue'>\n  <div class='wrapper'>\n          <h2 class='title'>Confianza global <strong>en todas las escalas<\/strong>\n<\/h2>\n        <div class='stats'>\n                        <div class='stat'>\n            <div class='statTitle'>Clientes<\/div>\n            <div class='statValue'>+1,500<\/div>\n          <\/div>\n                  <div class='stat'>\n            <div class='statTitle'>Usuarios<\/div>\n            <div class='statValue'>20 mill.<\/div>\n          <\/div>\n                  <div class='stat'>\n            <div class='statTitle'>Partners<\/div>\n            <div class='statValue'>+75<\/div>\n          <\/div>\n                  <\/div>\n  <\/div>\n<\/div>\n\n\n<div class=\"related-content_container\">\n  <div class='related-content_linkTitleWrapper'>\n    <h2 class=\"related-content_title\">Contenido relacionado<\/h2>\n      <\/div>\n  <div class=\"related-content_pageTilesWrapper\">\n      \n    <div class=\"page-tile relevanssi-live-search-result\">\n        <a href=\"https:\/\/staging.totara.fortyapp.com\/es\/historias-de-clientes\/shimano-entrega-capacitacin-de-sus-productos-a-la-red-de-minoristas-de-toda-europa-en-una-manera-flexible\/\">\n            <div>\n                <div class='image-wrapper'>\n                                                                    <img decoding=\"async\"\n                            class='image cover'\n                            loading=\"lazy\"\n                            src=\"https:\/\/staging.totara.fortyapp.com\/wp-content\/uploads\/2022\/11\/CS_Shimano_Standard-teaser-402\u2006\u00d7\u2006536px.png\"\n                            alt=\"\"\n                            srcset=\"https:\/\/staging.totara.fortyapp.com\/wp-content\/uploads\/2022\/11\/CS_Shimano_Standard-teaser-402\u2006\u00d7\u2006536px.png 402w, https:\/\/staging.totara.fortyapp.com\/wp-content\/uploads\/2022\/11\/CS_Shimano_Standard-teaser-402\u2006\u00d7\u2006536px-225x300.png 225w\"\n                            sizes=\"(max-width: 402px) 100vw, 402px\" \/>\n                                        <div class='category-wrapper'>\n                        <p>Customer Story<\/p>\n                    <\/div>\n                <\/div>\n                <p class='post-date'>\n                                                        <\/p>\n                <h2 class='search-title'>Shimano entrega capacitaci\u00f3n de sus productos a la red de minoristas de toda Europa en una manera flexible<\/h2>\n            <\/div>\n            <div class='learn-more-link'>\n                Learn more\n                <svg width=\"20\" height=\"20\" viewBox=\"0 0 20 20\" fill=\"#07262A\" xmlns=\"http:\/\/www.w3.org\/2000\/svg\">\n                    <path fillRule=\"evenodd\" clip-rule=\"evenodd\" d=\"M2 10C2 9.58579 2.33579 9.25 2.75 9.25L15.3879 9.25L10.2302 4.29062C9.93159 4.00353 9.92228 3.52875 10.2094 3.23017C10.4965 2.93159 10.9713 2.92228 11.2698 3.20937L17.7698 9.45937C17.9169 9.60078 18 9.79599 18 10C18 10.204 17.9169 10.3992 17.7698 10.5406L11.2698 16.7906C10.9713 17.0777 10.4965 17.0684 10.2094 16.7698C9.92228 16.4713 9.93159 15.9965 10.2302 15.7094L15.3879 10.75L2.75 10.75C2.33579 10.75 2 10.4142 2 10Z\" \/>\n                <\/svg>\n            <\/div>\n        <\/a>\n    <\/div>\n\n    <div class=\"page-tile relevanssi-live-search-result\">\n        <a href=\"https:\/\/staging.totara.fortyapp.com\/es\/historias-de-clientes\/shimano-entrega-capacitacin-de-sus-productos-a-la-red-de-minoristas-de-toda-europa-en-una-manera-flexible\/\">\n            <div>\n                <div class='image-wrapper'>\n                                                                    <img decoding=\"async\"\n                            class='image cover'\n                            loading=\"lazy\"\n                            src=\"https:\/\/staging.totara.fortyapp.com\/wp-content\/uploads\/2022\/11\/CS_Shimano_Standard-teaser-402\u2006\u00d7\u2006536px.png\"\n                            alt=\"\"\n                            srcset=\"https:\/\/staging.totara.fortyapp.com\/wp-content\/uploads\/2022\/11\/CS_Shimano_Standard-teaser-402\u2006\u00d7\u2006536px.png 402w, https:\/\/staging.totara.fortyapp.com\/wp-content\/uploads\/2022\/11\/CS_Shimano_Standard-teaser-402\u2006\u00d7\u2006536px-225x300.png 225w\"\n                            sizes=\"(max-width: 402px) 100vw, 402px\" \/>\n                                        <div class='category-wrapper'>\n                        <p>Customer Story<\/p>\n                    <\/div>\n                <\/div>\n                <p class='post-date'>\n                                                        <\/p>\n                <h2 class='search-title'>Shimano entrega capacitaci\u00f3n de sus productos a la red de minoristas de toda Europa en una manera flexible<\/h2>\n            <\/div>\n            <div class='learn-more-link'>\n                Learn more\n                <svg width=\"20\" height=\"20\" viewBox=\"0 0 20 20\" fill=\"#07262A\" xmlns=\"http:\/\/www.w3.org\/2000\/svg\">\n                    <path fillRule=\"evenodd\" clip-rule=\"evenodd\" d=\"M2 10C2 9.58579 2.33579 9.25 2.75 9.25L15.3879 9.25L10.2302 4.29062C9.93159 4.00353 9.92228 3.52875 10.2094 3.23017C10.4965 2.93159 10.9713 2.92228 11.2698 3.20937L17.7698 9.45937C17.9169 9.60078 18 9.79599 18 10C18 10.204 17.9169 10.3992 17.7698 10.5406L11.2698 16.7906C10.9713 17.0777 10.4965 17.0684 10.2094 16.7698C9.92228 16.4713 9.93159 15.9965 10.2302 15.7094L15.3879 10.75L2.75 10.75C2.33579 10.75 2 10.4142 2 10Z\" \/>\n                <\/svg>\n            <\/div>\n        <\/a>\n    <\/div>\n\n    <div class=\"page-tile relevanssi-live-search-result\">\n        <a href=\"https:\/\/staging.totara.fortyapp.com\/es\/historias-de-clientes\/swedish-board-of-agriculture-jordbruksverket\/\">\n            <div>\n                <div class='image-wrapper'>\n                                                                    <img decoding=\"async\"\n                            class='image cover'\n                            loading=\"lazy\"\n                            src=\"https:\/\/staging.totara.fortyapp.com\/wp-content\/uploads\/2022\/11\/sjv_Totara_LMS_small.jpg\"\n                            alt=\"\"\n                            srcset=\"https:\/\/staging.totara.fortyapp.com\/wp-content\/uploads\/2022\/11\/sjv_Totara_LMS_small.jpg 402w, https:\/\/staging.totara.fortyapp.com\/wp-content\/uploads\/2022\/11\/sjv_Totara_LMS_small-225x300.jpg 225w\"\n                            sizes=\"(max-width: 402px) 100vw, 402px\" \/>\n                                        <div class='category-wrapper'>\n                        <p>Customer Story<\/p>\n                    <\/div>\n                <\/div>\n                <p class='post-date'>\n                                                        <\/p>\n                <h2 class='search-title'>La Junta Sueca de Agricultura optimiza la capacitaci\u00f3n con Totara Learn<\/h2>\n            <\/div>\n            <div class='learn-more-link'>\n                Learn more\n                <svg width=\"20\" height=\"20\" viewBox=\"0 0 20 20\" fill=\"#07262A\" xmlns=\"http:\/\/www.w3.org\/2000\/svg\">\n                    <path fillRule=\"evenodd\" clip-rule=\"evenodd\" d=\"M2 10C2 9.58579 2.33579 9.25 2.75 9.25L15.3879 9.25L10.2302 4.29062C9.93159 4.00353 9.92228 3.52875 10.2094 3.23017C10.4965 2.93159 10.9713 2.92228 11.2698 3.20937L17.7698 9.45937C17.9169 9.60078 18 9.79599 18 10C18 10.204 17.9169 10.3992 17.7698 10.5406L11.2698 16.7906C10.9713 17.0777 10.4965 17.0684 10.2094 16.7698C9.92228 16.4713 9.93159 15.9965 10.2302 15.7094L15.3879 10.75L2.75 10.75C2.33579 10.75 2 10.4142 2 10Z\" \/>\n                <\/svg>\n            <\/div>\n        <\/a>\n    <\/div>\n      \n  <\/div>\n<\/div>\n\n\n<div class='cta-block-container  themeMidBlue '>\n  <div class='cta-wrapper'>\n    <img decoding=\"async\" \n      class='cta-image'\n      loading='lazy'\n      src=\"https:\/\/staging.totara.fortyapp.com\/wp-content\/themes\/totara\/assets\/images\/bg-cta-mid-blue.png\"\n      alt='Background pattern'\n      sizes=(min-width: 1440px) 1440px, 100vw      layout='fill'\n      objectFit='cover'\n    \/>\n    <div class='cta-details'>\n              <h2 class='cta-title'>Prepara a tu equipo para el ma\u00f1ana, hoy\n<\/h2>\n                    <div class='cta-buttons'>\n                      \n<a id=\"\" class=\"button-link \" target=\"\" href=\"https:\/\/staging.totara.fortyapp.com\/es\/contactanos\">\n  <span class='container lightPrimaryTheme'>\n    <div><\/div>\n    <div><\/div>\n    <div class='contents'>\n      <span>Cont\u00e1ctanos<\/span>\n          <\/div>\n  <\/span>\n<\/a>                                \n<a id=\"\" class=\"button-link \" target=\"\" href=\"http:\/\/staging.totara.fortyapp.com\/es\/solicita-una-demo\">\n  <span class='container lightPrimaryTheme'>\n    <div><\/div>\n    <div><\/div>\n    <div class='contents'>\n      <span>Solicita una demo<\/span>\n          <\/div>\n  <\/span>\n<\/a>          \n        <\/div>\n                <\/div>\n  <\/div>\n<\/div>","protected":false},"excerpt":{"rendered":"","protected":false},"author":8,"featured_media":0,"parent":0,"menu_order":33,"comment_status":"closed","ping_status":"closed","template":"","meta":{"_acf_changed":false,"content-type":"","footnotes":""},"tax\/tags":[593],"tax\/topics":[],"class_list":["post-37417","page","type-page","status-publish","hentry"],"acf":[],"_links":{"self":[{"href":"https:\/\/staging.totara.fortyapp.com\/es\/wp-json\/wp\/v2\/pages\/37417","targetHints":{"allow":["GET"]}}],"collection":[{"href":"https:\/\/staging.totara.fortyapp.com\/es\/wp-json\/wp\/v2\/pages"}],"about":[{"href":"https:\/\/staging.totara.fortyapp.com\/es\/wp-json\/wp\/v2\/types\/page"}],"author":[{"embeddable":true,"href":"https:\/\/staging.totara.fortyapp.com\/es\/wp-json\/wp\/v2\/users\/8"}],"replies":[{"embeddable":true,"href":"https:\/\/staging.totara.fortyapp.com\/es\/wp-json\/wp\/v2\/comments?post=37417"}],"version-history":[{"count":2,"href":"https:\/\/staging.totara.fortyapp.com\/es\/wp-json\/wp\/v2\/pages\/37417\/revisions"}],"predecessor-version":[{"id":74215,"href":"https:\/\/staging.totara.fortyapp.com\/es\/wp-json\/wp\/v2\/pages\/37417\/revisions\/74215"}],"wp:attachment":[{"href":"https:\/\/staging.totara.fortyapp.com\/es\/wp-json\/wp\/v2\/media?parent=37417"}],"wp:term":[{"taxonomy":"tag","embeddable":true,"href":"https:\/\/staging.totara.fortyapp.com\/es\/wp-json\/wp\/v2\/tax\/tags?post=37417"},{"taxonomy":"topic","embeddable":true,"href":"https:\/\/staging.totara.fortyapp.com\/es\/wp-json\/wp\/v2\/tax\/topics?post=37417"}],"curies":[{"name":"wp","href":"https:\/\/api.w.org\/{rel}","templated":true}]}}