{"id":37318,"date":"2022-11-24T00:46:31","date_gmt":"2022-11-24T00:46:31","guid":{"rendered":"https:\/\/staging.totara.fortyapp.com\/community\/"},"modified":"2026-03-12T10:19:41","modified_gmt":"2026-03-12T10:19:41","slug":"comunidad","status":"publish","type":"page","link":"https:\/\/staging.totara.fortyapp.com\/es\/comunidad\/","title":{"rendered":"Comunidad"},"content":{"rendered":"\n<div class='standard-header-container themeOrange ' style=\"--title-color: #ffffff; --strong-color: #ffb84d; --subtitle-color: #ffffff; --content-color: #ffffff\">\n  <div class='backgroundImageWrapper'>\n    <img decoding=\"async\"\n      class='backgroundImage' \n      loading=\"lazy\"\n      src=\"https:\/\/staging.totara.fortyapp.com\/wp-content\/themes\/totara\/assets\/images\/bg-standard-hero-orange.png\"  \n      sizes=\"100vw\"\n      alt=\"Background pattern\"\n    \/>\n  <\/div>\n  <div class='wrapper'>\n    <div class='detailsWrapper'>\n      <div class='details'>\n                          <h1 class='title  fontLight has-color'>\u00danete a nuestra <strong>Comunidad<\/strong>\n<\/h1>\n                          <p class='description fontLight has-color'>El hogar mundial de los profesionales en materia de aprendizaje y recursos humanos &#8211; un centro nutrido y vibrante donde la gente comparte sus conocimientos y cultiva las pr\u00e1cticas recomendadas.<\/p>\n                          <div class='cta'>\n            \n<a id=\"\" class=\"button-link \" target=\"\" href=\"https:\/\/totara.community\">\n  <span class='container lightPrimaryTheme'>\n    <div><\/div>\n    <div><\/div>\n    <div class='contents'>\n      <span>Iniciar sesi\u00f3n\/unirse <\/span>\n          <\/div>\n  <\/span>\n<\/a>          <\/div>\n              <\/div>\n    <\/div>\n    \n          <div class='images numberOfImages3'>\n              <div class='imageWrapper'>\n          <div class='image-container' style='padding-bottom: calc(100% \/ (1 \/ 1));'>\n                          <img decoding=\"async\" \n                class='image'\n                loading=\"lazy\"\n                src=\"https:\/\/staging.totara.fortyapp.com\/wp-content\/uploads\/2022\/11\/Stocksy_txpefacc53bUGV300_Medium_2939090-1-768x476.jpg\"  \n                alt=\"\"\n                srcset=\"https:\/\/staging.totara.fortyapp.com\/wp-content\/uploads\/2022\/11\/Stocksy_txpefacc53bUGV300_Medium_2939090-1-768x476.jpg 768w, https:\/\/staging.totara.fortyapp.com\/wp-content\/uploads\/2022\/11\/Stocksy_txpefacc53bUGV300_Medium_2939090-1-300x186.jpg 300w, https:\/\/staging.totara.fortyapp.com\/wp-content\/uploads\/2022\/11\/Stocksy_txpefacc53bUGV300_Medium_2939090-1-1024x635.jpg 1024w, https:\/\/staging.totara.fortyapp.com\/wp-content\/uploads\/2022\/11\/Stocksy_txpefacc53bUGV300_Medium_2939090-1-1536x953.jpg 1536w, https:\/\/staging.totara.fortyapp.com\/wp-content\/uploads\/2022\/11\/Stocksy_txpefacc53bUGV300_Medium_2939090-1.jpg 1796w\"\n                sizes=\"(max-width: 768px) 100vw, 768px\"\n              \/>\n                      <\/div>\n        <\/div>\n              <div class='imageWrapper'>\n          <div class='image-container' style='padding-bottom: calc(100% \/ (464 \/ 343));'>\n                          <img decoding=\"async\" \n                class='image'\n                loading=\"lazy\"\n                src=\"https:\/\/staging.totara.fortyapp.com\/wp-content\/uploads\/2026\/03\/iStock-1447892608_edited_web-768x512.jpg\"  \n                alt=\"\"\n                srcset=\"https:\/\/staging.totara.fortyapp.com\/wp-content\/uploads\/2026\/03\/iStock-1447892608_edited_web-768x512.jpg 768w, https:\/\/staging.totara.fortyapp.com\/wp-content\/uploads\/2026\/03\/iStock-1447892608_edited_web-300x200.jpg 300w, https:\/\/staging.totara.fortyapp.com\/wp-content\/uploads\/2026\/03\/iStock-1447892608_edited_web.jpg 900w\"\n                sizes=\"(max-width: 768px) 100vw, 768px\"\n              \/>\n                      <\/div>\n        <\/div>\n              <div class='imageWrapper'>\n          <div class='image-container' style='padding-bottom: calc(100% \/ (270 \/ 173));'>\n                          <img decoding=\"async\" \n                class='image'\n                loading=\"lazy\"\n                src=\"https:\/\/staging.totara.fortyapp.com\/wp-content\/uploads\/2022\/11\/GettyImages-1346145497-768x512.jpg\"  \n                alt=\"\"\n                srcset=\"https:\/\/staging.totara.fortyapp.com\/wp-content\/uploads\/2022\/11\/GettyImages-1346145497-768x512.jpg 768w, https:\/\/staging.totara.fortyapp.com\/wp-content\/uploads\/2022\/11\/GettyImages-1346145497-300x200.jpg 300w, https:\/\/staging.totara.fortyapp.com\/wp-content\/uploads\/2022\/11\/GettyImages-1346145497-1024x683.jpg 1024w, https:\/\/staging.totara.fortyapp.com\/wp-content\/uploads\/2022\/11\/GettyImages-1346145497-1536x1024.jpg 1536w, https:\/\/staging.totara.fortyapp.com\/wp-content\/uploads\/2022\/11\/GettyImages-1346145497-2048x1365.jpg 2048w\"\n                sizes=\"(max-width: 768px) 100vw, 768px\"\n              \/>\n                      <\/div>\n        <\/div>\n            <\/div>\n        \n  <\/div>\n<\/div>\n\n\n<div class=\"feature-text-block-container themeMidBlue\">\n  <div class=\"wrapper\">\n          <div class='text'>\n        <span style=\"font-weight: 400\"><strong>Con\u00e9ctate con colegas en materia de experiencia del talento de todo el mundo<\/strong>. La comunidad de Totara es un centro nutrido y vibrante donde la gente comparte sus conocimientos y cultiva las pr\u00e1cticas recomendadas. Los recursos de libre acceso consisten en miles de casos resueltos. Este es el lugar donde puedes aprovechar al m\u00e1ximo tu suscripci\u00f3n a Totara. <\/span>\n      <\/div>\n      <\/div>\n<\/div>\n\n\n<div class=\"content-grid-container\">\n            <div class=\"gridTile centered- has-light-grey-background-color\">\n                  <img decoding=\"async\" \n            src=\"https:\/\/staging.totara.fortyapp.com\/wp-content\/uploads\/2022\/11\/globe-2-01.png\"\n            alt=\"\"\n            loading=\"lazy\"\n          \/>\n                          <h3 class=\"title has-dark-color\">Comunidad unida<\/h3>\n                          <div class=\"description has-dark-color\">Accede a una red global de personas que trabajan en cargos similares.\n<\/div>\n                      <\/div>\n          <div class=\"gridTile centered- has-light-grey-background-color\">\n                  <img decoding=\"async\" \n            src=\"https:\/\/staging.totara.fortyapp.com\/wp-content\/uploads\/2022\/11\/podium-2-01.png\"\n            alt=\"\"\n            loading=\"lazy\"\n          \/>\n                          <h3 class=\"title has-dark-color\">Academia Totara<\/h3>\n                          <div class=\"description has-dark-color\">Desarrolla tu carrera y utiliza las insignias de acceso p\u00fablico para demostrar tus habilidades en Totara.\n<\/div>\n                      <\/div>\n          <div class=\"gridTile centered- has-light-grey-background-color\">\n                  <img decoding=\"async\" \n            src=\"https:\/\/staging.totara.fortyapp.com\/wp-content\/uploads\/2022\/11\/info-point-2-01.png\"\n            alt=\"\"\n            loading=\"lazy\"\n          \/>\n                          <h3 class=\"title has-dark-color\">Webinars frecuentes<\/h3>\n                          <div class=\"description has-dark-color\">Obt\u00e9n experiencia con el equipo de Totara, sus Partners, clientes y expertos del sector.\n<\/div>\n                      <\/div>\n          <div class=\"gridTile centered- has-light-grey-background-color\">\n                  <img decoding=\"async\" \n            src=\"https:\/\/staging.totara.fortyapp.com\/wp-content\/uploads\/2022\/11\/comments-2-01.png\"\n            alt=\"\"\n            loading=\"lazy\"\n          \/>\n                          <h3 class=\"title has-dark-color\">Acceso directo<\/h3>\n                          <div class=\"description has-dark-color\">Comparte tus aprendizajes y obt\u00e9n el apoyo de las personas que desarrollan Totara.\n<\/div>\n                      <\/div>\n      <\/div>\n\n\n<div class='cta-block-container  themeOrange '>\n  <div class='cta-wrapper'>\n    <img decoding=\"async\" \n      class='cta-image'\n      loading='lazy'\n      src=\"https:\/\/staging.totara.fortyapp.com\/wp-content\/themes\/totara\/assets\/images\/bg-cta-orange.png\"\n      alt='Background pattern'\n      sizes=(min-width: 1440px) 1440px, 100vw      layout='fill'\n      objectFit='cover'\n    \/>\n    <div class='cta-details'>\n              <h2 class='cta-title'>Consulta los foros y el cat\u00e1logo de cursos sin necesidad de iniciar sesi\u00f3n.\n<\/h2>\n                    <div class='cta-buttons'>\n                                \n<a id=\"\" class=\"button-link \" target=\"\" href=\"https:\/\/totara.community\">\n  <span class='container lightPrimaryTheme'>\n    <div><\/div>\n    <div><\/div>\n    <div class='contents'>\n      <span>\u00bfA\u00fan no eres miembro? Crea una cuenta gratis<\/span>\n          <\/div>\n  <\/span>\n<\/a>          \n        <\/div>\n                    <div class='cta-secondaryButtons'>\n          \n<a id=\"\" class=\"button-link \" target=\"\" href=\"https:\/\/login.totara.community\/login\/index.php\">\n  <span class='container lightPrimaryTheme'>\n    <div><\/div>\n    <div><\/div>\n    <div class='contents'>\n      <span>\u00bfYa eres miembro? Inicia sesi\u00f3n<\/span>\n          <\/div>\n  <\/span>\n<\/a>        <\/div>\n          <\/div>\n  <\/div>\n<\/div>\n\n\n<div class='media-block-container'>\n  <div class='wrapper'>\n          <div class='videoWrapper'>\n        <div>\n          <iframe\n            id='iframe3'\n            class='embed'\n            src='https:\/\/www.youtube.com\/embed\/QSbC0jgv6mk?autoplay=0&#038;mute=1'\n            title='YouTube video player'\n            allow=\"accelerometer; autoplay; clipboard-write; encrypted-media; gyroscope; picture-in-picture\"\n            allowFullScreen\n          ><\/iframe>\n        <\/div>\n        <div id='thumbnail-container'>\n                      <img decoding=\"async\" \n              loading='lazy'\n              class='videoThumbnail'\n              src=\"https:\/\/staging.totara.fortyapp.com\/wp-content\/uploads\/2025\/11\/Welcome-to-the-Totara-Community-thumbnails-1024x576.png\"  \n              alt=\"\"\n              srcset=\"https:\/\/staging.totara.fortyapp.com\/wp-content\/uploads\/2025\/11\/Welcome-to-the-Totara-Community-thumbnails.png 1280w, https:\/\/staging.totara.fortyapp.com\/wp-content\/uploads\/2025\/11\/Welcome-to-the-Totara-Community-thumbnails-300x169.png 300w, https:\/\/staging.totara.fortyapp.com\/wp-content\/uploads\/2025\/11\/Welcome-to-the-Totara-Community-thumbnails-1024x576.png 1024w, https:\/\/staging.totara.fortyapp.com\/wp-content\/uploads\/2025\/11\/Welcome-to-the-Totara-Community-thumbnails-768x432.png 768w\"\n              sizes=\"(max-width: 1067px) 100vw, 1067px\"\n            \/>\n                    \n<a id=\"videoEmbedButton3\" class=\"button-link largeSize\" target=\"\" href=\"\">\n  <span class='container darkPrimaryTheme'>\n    <div><\/div>\n    <div><\/div>\n    <div class='contents'>\n      <span>Play video<\/span>\n      <svg width=\"20\" height=\"20\" viewBox=\"0 0 20 20\" fill=\"#2C9892\" xmlns=\"http:\/\/www.w3.org\/2000\/svg\">\n        <path fillRule=\"evenodd\" clip-rule=\"evenodd\" d=\"M2 10C2 9.58579 2.33579 9.25 2.75 9.25L15.3879 9.25L10.2302 4.29062C9.93159 4.00353 9.92228 3.52875 10.2094 3.23017C10.4965 2.93159 10.9713 2.92228 11.2698 3.20937L17.7698 9.45937C17.9169 9.60078 18 9.79599 18 10C18 10.204 17.9169 10.3992 17.7698 10.5406L11.2698 16.7906C10.9713 17.0777 10.4965 17.0684 10.2094 16.7698C9.92228 16.4713 9.93159 15.9965 10.2302 15.7094L15.3879 10.75L2.75 10.75C2.33579 10.75 2 10.4142 2 10Z\" \/>\n        <\/svg>    <\/div>\n  <\/span>\n<\/a>        <\/div>\n      <\/div>\n      <\/div>\n<\/div>\n\n<script>\n  let button = document.getElementById('videoEmbedButton3');\n  let thumbnailContainer = document.getElementById('thumbnail-container');\n  let iframe = document.getElementById('iframe3');\n  let videoURL = 'https:\/\/www.youtube.com\/embed\/QSbC0jgv6mk';\n\n  if (button) {\n    button.addEventListener('click', function(e) {\n      e.preventDefault();\n      thumbnailContainer.style.display = 'none';\n      iframe.src = `${videoURL}?autoplay=1&mute=0`;\n    });\n  }\n<\/script>\n\n\n<div class='quote-carousel-container'>\n  <img \n    loading='lazy'\n    class='image'\n    alt='Background pattern'\n    sizes=\"100vw\"\n    src='https:\/\/staging.totara.fortyapp.com\/wp-content\/themes\/totara\/assets\/images\/bg-cta-light-grey.png'\n  \/>\n  <div class='wrapper quote-swiper-container'>\n                  <div class='quote-outer-container'>\n          <div class='quote themeMidBlue'>\n                          <blockquote><span style=\"font-weight: 400\">\u201c<strong>Estoy muy agradecida<\/strong> por todos los webinars que hicieron en los \u00faltimos a\u00f1os, pues no creo que hubiera podido desarrollar nuestro sistema sin ellos\u201d.<\/span>\n<\/blockquote>\n                                      <figcaption>\n                                <span>\n                  <strong>Jill Scott,<\/strong>\n                  <br>\n                  Directora de desarrollo de personas y organizaciones de Salisbury Group                <\/span>\n              <\/figcaption>\n                      <\/div>\n        <\/div>\n              <div class='quote-outer-container'>\n          <div class='quote themeMidBlue'>\n                          <blockquote><span style=\"font-weight: 400\">\u201cCreo que es<strong> la mejor fuente de capacitaci\u00f3n de libre acceso<\/strong> para una soluci\u00f3n LMS que he visto\u201d.<\/span>\n<\/blockquote>\n                                      <figcaption>\n                                <span>\n                  <strong>Program participant,<\/strong>\n                  <br>\n                  Participante del programa Acad\u00e9mico                <\/span>\n              <\/figcaption>\n                      <\/div>\n        <\/div>\n              <div class='quote-outer-container'>\n          <div class='quote themeMidBlue'>\n                          <blockquote><span style=\"font-weight: 400\">\u201cNos complace reconocer que Totara ha transformado la experiencia de aprendizaje a trav\u00e9s de la fusi\u00f3n de las comunidades y la educaci\u00f3n, todo ello ofrecido a trav\u00e9s de una experiencia de aprendizaje moderna, como lo es nuestro <strong>ganador del Premio a la Innovaci\u00f3n CEdMA 2021<\/strong>\u201d<\/span>\n<\/blockquote>\n                                      <figcaption>\n                                <span>\n                  <strong>Danielle Campbell,<\/strong>\n                  <br>\n                  Presidente de la junta directiva de la Customer Education Management Association (CEdMA)                <\/span>\n              <\/figcaption>\n                      <\/div>\n        <\/div>\n            <\/div>\n<\/div>\n\n\n<div class='cta-block-container  themeLightBlue '>\n  <div class='cta-wrapper'>\n    <img decoding=\"async\" \n      class='cta-image'\n      loading='lazy'\n      src=\"https:\/\/staging.totara.fortyapp.com\/wp-content\/themes\/totara\/assets\/images\/bg-cta-light-blue.png\"\n      alt='Background pattern'\n      sizes=(min-width: 1440px) 1440px, 100vw      layout='fill'\n      objectFit='cover'\n    \/>\n    <div class='cta-details'>\n              <h2 class='cta-title'>Mira la Comunidad de Totara en acci\u00f3n\n<\/h2>\n                    <div class='cta-buttons'>\n                      \n<a id=\"\" class=\"button-link \" target=\"\" href=\"https:\/\/totara.community\/\">\n  <span class='container lightPrimaryTheme'>\n    <div><\/div>\n    <div><\/div>\n    <div class='contents'>\n      <span>Visita<\/span>\n          <\/div>\n  <\/span>\n<\/a>                                \n<a id=\"\" class=\"button-link \" target=\"\" href=\"https:\/\/login.totara.community\/login\/index.php\">\n  <span class='container lightPrimaryTheme'>\n    <div><\/div>\n    <div><\/div>\n    <div class='contents'>\n      <span>Inicia sesi\u00f3n<\/span>\n          <\/div>\n  <\/span>\n<\/a>          \n        <\/div>\n                <\/div>\n  <\/div>\n<\/div>","protected":false},"excerpt":{"rendered":"","protected":false},"author":8,"featured_media":0,"parent":0,"menu_order":0,"comment_status":"closed","ping_status":"closed","template":"","meta":{"_acf_changed":false,"content-type":"","footnotes":""},"tax\/tags":[],"tax\/topics":[],"class_list":["post-37318","page","type-page","status-publish","hentry"],"acf":[],"_links":{"self":[{"href":"https:\/\/staging.totara.fortyapp.com\/es\/wp-json\/wp\/v2\/pages\/37318","targetHints":{"allow":["GET"]}}],"collection":[{"href":"https:\/\/staging.totara.fortyapp.com\/es\/wp-json\/wp\/v2\/pages"}],"about":[{"href":"https:\/\/staging.totara.fortyapp.com\/es\/wp-json\/wp\/v2\/types\/page"}],"author":[{"embeddable":true,"href":"https:\/\/staging.totara.fortyapp.com\/es\/wp-json\/wp\/v2\/users\/8"}],"replies":[{"embeddable":true,"href":"https:\/\/staging.totara.fortyapp.com\/es\/wp-json\/wp\/v2\/comments?post=37318"}],"version-history":[{"count":2,"href":"https:\/\/staging.totara.fortyapp.com\/es\/wp-json\/wp\/v2\/pages\/37318\/revisions"}],"predecessor-version":[{"id":74309,"href":"https:\/\/staging.totara.fortyapp.com\/es\/wp-json\/wp\/v2\/pages\/37318\/revisions\/74309"}],"wp:attachment":[{"href":"https:\/\/staging.totara.fortyapp.com\/es\/wp-json\/wp\/v2\/media?parent=37318"}],"wp:term":[{"taxonomy":"tag","embeddable":true,"href":"https:\/\/staging.totara.fortyapp.com\/es\/wp-json\/wp\/v2\/tax\/tags?post=37318"},{"taxonomy":"topic","embeddable":true,"href":"https:\/\/staging.totara.fortyapp.com\/es\/wp-json\/wp\/v2\/tax\/topics?post=37318"}],"curies":[{"name":"wp","href":"https:\/\/api.w.org\/{rel}","templated":true}]}}