{"id":37314,"date":"2022-11-18T04:07:41","date_gmt":"2022-11-18T04:07:41","guid":{"rendered":"https:\/\/staging.totara.fortyapp.com\/management-team\/"},"modified":"2026-01-12T11:34:43","modified_gmt":"2026-01-12T11:34:43","slug":"equipo-directivo","status":"publish","type":"page","link":"https:\/\/staging.totara.fortyapp.com\/es\/equipo-directivo\/","title":{"rendered":"Equipo directivo"},"content":{"rendered":"\n<div class='standard-header-container themeTeal ' style=\"\">\n  <div class='backgroundImageWrapper'>\n    <img decoding=\"async\"\n      class='backgroundImage' \n      loading=\"lazy\"\n      src=\"https:\/\/staging.totara.fortyapp.com\/wp-content\/themes\/totara\/assets\/images\/bg-standard-hero-teal.png\"  \n      sizes=\"100vw\"\n      alt=\"Background pattern\"\n    \/>\n  <\/div>\n  <div class='wrapper'>\n    <div class='detailsWrapper'>\n      <div class='details'>\n                          <h1 class='title  '><span style=\"font-weight: 400\"><strong>Equipo<\/strong> directivo<\/span>\n<\/h1>\n                          <p class='description '>Conoce a nuestro equipo directivo<\/p>\n                      <\/div>\n    <\/div>\n    \n          <div class='images numberOfImages1'>\n              <div class='imageWrapper'>\n          <div class='image-container' style='padding-bottom: calc(100% \/ (464 \/ 343));'>\n                          <img decoding=\"async\" \n                class='image'\n                loading=\"lazy\"\n                src=\"https:\/\/staging.totara.fortyapp.com\/wp-content\/uploads\/2022\/12\/management-team@2x.png\"  \n                alt=\"\"\n                srcset=\"https:\/\/staging.totara.fortyapp.com\/wp-content\/uploads\/2022\/12\/management-team@2x.png 759w, https:\/\/staging.totara.fortyapp.com\/wp-content\/uploads\/2022\/12\/management-team@2x-300x223.png 300w\"\n                sizes=\"(max-width: 759px) 100vw, 759px\"\n              \/>\n                      <\/div>\n        <\/div>\n            <\/div>\n        \n  <\/div>\n<\/div>\n\n\n<div class=\"feature-text-block-container themeTeal\">\n  <div class=\"wrapper\">\n          <div class='text'>\n        <span style=\"font-weight: 400;\">El equipo directivo de Totara representa m\u00e1s de 80 a\u00f1os de experiencia trabajando con algunas de las mayores marcas del mundo para resolver desaf\u00edos tecnol\u00f3gicos y de competencias. Ayudar a las personas a dar su m\u00e1ximo resultado es nuestro principal objetivo y la base de todo lo que hacemos.<\/span>\n      <\/div>\n      <\/div>\n<\/div>\n\n\n<div class=\"content-feature-container themeTeal leftDirection threeQuartersSize\">\n  <div class='cf-wrapper'>\n    <div class='cf-images'>\n              <div class='cf-featureImage'>\n          <img decoding=\"async\"\n            loading=\"lazy\" \n            class=\"image\"\n            width=\"1667\"\n            height=\"2500\"\n            src=\"https:\/\/staging.totara.fortyapp.com\/wp-content\/uploads\/2022\/11\/Totara_ELT_27.10.22_4300-768x1152.jpeg\"  \n            alt=\"\"\n            srcset=\"\"\n            sizes=\"auto, (max-width: 233px) 100vw, 233px\"\n          \/>\n        <\/div>\n          <\/div>\n    <div class=\"cf-detailsWrapper\">\n      <div class='cf-details'>\n                  <h2 class='cf-title'><span>Nicole <strong>Lyons<\/strong>\n<\/span><\/h2>\n                          <p class='cf-label'>Jefa de personal y cultura<\/p>\n                          <div class='cf-description'>\n            <p class=\"\">\u201cLas organizaciones con visi\u00f3n de futuro y con \u00e9xito ponen a sus empleados en el centro de su actividad. Esto implica crear y fomentar un entorno de experiencias significativas para los empleados, y donde las personas son respetadas, se desarrollan, se apoyan y se facultan para hacer el mejor trabajo posible\u201d.<\/p>\n<p class=\"\">Nicole dirige la funci\u00f3n global People Experience de Totara, donde se asegura de que nuestros equipos est\u00e9n preparados para alcanzar el \u00e9xito por medio de una experiencia positiva y del empoderamiento de los empleados.\u00a0Nicole tiene un enfoque \u00fanico e innovador hacia el talento, gracias a su amplia experiencia internacional en todos los niveles organizacionales. Ha trabajado en varios sectores, como la tecnolog\u00eda, las publicaciones, los medios digitales, la publicidad, las finanzas, el derecho y la ingenier\u00eda, y tiene experiencia espec\u00edfica en el despliegue de nuevas tecnolog\u00edas de recursos humanos a escala mundial.<\/p>\n          <\/div>\n                      <\/div>\n    <\/div>\n  <\/div>\n<\/div>\n\n\n<div class=\"content-feature-container themeTeal rightDirection threeQuartersSize\">\n  <div class='cf-wrapper'>\n    <div class='cf-images'>\n              <div class='cf-featureImage'>\n          <img decoding=\"async\"\n            loading=\"lazy\" \n            class=\"image\"\n            width=\"800\"\n            height=\"1097\"\n            src=\"https:\/\/staging.totara.fortyapp.com\/wp-content\/uploads\/2023\/03\/warwick_edited-low-res-768x1053.png\"  \n            alt=\"\"\n            srcset=\"https:\/\/staging.totara.fortyapp.com\/wp-content\/uploads\/2023\/03\/warwick_edited-low-res.png 800w, https:\/\/staging.totara.fortyapp.com\/wp-content\/uploads\/2023\/03\/warwick_edited-low-res-219x300.png 219w, https:\/\/staging.totara.fortyapp.com\/wp-content\/uploads\/2023\/03\/warwick_edited-low-res-747x1024.png 747w, https:\/\/staging.totara.fortyapp.com\/wp-content\/uploads\/2023\/03\/warwick_edited-low-res-768x1053.png 768w\"\n            sizes=\"auto, (max-width: 255px) 100vw, 255px\"\n          \/>\n        <\/div>\n          <\/div>\n    <div class=\"cf-detailsWrapper\">\n      <div class='cf-details'>\n                  <h2 class='cf-title'><span>Warwick <strong>Fletcher<\/strong>\n<\/span><\/h2>\n                          <p class='cf-label'>DIRECTOR FINANCIERO<\/p>\n                          <div class='cf-description'>\n            &#8220;Las inversiones inteligentes en personas son ganadoras en todos los aspectos. Las soluciones de Totara conectan el desarrollo de habilidades, el conocimiento y la gesti\u00f3n del desempe\u00f1o directamente con los resultados organizativos en una plataforma. Al reemplazar los sistemas antiguos y fragmentados de esta manera, generamos mejoras visibles en la productividad y ahorros de costos para el cliente, al mismo tiempo que mejoramos la calidad de vida laboral de las personas y la hacemos m\u00e1s sostenible&#8221;.Warwick lidera la estrategia financiera de Totara para impulsar nuestro crecimiento en el mercado global. Cuenta con m\u00e1s de 20 a\u00f1os de experiencia comercial, comenzando como contador p\u00fablico en pr\u00e1ctica p\u00fablica y luego ocupando puestos directivos en empresas cotizadas y privadas en diversas industrias, incluyendo propiedad, servicios y tecnolog\u00eda.\n          <\/div>\n                      <\/div>\n    <\/div>\n  <\/div>\n<\/div>\n\n\n<div class=\"content-feature-container themeTeal leftDirection threeQuartersSize\">\n  <div class='cf-wrapper'>\n    <div class='cf-images'>\n              <div class='cf-featureImage'>\n          <img decoding=\"async\"\n            loading=\"lazy\" \n            class=\"image\"\n            width=\"934\"\n            height=\"1250\"\n            src=\"https:\/\/staging.totara.fortyapp.com\/wp-content\/uploads\/2023\/06\/Hadleigh-Headshot-Web-768x1028.jpg\"  \n            alt=\"\"\n            srcset=\"https:\/\/staging.totara.fortyapp.com\/wp-content\/uploads\/2023\/06\/Hadleigh-Headshot-Web.jpg 934w, https:\/\/staging.totara.fortyapp.com\/wp-content\/uploads\/2023\/06\/Hadleigh-Headshot-Web-224x300.jpg 224w, https:\/\/staging.totara.fortyapp.com\/wp-content\/uploads\/2023\/06\/Hadleigh-Headshot-Web-765x1024.jpg 765w, https:\/\/staging.totara.fortyapp.com\/wp-content\/uploads\/2023\/06\/Hadleigh-Headshot-Web-768x1028.jpg 768w\"\n            sizes=\"auto, (max-width: 262px) 100vw, 262px\"\n          \/>\n        <\/div>\n          <\/div>\n    <div class=\"cf-detailsWrapper\">\n      <div class='cf-details'>\n                  <h2 class='cf-title'><span>Hadleigh <strong>Tweedall<\/strong>\n<\/span><\/h2>\n                          <p class='cf-label'>Global Head of Marketing<\/p>\n                          <div class='cf-description'>\n            <p>\u201cEl marketing es el motor que impulsa el crecimiento de una organizaci\u00f3n. Va m\u00e1s all\u00e1 de la publicidad y las ventas: se trata de comprender a los clientes, anticipar sus necesidades e impulsar el valor. La clave del \u00e9xito en este mercado din\u00e1mico es permitir que los datos sean la br\u00fajula impulsora. Potenciar la toma de decisiones informadas es crucial para lograr el m\u00e1ximo impacto\u201d.<\/p>\n<p>Hadleigh lidera el equipo de marketing global de Totara y desarrolla iniciativas de marketing estrat\u00e9gicas que elevan la presencia de la marca en todo el mundo. Con experiencia liderando campa\u00f1as de generaci\u00f3n de demanda en un conjunto diverso de industrias, Hadleigh aprovecha los conocimientos basados \u200b\u200ben datos para dar forma a estrategias de marketing efectivas, optimizar la participaci\u00f3n del cliente y ofrecer resultados mensurables.<\/p>\n          <\/div>\n                      <\/div>\n    <\/div>\n  <\/div>\n<\/div>\n\n\n<div class=\"content-feature-container themeTeal rightDirection threeQuartersSize\">\n  <div class='cf-wrapper'>\n    <div class='cf-images'>\n              <div class='cf-featureImage'>\n          <img decoding=\"async\"\n            loading=\"lazy\" \n            class=\"image\"\n            width=\"1667\"\n            height=\"2500\"\n            src=\"https:\/\/staging.totara.fortyapp.com\/wp-content\/uploads\/2022\/11\/Totara_ELT_27.10.22_4180-768x1152.jpeg\"  \n            alt=\"\"\n            srcset=\"\"\n            sizes=\"auto, (max-width: 233px) 100vw, 233px\"\n          \/>\n        <\/div>\n          <\/div>\n    <div class=\"cf-detailsWrapper\">\n      <div class='cf-details'>\n                  <h2 class='cf-title'><span>Sam <strong>Hemelryk<\/strong>\n<\/span><\/h2>\n                          <p class='cf-label'>Director de tecnolog\u00eda<\/p>\n                          <div class='cf-description'>\n            <span style=\"font-weight: 400;\"><!-- wp:acf\/content-feature-block {\"name\":\"acf\/content-feature-block\",\"data\":{\"block-theme_theme\":\"use_page\",\"_block-theme_theme\":\"field_65f847c71b847_field_65f1bbbd8f8df\",\"title\":\"\\u003cp\\u003eHadleigh \\u003cstrong\\u003eTweedall\\u003c\/strong\\u003e\\u003c\/p\\u003e\",\"_title\":\"field_65f847ff1b848\",\"description\":\"\\u003cp\\u003e\\u0026#8220;Marketing is the engine that powers an organization\u2019s growth. It goes beyond advertising and sales \u2013 it\u2019s about understanding customers, anticipating their needs, and driving value. The key to success in this dynamic marketplace is allowing data to be the driving compass. Empowering informed decision making is crucial for maximum impact.\\u0026#8221;\\u003c\/p\\u003e\\u003cp\\u003eHadleigh leads the global marketing team at Totara, developing strategic marketing initiatives that elevate the brand\u2019s presence worldwide. With experience leading demand generation campaigns across a diverse set of industries, Hadleigh harnesses data-driven insights to shape effective marketing strategies, optimize customer engagement, and deliver measurable results.\\u003c\/p\\u003e\",\"_description\":\"field_65f8482c1b849\",\"label\":\"Global Head of Marketing\",\"_label\":\"field_65f848361b84a\",\"cta\":\"\",\"_cta\":\"field_65f8483e1b84b\",\"image\":48821,\"_image\":\"field_65f8484e1b84c\",\"side\":\"right\",\"_side\":\"field_65f848581b84d\",\"size\":\"threeQuarters\",\"_size\":\"field_65f848851b84e\"},\"mode\":\"edit\"} \/-->Sam dirige los equipos globales de ingenier\u00eda de Totara a la hora de ofrecer productos, servicios y operaciones seg\u00fan los est\u00e1ndares empresariales que esperan nuestros clientes m\u00e1s importantes del mundo. Como jefe de desarrollo es responsable de la visi\u00f3n tecnol\u00f3gica, a cargo de garantizar que Totara siga siendo una soluci\u00f3n de confianza que evolucione con las necesidades t\u00e9cnicas de nuestro ecosistema.<\/span><span style=\"font-weight: 400;\">Sam es un tecn\u00f3logo apasionado y comprometido, un l\u00edder que se interesa por ofrecer calidad. Se uni\u00f3 a Totara en 2015, antes de lo cual trabaj\u00f3 para Moodle como desarrollador e integrador senior. Lleva m\u00e1s de 12 a\u00f1os de experiencia trabajando con la plataforma que sustenta los productos de Totara.<\/span><br style=\"font-weight: 400;\" \/><br style=\"font-weight: 400;\" \/>\n          <\/div>\n                      <\/div>\n    <\/div>\n  <\/div>\n<\/div>","protected":false},"excerpt":{"rendered":"","protected":false},"author":8,"featured_media":0,"parent":0,"menu_order":10,"comment_status":"closed","ping_status":"closed","template":"","meta":{"_acf_changed":false,"content-type":"","footnotes":""},"tax\/tags":[],"tax\/topics":[],"class_list":["post-37314","page","type-page","status-publish","hentry"],"acf":[],"_links":{"self":[{"href":"https:\/\/staging.totara.fortyapp.com\/es\/wp-json\/wp\/v2\/pages\/37314","targetHints":{"allow":["GET"]}}],"collection":[{"href":"https:\/\/staging.totara.fortyapp.com\/es\/wp-json\/wp\/v2\/pages"}],"about":[{"href":"https:\/\/staging.totara.fortyapp.com\/es\/wp-json\/wp\/v2\/types\/page"}],"author":[{"embeddable":true,"href":"https:\/\/staging.totara.fortyapp.com\/es\/wp-json\/wp\/v2\/users\/8"}],"replies":[{"embeddable":true,"href":"https:\/\/staging.totara.fortyapp.com\/es\/wp-json\/wp\/v2\/comments?post=37314"}],"version-history":[{"count":2,"href":"https:\/\/staging.totara.fortyapp.com\/es\/wp-json\/wp\/v2\/pages\/37314\/revisions"}],"predecessor-version":[{"id":72692,"href":"https:\/\/staging.totara.fortyapp.com\/es\/wp-json\/wp\/v2\/pages\/37314\/revisions\/72692"}],"wp:attachment":[{"href":"https:\/\/staging.totara.fortyapp.com\/es\/wp-json\/wp\/v2\/media?parent=37314"}],"wp:term":[{"taxonomy":"tag","embeddable":true,"href":"https:\/\/staging.totara.fortyapp.com\/es\/wp-json\/wp\/v2\/tax\/tags?post=37314"},{"taxonomy":"topic","embeddable":true,"href":"https:\/\/staging.totara.fortyapp.com\/es\/wp-json\/wp\/v2\/tax\/topics?post=37314"}],"curies":[{"name":"wp","href":"https:\/\/api.w.org\/{rel}","templated":true}]}}