{"id":37304,"date":"2022-11-23T22:17:35","date_gmt":"2022-11-23T22:17:35","guid":{"rendered":"https:\/\/staging.totara.fortyapp.com\/mobile-learning-lms-app\/"},"modified":"2026-03-10T15:59:19","modified_gmt":"2026-03-10T15:59:19","slug":"totara-mobile","status":"publish","type":"page","link":"https:\/\/staging.totara.fortyapp.com\/es\/totara-mobile\/","title":{"rendered":"Totara M\u00f3vil"},"content":{"rendered":"\n<div class='standard-header-container themeGreen ' style=\"\">\n  <div class='backgroundImageWrapper'>\n    <img decoding=\"async\"\n      class='backgroundImage' \n      loading=\"lazy\"\n      src=\"https:\/\/staging.totara.fortyapp.com\/wp-content\/themes\/totara\/assets\/images\/bg-standard-hero-green.png\"  \n      sizes=\"100vw\"\n      alt=\"Background pattern\"\n    \/>\n  <\/div>\n  <div class='wrapper'>\n    <div class='detailsWrapper'>\n      <div class='details'>\n                          <h1 class='title  fontLight'>Aplicaci\u00f3n m\u00f3vil de aprendizaje para IOS y Android\n<\/h1>\n                                  <div class='cta'>\n            \n<a id=\"\" class=\"button-link \" target=\"\" href=\"\/request-a-demo-form\">\n  <span class='container lightPrimaryTheme'>\n    <div><\/div>\n    <div><\/div>\n    <div class='contents'>\n      <span>Solicita una demostraci\u00f3n<\/span>\n          <\/div>\n  <\/span>\n<\/a>          <\/div>\n              <\/div>\n    <\/div>\n    \n          <div class='images numberOfImages1'>\n              <div class='imageWrapper'>\n          <div class='image-container' style='padding-bottom: calc(100% \/ (464 \/ 343));'>\n                          <img decoding=\"async\" \n                class='image'\n                loading=\"lazy\"\n                src=\"https:\/\/staging.totara.fortyapp.com\/wp-content\/uploads\/2022\/11\/tech-and-media-768x512.jpg\"  \n                alt=\"\"\n                srcset=\"https:\/\/staging.totara.fortyapp.com\/wp-content\/uploads\/2022\/11\/tech-and-media-768x512.jpg 768w, https:\/\/staging.totara.fortyapp.com\/wp-content\/uploads\/2022\/11\/tech-and-media-300x200.jpg 300w, https:\/\/staging.totara.fortyapp.com\/wp-content\/uploads\/2022\/11\/tech-and-media.jpg 945w\"\n                sizes=\"(max-width: 768px) 100vw, 768px\"\n              \/>\n                      <\/div>\n        <\/div>\n            <\/div>\n        \n  <\/div>\n<\/div>\n\n\n<div class=\"feature-text-block-container theme\">\n  <div class=\"wrapper\">\n          <div class='text'>\n        La aplicaci\u00f3n Totara Learn Mobile ofrece una interfaz espec\u00edfica y <strong>totalmente adaptable<\/strong> para dispositivos m\u00f3viles.\n      <\/div>\n      <\/div>\n<\/div>\n\n\n<div class='leftright-content-block-container theme leftDirection'>\n  <div class=\"leftright-content-block-wrapper\">\n    <div class=\"leftright-content-block-details leftDirection\">\n              <div class='leftright-content-block-title'><span style=\"font-weight: 400\">Apoya a los alumnos en su <strong>dispositivo preferido<\/strong><\/span>\n<\/div>\n                    <p class='leftright-content-block-description'>La aplicaci\u00f3n nativa Totara Mobile proporciona a tus alumnos un acceso r\u00e1pido y sencillo a un portal de aprendizaje personalizado, para que puedan conectarse con su aprendizaje y desarrollo cuando y donde quieran.  <\/p>\n                <\/div>\n    <div class=\"leftright-content-block-images leftDirection\">\n      <div class='leftright-content-block-backgroundImage leftDirection'>\n        <div class='leftright-content-block-image_container'>\n                                    <img decoding=\"async\" \n                class='leftright-content-block-image'\n                loading='lazy'\n                src=\"https:\/\/staging.totara.fortyapp.com\/wp-content\/uploads\/2022\/12\/Cross-platform-mobile-learning-768x381.png\"  \n                alt=\"\"\n                srcset=\"https:\/\/staging.totara.fortyapp.com\/wp-content\/uploads\/2022\/12\/Cross-platform-mobile-learning.png 800w, https:\/\/staging.totara.fortyapp.com\/wp-content\/uploads\/2022\/12\/Cross-platform-mobile-learning-300x149.png 300w, https:\/\/staging.totara.fortyapp.com\/wp-content\/uploads\/2022\/12\/Cross-platform-mobile-learning-768x381.png 768w\"\n                sizes=\"(max-width: 750px) 100vw, 750px\" \n              \/>\n                              <\/div>\n      <\/div>\n      <div class='leftright-content-block-featureImage right'>\n        <div class='leftright-content-block-image_container'>\n                  <\/div>\n      <\/div>\n    <\/div>\n  <\/div>\n<\/div>\n\n\n<div class='leftright-content-block-container theme rightDirection'>\n  <div class=\"leftright-content-block-wrapper\">\n    <div class=\"leftright-content-block-details rightDirection\">\n              <div class='leftright-content-block-title'><strong>Acceso<\/strong> r\u00e1pido y f\u00e1cil\n<\/div>\n                    <p class='leftright-content-block-description'>Los alumnos pueden acceder de forma f\u00e1cil y segura a sus cursos, programas y certificaciones, completar actividades y seguir su progreso. Para garantizar que s\u00f3lo el contenido y las actividades de aprendizaje que se adaptan a las necesidades de tus alumnos m\u00f3viles se ofrecen a trav\u00e9s de la aplicaci\u00f3n, los cursos creados en tu sitio de Totara Learn pueden marcarse como compatibles con m\u00f3viles. <\/p>\n                <\/div>\n    <div class=\"leftright-content-block-images rightDirection\">\n      <div class='leftright-content-block-backgroundImage rightDirection'>\n        <div class='leftright-content-block-image_container'>\n                                    <img decoding=\"async\"\n                class='leftright-content-block-image'\n                loading='lazy'\n                alt=\"Background pattern\" \n                src=\"https:\/\/staging.totara.fortyapp.com\/wp-content\/themes\/totara\/assets\/images\/bg-tile-green.png\"\n                sizes=\"(min-width: 1440px) 708px, (min-width: 768px) 50vw, 100vw\"\n              \/>\n                              <\/div>\n      <\/div>\n      <div class='leftright-content-block-featureImage top'>\n        <div class='leftright-content-block-image_container'>\n                                                    <img \n                  class='leftright-content-block-image'\n                  src='https:\/\/staging.totara.fortyapp.com\/wp-content\/uploads\/2022\/12\/mobile-Current-learning.png'\n                  alt=\"\"\n                  srcset=\"https:\/\/staging.totara.fortyapp.com\/wp-content\/uploads\/2022\/12\/mobile-Current-learning.png 300w, https:\/\/staging.totara.fortyapp.com\/wp-content\/uploads\/2022\/12\/mobile-Current-learning-169x300.png 169w\"\n                  sizes=\"(max-width: 300px) 100vw, 300px\" \n                \/>\n                                            <\/div>\n      <\/div>\n    <\/div>\n  <\/div>\n<\/div>\n\n\n<div class=\"feature-text-block-container theme\">\n  <div class=\"wrapper\">\n          <div class='text'>\n        Tanto si tienes alumnos en la planta de producci\u00f3n como en las ajetreadas salas de un hospital, personal que trabaja en lugares de baja o nula conectividad o miembros del equipo que viajan entre citas de trabajo, <strong>Totara est\u00e1 disponible. <\/strong> \n      <\/div>\n      <\/div>\n<\/div>\n\n\n<div class=\"content-grid-container\">\n            <div class=\"gridTile centered- has-light-grey-background-color\">\n                  <img decoding=\"async\" \n            src=\"https:\/\/staging.totara.fortyapp.com\/wp-content\/uploads\/2022\/11\/pin-2-01.png\"\n            alt=\"\"\n            loading=\"lazy\"\n          \/>\n                          <h3 class=\"title has-dark-color\">Notificaciones personalizadas<\/h3>\n                          <div class=\"description has-dark-color\">Los usuarios tambi\u00e9n pueden optar por recibir notificaciones personalizadas directamente en sus dispositivos m\u00f3viles. El sistema de notificaciones m\u00f3viles se utiliza para ayudar a mantener el impulso del aprendizaje, para volver a implicar a los alumnos y para avisar a los administradores de las acciones y tareas que requieren su atenci\u00f3n. \n<\/div>\n                      <\/div>\n          <div class=\"gridTile centered- has-light-grey-background-color\">\n                  <img decoding=\"async\" \n            src=\"https:\/\/staging.totara.fortyapp.com\/wp-content\/uploads\/2022\/11\/device-connection-2-01.png\"\n            alt=\"\"\n            loading=\"lazy\"\n          \/>\n                          <h3 class=\"title has-dark-color\">  Aprender sobre la marcha<\/h3>\n                          <div class=\"description has-dark-color\">La aplicaci\u00f3n incluye un reproductor offline personalizado para actividades SCORM, que permite a los alumnos descargar el aprendizaje electr\u00f3nico mientras est\u00e1n conectados, completarlo sin conexi\u00f3n y enviar f\u00e1cilmente sus respuestas y resultados cuando vuelvan a estar conectados.\n<\/div>\n                      <\/div>\n          <div class=\"gridTile centered- has-light-grey-background-color\">\n                  <img decoding=\"async\" \n            src=\"https:\/\/staging.totara.fortyapp.com\/wp-content\/uploads\/2022\/11\/geometry-2-01.png\"\n            alt=\"\"\n            loading=\"lazy\"\n          \/>\n                          <h3 class=\"title has-dark-color\">Experiencias personalizadas<\/h3>\n                          <div class=\"description has-dark-color\">Tanto si impartes formaci\u00f3n a alumnos internos como externos, la aplicaci\u00f3n Totara Mobile proporciona a los usuarios un acceso controlado por permisos a un aprendizaje relevante y breve en un formato optimizado para m\u00f3viles. La pantalla de inicio de sesi\u00f3n de tu aplicaci\u00f3n se puede personalizar y personalizar para que coincida con tu sitio de Totara Learn, de modo que los alumnos disfruten de una experiencia de usuario familiar e intuitiva. \n<\/div>\n                      <\/div>\n      <\/div>\n\n\n<div class=\"related-content_container\">\n  <div class='related-content_linkTitleWrapper'>\n    <h2 class=\"related-content_title\">Historias destacadas<\/h2>\n      <\/div>\n  <div class=\"related-content_pageTilesWrapper\">\n            \n  <\/div>\n<\/div>\n\n\n<div class='cta-block-container  theme '>\n  <div class='cta-wrapper'>\n    <img decoding=\"async\" \n      class='cta-image'\n      loading='lazy'\n      src=\"https:\/\/staging.totara.fortyapp.com\/wp-content\/themes\/totara\/assets\/images\/bg-cta-green.png\"\n      alt='Background pattern'\n      sizes=(min-width: 1440px) 1440px, 100vw      layout='fill'\n      objectFit='cover'\n    \/>\n    <div class='cta-details'>\n              <h2 class='cta-title'>Tu LMS. A tu manera. \n<\/h2>\n                    <div class='cta-buttons'>\n                      \n<a id=\"\" class=\"button-link \" target=\"\" href=\"\/request-a-demo-form\">\n  <span class='container lightPrimaryTheme'>\n    <div><\/div>\n    <div><\/div>\n    <div class='contents'>\n      <span>Consigue una demostraci\u00f3n<\/span>\n          <\/div>\n  <\/span>\n<\/a>                                \n<a id=\"\" class=\"button-link \" target=\"\" href=\"\/contact-us\/\">\n  <span class='container lightPrimaryTheme'>\n    <div><\/div>\n    <div><\/div>\n    <div class='contents'>\n      <span>Habla con nosotros<\/span>\n          <\/div>\n  <\/span>\n<\/a>          \n        <\/div>\n                <\/div>\n  <\/div>\n<\/div>","protected":false},"excerpt":{"rendered":"","protected":false},"author":8,"featured_media":0,"parent":0,"menu_order":0,"comment_status":"closed","ping_status":"closed","template":"","meta":{"_acf_changed":false,"content-type":"","footnotes":""},"tax\/tags":[607],"tax\/topics":[],"class_list":["post-37304","page","type-page","status-publish","hentry"],"acf":[],"_links":{"self":[{"href":"https:\/\/staging.totara.fortyapp.com\/es\/wp-json\/wp\/v2\/pages\/37304","targetHints":{"allow":["GET"]}}],"collection":[{"href":"https:\/\/staging.totara.fortyapp.com\/es\/wp-json\/wp\/v2\/pages"}],"about":[{"href":"https:\/\/staging.totara.fortyapp.com\/es\/wp-json\/wp\/v2\/types\/page"}],"author":[{"embeddable":true,"href":"https:\/\/staging.totara.fortyapp.com\/es\/wp-json\/wp\/v2\/users\/8"}],"replies":[{"embeddable":true,"href":"https:\/\/staging.totara.fortyapp.com\/es\/wp-json\/wp\/v2\/comments?post=37304"}],"version-history":[{"count":2,"href":"https:\/\/staging.totara.fortyapp.com\/es\/wp-json\/wp\/v2\/pages\/37304\/revisions"}],"predecessor-version":[{"id":74213,"href":"https:\/\/staging.totara.fortyapp.com\/es\/wp-json\/wp\/v2\/pages\/37304\/revisions\/74213"}],"wp:attachment":[{"href":"https:\/\/staging.totara.fortyapp.com\/es\/wp-json\/wp\/v2\/media?parent=37304"}],"wp:term":[{"taxonomy":"tag","embeddable":true,"href":"https:\/\/staging.totara.fortyapp.com\/es\/wp-json\/wp\/v2\/tax\/tags?post=37304"},{"taxonomy":"topic","embeddable":true,"href":"https:\/\/staging.totara.fortyapp.com\/es\/wp-json\/wp\/v2\/tax\/topics?post=37304"}],"curies":[{"name":"wp","href":"https:\/\/api.w.org\/{rel}","templated":true}]}}