{"id":37292,"date":"2022-11-16T20:35:39","date_gmt":"2022-11-16T20:35:39","guid":{"rendered":"https:\/\/staging.totara.fortyapp.com\/culture-of-coaching\/"},"modified":"2025-01-29T17:01:50","modified_gmt":"2025-01-29T17:01:50","slug":"cultura-de-preparacion","status":"publish","type":"page","link":"https:\/\/staging.totara.fortyapp.com\/es\/cultura-de-preparacion\/","title":{"rendered":"Cultura de preparaci\u00f3n"},"content":{"rendered":"\n<div class='standard-header-container themeLightBlue ' style=\"\">\n  <div class='backgroundImageWrapper'>\n    <img decoding=\"async\"\n      class='backgroundImage' \n      loading=\"lazy\"\n      src=\"https:\/\/staging.totara.fortyapp.com\/wp-content\/themes\/totara\/assets\/images\/bg-standard-hero-light-blue.png\"  \n      sizes=\"100vw\"\n      alt=\"Background pattern\"\n    \/>\n  <\/div>\n  <div class='wrapper'>\n    <div class='detailsWrapper'>\n      <div class='details'>\n                          <h1 class='title  fontDark'><span style=\"font-weight: 400\">Cultura de preparaci\u00f3n<\/span>\n<\/h1>\n                          <p class='description fontDark'>Las conversaciones adecuadas en el momento adecuado.<\/p>\n                      <\/div>\n    <\/div>\n    \n          <div class='images numberOfImages1'>\n              <div class='imageWrapper'>\n          <div class='image-container' style='padding-bottom: calc(100% \/ (464 \/ 343));'>\n                          <img decoding=\"async\" \n                class='image'\n                loading=\"lazy\"\n                src=\"https:\/\/staging.totara.fortyapp.com\/wp-content\/uploads\/2022\/11\/Stocksy_txpdec93f3cUaX300_OriginalDelivery_1190410_Edited-768x513.jpg\"  \n                alt=\"\"\n                srcset=\"https:\/\/staging.totara.fortyapp.com\/wp-content\/uploads\/2022\/11\/Stocksy_txpdec93f3cUaX300_OriginalDelivery_1190410_Edited-768x513.jpg 768w, https:\/\/staging.totara.fortyapp.com\/wp-content\/uploads\/2022\/11\/Stocksy_txpdec93f3cUaX300_OriginalDelivery_1190410_Edited-300x200.jpg 300w, https:\/\/staging.totara.fortyapp.com\/wp-content\/uploads\/2022\/11\/Stocksy_txpdec93f3cUaX300_OriginalDelivery_1190410_Edited.jpg 935w\"\n                sizes=\"(max-width: 768px) 100vw, 768px\"\n              \/>\n                      <\/div>\n        <\/div>\n            <\/div>\n        \n  <\/div>\n<\/div>\n\n\n<div class=\"feature-text-block-container themeLightBlue\">\n  <div class=\"wrapper\">\n          <div class='text'>\n        <span style=\"font-weight: 400;\">La preparaci\u00f3n es esencial para alcanzar el m\u00e1ximo potencial. En las conversaciones en privado, los gerentes pueden desarrollar las <strong>habilidades<\/strong>, los <strong>conocimientos<\/strong> y el <strong>desempe\u00f1o<\/strong> de cada empleado de la manera que m\u00e1s les convenga.<\/span>\n      <\/div>\n      <\/div>\n<\/div>\n\n\n<div class=\"content-grid-container\">\n            <div class=\"gridTile centered- has-light-grey-background-color\">\n                  <img decoding=\"async\" \n            src=\"https:\/\/staging.totara.fortyapp.com\/wp-content\/uploads\/2022\/11\/ruler-pencil-2-01.png\"\n            alt=\"\"\n            loading=\"lazy\"\n          \/>\n                          <h3 class=\"title has-dark-color\">Habilidades y herramientas<\/h3>\n                          <div class=\"description has-dark-color\">Desarrolle en su personal las habilidades necesarias para desempe\u00f1ar sus funciones.\n<\/div>\n                      <\/div>\n          <div class=\"gridTile centered- has-light-grey-background-color\">\n                  <img decoding=\"async\" \n            src=\"https:\/\/staging.totara.fortyapp.com\/wp-content\/uploads\/2022\/11\/logic-2-01.png\"\n            alt=\"\"\n            loading=\"lazy\"\n          \/>\n                          <h3 class=\"title has-dark-color\">Adaptabilidad<\/h3>\n                          <div class=\"description has-dark-color\">Desarrolle las capacidades de resoluci\u00f3n de problemas y de pensamiento cr\u00edtico que facultan a su equipo para enfrentar circunstancias cambiantes.\n<\/div>\n                      <\/div>\n          <div class=\"gridTile centered- has-light-grey-background-color\">\n                  <img decoding=\"async\" \n            src=\"https:\/\/staging.totara.fortyapp.com\/wp-content\/uploads\/2022\/11\/trend-up-2-01.png\"\n            alt=\"\"\n            loading=\"lazy\"\n          \/>\n                          <h3 class=\"title has-dark-color\">Su personal desea desarrollarse<\/h3>\n                          <div class=\"description has-dark-color\">La preparaci\u00f3n y la mentor\u00eda permiten satisfacer esa necesidad, especialmente en el caso de los grupos con poca representaci\u00f3n.\n<\/div>\n                      <\/div>\n      <\/div>\n\n\n<div class='text-block-container MobileAlignment DesktopAlignment'>\n  <div class='wrapper'>\n    <div class='richText'>\n      <h4><strong>Desarrolle su cultura de preparaci\u00f3n con Totara.<\/strong><\/h4>\n    <\/div>\n      <\/div>\n<\/div>\n\n\n<div class='text-block-container MobileAlignment DesktopAlignment'>\n  <div class='wrapper'>\n    <div class='richText'>\n      <p class=\"large\" style=\"text-align: left;\"><span style=\"font-weight: 400;\">Totara ofrece a sus preparadores una amplia visi\u00f3n del desempe\u00f1o del individuo en el trabajo, mediante aprendizaje formal, conversaciones privadas, competencias y habilidades, y la percepci\u00f3n que sus compa\u00f1eros tienen de ellos.<\/span><\/p>\n    <\/div>\n      <\/div>\n<\/div>\n\n\n<div class=\"content-grid-container\">\n            <div class=\"gridTile centered- has-light-grey-background-color\">\n                  <img decoding=\"async\" \n            src=\"https:\/\/staging.totara.fortyapp.com\/wp-content\/uploads\/2022\/11\/shape-square-2-01.png\"\n            alt=\"custom branding LMS\"\n            loading=\"lazy\"\n          \/>\n                                  <div class=\"description has-dark-color\">Utilice los marcos de competencias para ayudar al preparador y al empleado a identificar lagunas en sus habilidades y las formas de abordarlas.\n<\/div>\n                      <\/div>\n          <div class=\"gridTile centered- has-light-grey-background-color\">\n                  <img decoding=\"async\" \n            src=\"https:\/\/staging.totara.fortyapp.com\/wp-content\/uploads\/2022\/11\/check-list-2-01.png\"\n            alt=\"\"\n            loading=\"lazy\"\n          \/>\n                                  <div class=\"description has-dark-color\">Defina metas personales que lleven a cada empleado a trabajar hacia el siguiente paso.\n<\/div>\n                      <\/div>\n          <div class=\"gridTile centered- has-light-grey-background-color\">\n                  <img decoding=\"async\" \n            src=\"https:\/\/staging.totara.fortyapp.com\/wp-content\/uploads\/2022\/11\/comments-2-01.png\"\n            alt=\"\"\n            loading=\"lazy\"\n          \/>\n                                  <div class=\"description has-dark-color\">Utilice los entornos laborales para captar conversaciones semiformales de preparaci\u00f3n y compartir recursos.\n<\/div>\n                      <\/div>\n      <\/div>\n\n\n<div class='stats-block-container themeLightBlue'>\n  <div class='wrapper'>\n          <h2 class='title'>Confianza global <strong>en todas las escalas<\/strong>\n<\/h2>\n        <div class='stats'>\n                        <div class='stat'>\n            <div class='statTitle'>Clientes<\/div>\n            <div class='statValue'>1,500+<\/div>\n          <\/div>\n                  <div class='stat'>\n            <div class='statTitle'>Usuarios<\/div>\n            <div class='statValue'>20 mill.<\/div>\n          <\/div>\n                  <div class='stat'>\n            <div class='statTitle'>Partners<\/div>\n            <div class='statValue'>75+<\/div>\n          <\/div>\n                  <\/div>\n  <\/div>\n<\/div>\n\n\n<div class=\"content-feature-container themeMidBlue leftDirection fullSize\">\n  <div class='cf-wrapper'>\n    <div class='cf-images'>\n              <div class='cf-featureImage'>\n          <img decoding=\"async\"\n            loading=\"lazy\" \n            class=\"image\"\n            width=\"992\"\n            height=\"661\"\n            src=\"https:\/\/staging.totara.fortyapp.com\/wp-content\/uploads\/2022\/11\/lady-in-red-shirt-768x512.jpg\"  \n            alt=\"\"\n            srcset=\"https:\/\/staging.totara.fortyapp.com\/wp-content\/uploads\/2022\/11\/lady-in-red-shirt.jpg 992w, https:\/\/staging.totara.fortyapp.com\/wp-content\/uploads\/2022\/11\/lady-in-red-shirt-300x200.jpg 300w, https:\/\/staging.totara.fortyapp.com\/wp-content\/uploads\/2022\/11\/lady-in-red-shirt-768x512.jpg 768w\"\n            sizes=\"auto, (max-width: 400px) 100vw, 400px\"\n          \/>\n        <\/div>\n          <\/div>\n    <div class=\"cf-detailsWrapper\">\n      <div class='cf-details'>\n                  <h2 class='cf-title'><span><span style=\"color: #07262a;\">Toma el curso de Coaching en nuestra Academia o ve el siguiente video.<\/span>\n<\/span><\/h2>\n                                  <div class='cf-description'>\n            .\n          <\/div>\n                          <div class='cf-cta'>\n            \n<a id=\"\" class=\"button-link \" target=\"\" href=\"https:\/\/totara.community\/course\/view.php?id=644\">\n  <span class='container darkPrimaryTheme'>\n    <div><\/div>\n    <div><\/div>\n    <div class='contents'>\n      <span>Registrate para tomar el curso<\/span>\n          <\/div>\n  <\/span>\n<\/a>          <\/div>\n              <\/div>\n    <\/div>\n  <\/div>\n<\/div>\n\n\n<div class='cta-block-container  themeLightBlue '>\n  <div class='cta-wrapper'>\n    <img decoding=\"async\" \n      class='cta-image'\n      loading='lazy'\n      src=\"https:\/\/staging.totara.fortyapp.com\/wp-content\/themes\/totara\/assets\/images\/bg-cta-light-blue.png\"\n      alt='Background pattern'\n      sizes=(min-width: 1440px) 1440px, 100vw      layout='fill'\n      objectFit='cover'\n    \/>\n    <div class='cta-details'>\n              <h2 class='cta-title'><p id=\"tw-target-text\" class=\"tw-data-text tw-text-large tw-ta\" dir=\"ltr\" data-placeholder=\"Translation\" data-ved=\"2ahUKEwj8sMGnlpuLAxWul4kEHVHiAiwQ3ewLegQIBxAV\" aria-label=\"Translated text: Realice nuestro curso de Coaching en la Academia o mire el video a continuaci\u00f3n:\"><span class=\"Y2IQFc\" lang=\"es\" style=\"color: #07262a;\">Realice nuestro curso de Coaching en la Academia o mire el video a continuaci\u00f3n:<\/span><\/p>\n<\/h2>\n                    <div class='cta-buttons'>\n                      \n<a id=\"\" class=\"button-link \" target=\"\" href=\"https:\/\/totara.community\/course\/view.php?id=644\">\n  <span class='container lightPrimaryTheme'>\n    <div><\/div>\n    <div><\/div>\n    <div class='contents'>\n      <span>Login to take the course<\/span>\n          <\/div>\n  <\/span>\n<\/a>                    \n        <\/div>\n                <\/div>\n  <\/div>\n<\/div>\n\n\n<div class='media-block-container'>\n  <div class='wrapper'>\n          <div class='videoWrapper'>\n        <div>\n          <iframe\n            id='iframe7'\n            class='embed'\n            src='https:\/\/www.youtube.com\/embed\/AX7M3eOpD9s?autoplay=0&#038;mute=1'\n            title='YouTube video player'\n            allow=\"accelerometer; autoplay; clipboard-write; encrypted-media; gyroscope; picture-in-picture\"\n            allowFullScreen\n          ><\/iframe>\n        <\/div>\n        <div id='thumbnail-container'>\n                      <img decoding=\"async\" \n              loading='lazy'\n              class='videoThumbnail'\n              src=\"https:\/\/staging.totara.fortyapp.com\/wp-content\/uploads\/2022\/12\/Screen-Shot-2022-12-03-at-12.42.04-PM-1024x583.png\"  \n              alt=\"\"\n              srcset=\"https:\/\/staging.totara.fortyapp.com\/wp-content\/uploads\/2022\/12\/Screen-Shot-2022-12-03-at-12.42.04-PM.png 1678w, https:\/\/staging.totara.fortyapp.com\/wp-content\/uploads\/2022\/12\/Screen-Shot-2022-12-03-at-12.42.04-PM-300x171.png 300w, https:\/\/staging.totara.fortyapp.com\/wp-content\/uploads\/2022\/12\/Screen-Shot-2022-12-03-at-12.42.04-PM-1024x583.png 1024w, https:\/\/staging.totara.fortyapp.com\/wp-content\/uploads\/2022\/12\/Screen-Shot-2022-12-03-at-12.42.04-PM-768x438.png 768w, https:\/\/staging.totara.fortyapp.com\/wp-content\/uploads\/2022\/12\/Screen-Shot-2022-12-03-at-12.42.04-PM-1536x875.png 1536w\"\n              sizes=\"(max-width: 1053px) 100vw, 1053px\"\n            \/>\n                    \n<a id=\"videoEmbedButton7\" class=\"button-link largeSize\" target=\"\" href=\"\">\n  <span class='container darkPrimaryTheme'>\n    <div><\/div>\n    <div><\/div>\n    <div class='contents'>\n      <span>Play video<\/span>\n      <svg width=\"20\" height=\"20\" viewBox=\"0 0 20 20\" fill=\"#2C9892\" xmlns=\"http:\/\/www.w3.org\/2000\/svg\">\n        <path fillRule=\"evenodd\" clip-rule=\"evenodd\" d=\"M2 10C2 9.58579 2.33579 9.25 2.75 9.25L15.3879 9.25L10.2302 4.29062C9.93159 4.00353 9.92228 3.52875 10.2094 3.23017C10.4965 2.93159 10.9713 2.92228 11.2698 3.20937L17.7698 9.45937C17.9169 9.60078 18 9.79599 18 10C18 10.204 17.9169 10.3992 17.7698 10.5406L11.2698 16.7906C10.9713 17.0777 10.4965 17.0684 10.2094 16.7698C9.92228 16.4713 9.93159 15.9965 10.2302 15.7094L15.3879 10.75L2.75 10.75C2.33579 10.75 2 10.4142 2 10Z\" \/>\n        <\/svg>    <\/div>\n  <\/span>\n<\/a>        <\/div>\n      <\/div>\n      <\/div>\n<\/div>\n\n<script>\n  let button = document.getElementById('videoEmbedButton7');\n  let thumbnailContainer = document.getElementById('thumbnail-container');\n  let iframe = document.getElementById('iframe7');\n  let videoURL = 'https:\/\/www.youtube.com\/embed\/AX7M3eOpD9s';\n\n  if (button) {\n    button.addEventListener('click', function(e) {\n      e.preventDefault();\n      thumbnailContainer.style.display = 'none';\n      iframe.src = `${videoURL}?autoplay=1&mute=0`;\n    });\n  }\n<\/script>\n\n\n<div class='newsletter-hubspot-container themeMidBlue padding-no'>\n  <div class='wrapper'>\n          <div class='image-wrapper'>\n                  <img decoding=\"async\"\n            class='image'\n            loading='lazy'\n            alt=\"Background pattern\" \n            src=\"https:\/\/staging.totara.fortyapp.com\/wp-content\/themes\/totara\/assets\/images\/bg-cta-mid-blue.png\"\n            sizes=\"(min-width: 1440px) 708px, (min-width: 768px) 50vw, 100vw\"\n          \/>\n              <\/div>\n    \n    <div class='content-wrapper'>\n              <div class='heading-container'>\n                      <h2 class='title fontLight'>Reg\u00edstrate para recibir el bolet\u00edn de Totara<\/h2>\n                                <div class='description fontLight'>Mant\u00e9nte actualizado con las \u00faltimas noticias, actualizaciones de productos y eventos de Totara.\n<\/div>\n                  <\/div>\n            <div class='form-wrapper grey-background-no'>\n                            <div id=\"hubspot-form-container\">\n            \n\t\t\t\t\t<script>\n\t\t\t\t\t\twindow.hsFormsOnReady = window.hsFormsOnReady || [];\n\t\t\t\t\t\twindow.hsFormsOnReady.push(()=>{\n\t\t\t\t\t\t\thbspt.forms.create({\n\t\t\t\t\t\t\t\tportalId: 3415253,\n\t\t\t\t\t\t\t\tformId: \"ba4b1615-0dd1-4d73-a9d9-7661fdb3acf9\",\n\t\t\t\t\t\t\t\ttarget: \"#hbspt-form-1775956341000-1510389996\",\n\t\t\t\t\t\t\t\tregion: \"na1\",\n\t\t\t\t\t\t\t\t\n\t\t\t\t\t\t})});\n\t\t\t\t\t<\/script>\n\t\t\t\t\t<div class=\"hbspt-form\" id=\"hbspt-form-1775956341000-1510389996\"><\/div>          <\/div>\n          <div id=\"hubspot-fallback-message\" style=\"display: none; padding: 20px; background-color: #f8f9fa; border: 1px solid #dee2e6; border-radius: 8px;\">\n            <p style=\"margin: 0; font-size: 14px;\">\n              This form may be blocked by your browser&#8217;s privacy settings (e.g., Firefox Enhanced Tracking Protection). Please email us at <a href=\"mailto:marketing@totara.com\" style=\"color: #007ab8; text-decoration: none;\">marketing@totara.com<\/a>.\n            <\/p>\n          <\/div>\n                      <\/div>\n    <\/div>\n  <\/div>\n<\/div>\n\n<script>\n  \/\/If the form has a dynamic content field for hubspot automation workflows, it will grab that ACF value and plop it inside of the embedded iframe form\n  jQuery(document).ready(function ($) {\n    let formDetected = false;\n    let fallbackShown = false;\n\n    \/\/ Function to check for HubSpot form and show fallback if needed\n    function checkForHubSpotForm() {\n      const hubspotContainer = document.getElementById('hubspot-form-container');\n      const fallbackMessage = document.getElementById('hubspot-fallback-message');\n      \n      if (!hubspotContainer || !fallbackMessage || fallbackShown) {\n        return;\n      }\n\n      \/\/ Check for various HubSpot form elements\n      const hsForm = hubspotContainer.querySelector('.hs-form');\n      const hsIframe = hubspotContainer.querySelector('.hs-form-iframe');\n      const hsScript = hubspotContainer.querySelector('script[src*=\"js.hsforms.net\"]');\n      const hasHubSpotContent = hubspotContainer.innerHTML.trim().length > 0;\n\n      if (hsForm || hsIframe || hsScript) {\n        formDetected = true;\n      } else if (hasHubSpotContent && !formDetected) {\n        \/\/ If there's content but no recognizable HubSpot elements after timeout, show fallback\n        setTimeout(function() {\n          if (!formDetected && !fallbackShown) {\n            fallbackMessage.style.display = 'block';\n            hubspotContainer.style.display = 'none';\n            fallbackShown = true;\n          }\n        }, 2000);\n      } else if (!hasHubSpotContent) {\n        \/\/ If container is completely empty, show fallback immediately\n        fallbackMessage.style.display = 'block';\n        hubspotContainer.style.display = 'none';\n        fallbackShown = true;\n      }\n    }\n\n    \/\/ Initial check\n    setTimeout(checkForHubSpotForm, 1000);\n    \n    \/\/ Additional checks at intervals\n    setTimeout(checkForHubSpotForm, 3000);\n\n    setTimeout(function() {\n      const fieldElement = document.querySelector('input[name=lead_source_description]');\n      let iframe = document.querySelector('.hs-form-iframe');\n\n      if (iframe && iframe?.contentWindow) {\n        let iframeDocument = iframe.contentWindow.document;\n        let input = iframeDocument.querySelector('input[name=lead_source_description]');\n        if (input) {\n          input.value = 'Culture of Coaching';\n        }\n      }\n    }, 5000);\n  });\n<\/script>","protected":false},"excerpt":{"rendered":"","protected":false},"author":7,"featured_media":0,"parent":0,"menu_order":14,"comment_status":"closed","ping_status":"closed","template":"","meta":{"_acf_changed":false,"content-type":"","footnotes":""},"tax\/tags":[634,1376],"tax\/topics":[553],"class_list":["post-37292","page","type-page","status-publish","hentry"],"acf":[],"_links":{"self":[{"href":"https:\/\/staging.totara.fortyapp.com\/es\/wp-json\/wp\/v2\/pages\/37292","targetHints":{"allow":["GET"]}}],"collection":[{"href":"https:\/\/staging.totara.fortyapp.com\/es\/wp-json\/wp\/v2\/pages"}],"about":[{"href":"https:\/\/staging.totara.fortyapp.com\/es\/wp-json\/wp\/v2\/types\/page"}],"author":[{"embeddable":true,"href":"https:\/\/staging.totara.fortyapp.com\/es\/wp-json\/wp\/v2\/users\/7"}],"replies":[{"embeddable":true,"href":"https:\/\/staging.totara.fortyapp.com\/es\/wp-json\/wp\/v2\/comments?post=37292"}],"version-history":[{"count":2,"href":"https:\/\/staging.totara.fortyapp.com\/es\/wp-json\/wp\/v2\/pages\/37292\/revisions"}],"predecessor-version":[{"id":65427,"href":"https:\/\/staging.totara.fortyapp.com\/es\/wp-json\/wp\/v2\/pages\/37292\/revisions\/65427"}],"wp:attachment":[{"href":"https:\/\/staging.totara.fortyapp.com\/es\/wp-json\/wp\/v2\/media?parent=37292"}],"wp:term":[{"taxonomy":"tag","embeddable":true,"href":"https:\/\/staging.totara.fortyapp.com\/es\/wp-json\/wp\/v2\/tax\/tags?post=37292"},{"taxonomy":"topic","embeddable":true,"href":"https:\/\/staging.totara.fortyapp.com\/es\/wp-json\/wp\/v2\/tax\/topics?post=37292"}],"curies":[{"name":"wp","href":"https:\/\/api.w.org\/{rel}","templated":true}]}}