{"id":37288,"date":"2022-11-16T03:19:30","date_gmt":"2022-11-16T03:19:30","guid":{"rendered":"https:\/\/staging.totara.fortyapp.com\/engaging-learning-experiences\/"},"modified":"2024-08-13T11:26:57","modified_gmt":"2024-08-13T11:26:57","slug":"experiencias-aprendizaje-estimulante","status":"publish","type":"page","link":"https:\/\/staging.totara.fortyapp.com\/es\/experiencias-aprendizaje-estimulante\/","title":{"rendered":"Experiencias de aprendizaje estimulantes"},"content":{"rendered":"\n<div class='standard-header-container themeTeal ' style=\"\">\n  <div class='backgroundImageWrapper'>\n    <img decoding=\"async\"\n      class='backgroundImage' \n      loading=\"lazy\"\n      src=\"https:\/\/staging.totara.fortyapp.com\/wp-content\/themes\/totara\/assets\/images\/bg-standard-hero-teal.png\"  \n      sizes=\"100vw\"\n      alt=\"Background pattern\"\n    \/>\n  <\/div>\n  <div class='wrapper'>\n    <div class='detailsWrapper'>\n      <div class='details'>\n                          <h1 class='title  '><span style=\"font-weight: 400\">Experiencias de aprendizaje estimulantes<\/span>\n<\/h1>\n                          <p class='description '>Ayuda a tu equipo a dar todo su potencial<\/p>\n                      <\/div>\n    <\/div>\n    \n          <div class='images numberOfImages1'>\n              <div class='imageWrapper'>\n          <div class='image-container' style='padding-bottom: calc(100% \/ (464 \/ 343));'>\n                          <img decoding=\"async\" \n                class='image'\n                loading=\"lazy\"\n                src=\"https:\/\/staging.totara.fortyapp.com\/wp-content\/uploads\/2022\/11\/GettyImages-687776051-768x512.jpg\"  \n                alt=\"\"\n                srcset=\"https:\/\/staging.totara.fortyapp.com\/wp-content\/uploads\/2022\/11\/GettyImages-687776051-768x512.jpg 768w, https:\/\/staging.totara.fortyapp.com\/wp-content\/uploads\/2022\/11\/GettyImages-687776051-300x200.jpg 300w, https:\/\/staging.totara.fortyapp.com\/wp-content\/uploads\/2022\/11\/GettyImages-687776051-1024x683.jpg 1024w, https:\/\/staging.totara.fortyapp.com\/wp-content\/uploads\/2022\/11\/GettyImages-687776051-1536x1024.jpg 1536w, https:\/\/staging.totara.fortyapp.com\/wp-content\/uploads\/2022\/11\/GettyImages-687776051-2048x1365.jpg 2048w\"\n                sizes=\"(max-width: 768px) 100vw, 768px\"\n              \/>\n                      <\/div>\n        <\/div>\n            <\/div>\n        \n  <\/div>\n<\/div>\n\n\n<div class=\"feature-text-block-container themeTeal\">\n  <div class=\"wrapper\">\n          <div class='text'>\n        Las personas aprenden mejor con experiencias personalizadas. Adem\u00e1s, automatizar los procesos puede simplificar el back-end. Escoge Totara para tener<strong> un mejor y m\u00e1s f\u00e1cil control administrativo.<\/strong>\n      <\/div>\n      <\/div>\n<\/div>\n\n\n<div class=\"content-grid-container\">\n            <div class=\"gridTile centered- has-light-grey-background-color\">\n                  <img decoding=\"async\" \n            src=\"https:\/\/staging.totara.fortyapp.com\/wp-content\/uploads\/2022\/11\/geometry-2-01.png\"\n            alt=\"\"\n            loading=\"lazy\"\n          \/>\n                          <h3 class=\"title has-dark-color\">Expresa tu marca<\/h3>\n                          <div class=\"description has-dark-color\">Escoge el dise\u00f1o de tu sitio en Totara para que se adapte a las necesidades de tu marca mediante una configuraci\u00f3n sencilla y una personalizaci\u00f3n detallada.\n<\/div>\n                      <\/div>\n          <div class=\"gridTile centered- has-light-grey-background-color\">\n                  <img decoding=\"async\" \n            src=\"https:\/\/staging.totara.fortyapp.com\/wp-content\/uploads\/2022\/11\/b-meeting20-01.png\"\n            alt=\"\"\n            loading=\"lazy\"\n          \/>\n                          <h3 class=\"title has-dark-color\">Combina el aprendizaje formal e informal<\/h3>\n                          <div class=\"description has-dark-color\">No todo el aprendizaje se da en cursos. Propicia la colaboraci\u00f3n social para involucrar al personal..\n<\/div>\n                      <\/div>\n          <div class=\"gridTile centered- has-light-grey-background-color\">\n                  <img decoding=\"async\" \n            src=\"https:\/\/staging.totara.fortyapp.com\/wp-content\/uploads\/2022\/11\/info-point-2-01.png\"\n            alt=\"\"\n            loading=\"lazy\"\n          \/>\n                          <h3 class=\"title has-dark-color\">Enf\u00f3cate en las necesidades de los participantes de tus cursos<\/h3>\n                          <div class=\"description has-dark-color\">Las audiencias din\u00e1micas facilitan a los participantes saber qu\u00e9 tienen que hacer y a los administradores les ayuda a lograrlo.\n<\/div>\n                      <\/div>\n          <div class=\"gridTile centered- has-light-grey-background-color\">\n                  <img decoding=\"async\" \n            src=\"https:\/\/staging.totara.fortyapp.com\/wp-content\/uploads\/2022\/11\/books-2-01.png\"\n            alt=\"\"\n            loading=\"lazy\"\n          \/>\n                          <h3 class=\"title has-dark-color\">Utiliza las herramientas adecuadas<\/h3>\n                          <div class=\"description has-dark-color\">Combina los m\u00e9todos y tipos de aprendizaje en funci\u00f3n de tu contenido y las habilidades que tu equipo necesita.\n<\/div>\n                      <\/div>\n      <\/div>\n\n\n<div class='text-block-container MobileAlignment DesktopAlignment'>\n  <div class='wrapper'>\n    <div class='richText'>\n      <h4><span style=\"color: #36bcaf;\"><strong>How to engage an isolated and remote workforce with collaborative learning<\/strong><\/span><\/h4>\n    <\/div>\n      <\/div>\n<\/div>\n\n\n<div class='media-block-container'>\n  <div class='wrapper'>\n          <div class='videoWrapper'>\n        <div>\n          <iframe\n            id='iframe9'\n            class='embed'\n            src='https:\/\/www.youtube.com\/embed\/zy8CvZkZiNE?autoplay=0&#038;mute=1'\n            title='YouTube video player'\n            allow=\"accelerometer; autoplay; clipboard-write; encrypted-media; gyroscope; picture-in-picture\"\n            allowFullScreen\n          ><\/iframe>\n        <\/div>\n        <div id='thumbnail-container'>\n                      <img decoding=\"async\" \n              loading='lazy'\n              class='videoThumbnail'\n              src=\"https:\/\/staging.totara.fortyapp.com\/wp-content\/uploads\/2024\/08\/webinar-brandon-hall-1024x576.png\"  \n              alt=\"\"\n              srcset=\"https:\/\/staging.totara.fortyapp.com\/wp-content\/uploads\/2024\/08\/webinar-brandon-hall.png 2560w, https:\/\/staging.totara.fortyapp.com\/wp-content\/uploads\/2024\/08\/webinar-brandon-hall-300x169.png 300w, https:\/\/staging.totara.fortyapp.com\/wp-content\/uploads\/2024\/08\/webinar-brandon-hall-1024x576.png 1024w, https:\/\/staging.totara.fortyapp.com\/wp-content\/uploads\/2024\/08\/webinar-brandon-hall-768x432.png 768w, https:\/\/staging.totara.fortyapp.com\/wp-content\/uploads\/2024\/08\/webinar-brandon-hall-1536x864.png 1536w, https:\/\/staging.totara.fortyapp.com\/wp-content\/uploads\/2024\/08\/webinar-brandon-hall-2048x1152.png 2048w\"\n              sizes=\"(max-width: 1067px) 100vw, 1067px\"\n            \/>\n                    \n<a id=\"videoEmbedButton9\" class=\"button-link largeSize\" target=\"\" href=\"\">\n  <span class='container darkPrimaryTheme'>\n    <div><\/div>\n    <div><\/div>\n    <div class='contents'>\n      <span>Play video<\/span>\n      <svg width=\"20\" height=\"20\" viewBox=\"0 0 20 20\" fill=\"#2C9892\" xmlns=\"http:\/\/www.w3.org\/2000\/svg\">\n        <path fillRule=\"evenodd\" clip-rule=\"evenodd\" d=\"M2 10C2 9.58579 2.33579 9.25 2.75 9.25L15.3879 9.25L10.2302 4.29062C9.93159 4.00353 9.92228 3.52875 10.2094 3.23017C10.4965 2.93159 10.9713 2.92228 11.2698 3.20937L17.7698 9.45937C17.9169 9.60078 18 9.79599 18 10C18 10.204 17.9169 10.3992 17.7698 10.5406L11.2698 16.7906C10.9713 17.0777 10.4965 17.0684 10.2094 16.7698C9.92228 16.4713 9.93159 15.9965 10.2302 15.7094L15.3879 10.75L2.75 10.75C2.33579 10.75 2 10.4142 2 10Z\" \/>\n        <\/svg>    <\/div>\n  <\/span>\n<\/a>        <\/div>\n      <\/div>\n      <\/div>\n<\/div>\n\n<script>\n  let button = document.getElementById('videoEmbedButton9');\n  let thumbnailContainer = document.getElementById('thumbnail-container');\n  let iframe = document.getElementById('iframe9');\n  let videoURL = 'https:\/\/www.youtube.com\/embed\/zy8CvZkZiNE';\n\n  if (button) {\n    button.addEventListener('click', function(e) {\n      e.preventDefault();\n      thumbnailContainer.style.display = 'none';\n      iframe.src = `${videoURL}?autoplay=1&mute=0`;\n    });\n  }\n<\/script>\n\n\n<div class=\"content-feature-container themeOrange rightDirection threeQuartersSize\">\n  <div class='cf-wrapper'>\n    <div class='cf-images'>\n              <div class='cf-featureImage'>\n          <img decoding=\"async\"\n            loading=\"lazy\" \n            class=\"image\"\n            width=\"350\"\n            height=\"200\"\n            src=\"https:\/\/staging.totara.fortyapp.com\/wp-content\/uploads\/2022\/11\/Meredith-Henson_Picture-2022.jpg\"  \n            alt=\"\"\n            srcset=\"https:\/\/staging.totara.fortyapp.com\/wp-content\/uploads\/2022\/11\/Meredith-Henson_Picture-2022.jpg 350w, https:\/\/staging.totara.fortyapp.com\/wp-content\/uploads\/2022\/11\/Meredith-Henson_Picture-2022-300x171.jpg 300w\"\n            sizes=\"auto, (max-width: 350px) 100vw, 350px\"\n          \/>\n        <\/div>\n          <\/div>\n    <div class=\"cf-detailsWrapper\">\n      <div class='cf-details'>\n                  <h2 class='cf-title'><span><strong>Creating an adaptive learning experience<\/strong>\n<\/span><\/h2>\n                          <p class='cf-label'>Webinar<\/p>\n                          <div class='cf-description'>\n            Watch our webinar with Meredith Henson, Head of Partner Success at Totara.\n          <\/div>\n                          <div class='cf-cta'>\n            \n<a id=\"\" class=\"button-link \" target=\"\" href=\"https:\/\/www.youtube.com\/watch?v=T9CXzZXbn90&#038;t=45s\">\n  <span class='container darkPrimaryTheme'>\n    <div><\/div>\n    <div><\/div>\n    <div class='contents'>\n      <span>Learn more<\/span>\n          <\/div>\n  <\/span>\n<\/a>          <\/div>\n              <\/div>\n    <\/div>\n  <\/div>\n<\/div>\n\n\n<div class='text-block-container MobileAlignment DesktopAlignment'>\n  <div class='wrapper'>\n    <div class='richText'>\n      <div class=\"themeTeal TextBlock_container__ONZIW TextBlock_autoMobileAlignment__c4jhu TextBlock_autoDesktopAlignment__CXwi5 \">\n<div class=\"TextBlock_wrapper__5UJ3a\">\n<div class=\"TextBlock_richText__FoNCI\">\n<h4>Herramientas de Totara para estimular a los participantes de tus cursos<\/h4>\n<\/div>\n<\/div>\n<\/div>\n<div class=\"ContentGridBlock_container__bqoM0 \"><\/div>\n    <\/div>\n      <\/div>\n<\/div>\n\n\n<div class=\"content-grid-container\">\n            <div class=\"gridTile centered- has-light-grey-background-color\">\n                  <img decoding=\"async\" \n            src=\"https:\/\/staging.totara.fortyapp.com\/wp-content\/uploads\/2024\/08\/profile-2-01.webp\"\n            alt=\"\"\n            loading=\"lazy\"\n          \/>\n                          <h3 class=\"title has-dark-color\">Experiencias personalizadas<\/h3>\n                          <div class=\"description has-dark-color\">Utiliza las audiencias din\u00e1micas de Totara para adaptar la experiencia de aprendizaje a cada individuo, sin rebasar tu presupuesto.\n<\/div>\n                      <\/div>\n          <div class=\"gridTile centered- has-light-grey-background-color\">\n                  <img decoding=\"async\" \n            src=\"https:\/\/staging.totara.fortyapp.com\/wp-content\/uploads\/2024\/08\/hierarchy-2-01.webp\"\n            alt=\"\"\n            loading=\"lazy\"\n          \/>\n                          <h3 class=\"title has-dark-color\">Rutas de aprendizaje<\/h3>\n                          <div class=\"description has-dark-color\">Traza el camino a seguir creando planes de aprendizaje, vinculando los objetivos de aprendizaje con las competencias deseadas y combinando los cursos de tus programas y certificaciones.\n<\/div>\n                      <\/div>\n          <div class=\"gridTile centered- has-light-grey-background-color\">\n                  <img decoding=\"async\" \n            src=\"https:\/\/staging.totara.fortyapp.com\/wp-content\/uploads\/2022\/11\/device-connection-2-01.png\"\n            alt=\"\"\n            loading=\"lazy\"\n          \/>\n                          <h3 class=\"title has-dark-color\">Adquiere la combinaci\u00f3n adecuada<\/h3>\n                          <div class=\"description has-dark-color\">Apoya las capacitaciones a cargo de un instructor con aulas virtuales y aprendizaje digital aut\u00f3nomo, todo en un mismo lugar. Utiliza los seminarios para gestionar el proceso de aprendizaje en tiempo real de principio a fin. Integra herramientas de aula virtual, como Zoom y Microsoft Teams.\n<\/div>\n                      <\/div>\n          <div class=\"gridTile centered- has-light-grey-background-color\">\n                  <img decoding=\"async\" \n            src=\"https:\/\/staging.totara.fortyapp.com\/wp-content\/uploads\/2024\/07\/successful-check-ins.png\"\n            alt=\"\"\n            loading=\"lazy\"\n          \/>\n                          <h3 class=\"title has-dark-color\">Fomenta el aprendizaje colaborativo<\/h3>\n                          <div class=\"description has-dark-color\">Permite que los aprendices se ayuden mutuamente creando sus propios recursos, desarrollando y compartiendo listas de reproducci\u00f3n y haciendo aportes en los debates.\n<\/div>\n                      <\/div>\n          <div class=\"gridTile centered- has-light-grey-background-color\">\n                  <img decoding=\"async\" \n            src=\"https:\/\/staging.totara.fortyapp.com\/wp-content\/uploads\/2022\/11\/book-open-2-01.png\"\n            alt=\"\"\n            loading=\"lazy\"\n          \/>\n                          <h3 class=\"title has-dark-color\">Profundiza en los contenidos<\/h3>\n                          <div class=\"description has-dark-color\">Aprovecha las bibliotecas de aprendizaje como Go1 y LinkedIn Learning directamente en tu p\u00e1gina de Totara.\n<\/div>\n                      <\/div>\n          <div class=\"gridTile centered- has-light-grey-background-color\">\n                  <img decoding=\"async\" \n            src=\"https:\/\/staging.totara.fortyapp.com\/wp-content\/uploads\/2022\/11\/share-2-01.png\"\n            alt=\"\"\n            loading=\"lazy\"\n          \/>\n                          <h3 class=\"title has-dark-color\">Aprendizaje en cualquier momento y en cualquier lugar<\/h3>\n                          <div class=\"description has-dark-color\">Permite que tu personal lleve sus conocimientos a cualquier lugar a trav\u00e9s de la aplicaci\u00f3n m\u00f3vil de Totara, que incluye nuestro reproductor SCORM, que trabaja sin conexi\u00f3n.\n<\/div>\n                      <\/div>\n      <\/div>\n\n\n<div class=\"content-feature-container themeTeal leftDirection fullSize\">\n  <div class='cf-wrapper'>\n    <div class='cf-images'>\n              <div class='cf-featureImage'>\n          <img decoding=\"async\"\n            loading=\"lazy\" \n            class=\"image\"\n            width=\"834\"\n            height=\"334\"\n            src=\"https:\/\/staging.totara.fortyapp.com\/wp-content\/uploads\/2022\/12\/watts_course-catalogue_image-768x308.jpeg\"  \n            alt=\"\"\n            srcset=\"https:\/\/staging.totara.fortyapp.com\/wp-content\/uploads\/2022\/12\/watts_course-catalogue_image.jpeg 834w, https:\/\/staging.totara.fortyapp.com\/wp-content\/uploads\/2022\/12\/watts_course-catalogue_image-300x120.jpeg 300w, https:\/\/staging.totara.fortyapp.com\/wp-content\/uploads\/2022\/12\/watts_course-catalogue_image-768x308.jpeg 768w\"\n            sizes=\"auto, (max-width: 400px) 100vw, 400px\"\n          \/>\n        <\/div>\n          <\/div>\n    <div class=\"cf-detailsWrapper\">\n      <div class='cf-details'>\n                  <h2 class='cf-title'><span><strong>Descubre la manera en que Watts aument\u00f3 la participaci\u00f3n de sus cursos a trav\u00e9s de la personalizaci\u00f3n y la integraci\u00f3n de juegos (gaming) para el aprendizaje.<\/strong>\n<\/span><\/h2>\n                          <p class='cf-label'>Featured Totara Community content<\/p>\n                                  <div class='cf-cta'>\n            \n<a id=\"\" class=\"button-link \" target=\"\" href=\"https:\/\/totara.community\/totara\/engage\/resources\/article\/index.php?id=352&#038;source=ct.orderbykey%3Dfeatured%26itemstyle%3Dnarrow\">\n  <span class='container darkPrimaryTheme'>\n    <div><\/div>\n    <div><\/div>\n    <div class='contents'>\n      <span>Aprende m\u00e1s<\/span>\n          <\/div>\n  <\/span>\n<\/a>          <\/div>\n              <\/div>\n    <\/div>\n  <\/div>\n<\/div>\n\n\n<div class='newsletter-hubspot-container themeMidBlue padding-no'>\n  <div class='wrapper'>\n          <div class='image-wrapper'>\n                  <img decoding=\"async\"\n            class='image'\n            loading='lazy'\n            alt=\"Background pattern\" \n            src=\"https:\/\/staging.totara.fortyapp.com\/wp-content\/themes\/totara\/assets\/images\/bg-cta-mid-blue.png\"\n            sizes=\"(min-width: 1440px) 708px, (min-width: 768px) 50vw, 100vw\"\n          \/>\n              <\/div>\n    \n    <div class='content-wrapper'>\n              <div class='heading-container'>\n                      <h2 class='title fontLight'>Reg\u00edstrate para recibir el bolet\u00edn de Totara<\/h2>\n                                <div class='description fontLight'>Mant\u00e9nte actualizado con las \u00faltimas noticias, actualizaciones de productos y eventos de Totara.\n<\/div>\n                  <\/div>\n            <div class='form-wrapper grey-background-no'>\n                            <div id=\"hubspot-form-container\">\n            \n\t\t\t\t\t<script>\n\t\t\t\t\t\twindow.hsFormsOnReady = window.hsFormsOnReady || [];\n\t\t\t\t\t\twindow.hsFormsOnReady.push(()=>{\n\t\t\t\t\t\t\thbspt.forms.create({\n\t\t\t\t\t\t\t\tportalId: 3415253,\n\t\t\t\t\t\t\t\tformId: \"ba4b1615-0dd1-4d73-a9d9-7661fdb3acf9\",\n\t\t\t\t\t\t\t\ttarget: \"#hbspt-form-1775976769000-2294386648\",\n\t\t\t\t\t\t\t\tregion: \"na1\",\n\t\t\t\t\t\t\t\t\n\t\t\t\t\t\t})});\n\t\t\t\t\t<\/script>\n\t\t\t\t\t<div class=\"hbspt-form\" id=\"hbspt-form-1775976769000-2294386648\"><\/div>          <\/div>\n          <div id=\"hubspot-fallback-message\" style=\"display: none; padding: 20px; background-color: #f8f9fa; border: 1px solid #dee2e6; border-radius: 8px;\">\n            <p style=\"margin: 0; font-size: 14px;\">\n              This form may be blocked by your browser&#8217;s privacy settings (e.g., Firefox Enhanced Tracking Protection). Please email us at <a href=\"mailto:marketing@totara.com\" style=\"color: #007ab8; text-decoration: none;\">marketing@totara.com<\/a>.\n            <\/p>\n          <\/div>\n                      <\/div>\n    <\/div>\n  <\/div>\n<\/div>\n\n<script>\n  \/\/If the form has a dynamic content field for hubspot automation workflows, it will grab that ACF value and plop it inside of the embedded iframe form\n  jQuery(document).ready(function ($) {\n    let formDetected = false;\n    let fallbackShown = false;\n\n    \/\/ Function to check for HubSpot form and show fallback if needed\n    function checkForHubSpotForm() {\n      const hubspotContainer = document.getElementById('hubspot-form-container');\n      const fallbackMessage = document.getElementById('hubspot-fallback-message');\n      \n      if (!hubspotContainer || !fallbackMessage || fallbackShown) {\n        return;\n      }\n\n      \/\/ Check for various HubSpot form elements\n      const hsForm = hubspotContainer.querySelector('.hs-form');\n      const hsIframe = hubspotContainer.querySelector('.hs-form-iframe');\n      const hsScript = hubspotContainer.querySelector('script[src*=\"js.hsforms.net\"]');\n      const hasHubSpotContent = hubspotContainer.innerHTML.trim().length > 0;\n\n      if (hsForm || hsIframe || hsScript) {\n        formDetected = true;\n      } else if (hasHubSpotContent && !formDetected) {\n        \/\/ If there's content but no recognizable HubSpot elements after timeout, show fallback\n        setTimeout(function() {\n          if (!formDetected && !fallbackShown) {\n            fallbackMessage.style.display = 'block';\n            hubspotContainer.style.display = 'none';\n            fallbackShown = true;\n          }\n        }, 2000);\n      } else if (!hasHubSpotContent) {\n        \/\/ If container is completely empty, show fallback immediately\n        fallbackMessage.style.display = 'block';\n        hubspotContainer.style.display = 'none';\n        fallbackShown = true;\n      }\n    }\n\n    \/\/ Initial check\n    setTimeout(checkForHubSpotForm, 1000);\n    \n    \/\/ Additional checks at intervals\n    setTimeout(checkForHubSpotForm, 3000);\n\n    setTimeout(function() {\n      const fieldElement = document.querySelector('input[name=lead_source_description]');\n      let iframe = document.querySelector('.hs-form-iframe');\n\n      if (iframe && iframe?.contentWindow) {\n        let iframeDocument = iframe.contentWindow.document;\n        let input = iframeDocument.querySelector('input[name=lead_source_description]');\n        if (input) {\n          input.value = 'Engaging Learning Experiences';\n        }\n      }\n    }, 5000);\n  });\n<\/script>","protected":false},"excerpt":{"rendered":"","protected":false},"author":7,"featured_media":0,"parent":0,"menu_order":20,"comment_status":"closed","ping_status":"closed","template":"","meta":{"_acf_changed":false,"content-type":"","footnotes":""},"tax\/tags":[648,649],"tax\/topics":[],"class_list":["post-37288","page","type-page","status-publish","hentry"],"acf":[],"_links":{"self":[{"href":"https:\/\/staging.totara.fortyapp.com\/es\/wp-json\/wp\/v2\/pages\/37288","targetHints":{"allow":["GET"]}}],"collection":[{"href":"https:\/\/staging.totara.fortyapp.com\/es\/wp-json\/wp\/v2\/pages"}],"about":[{"href":"https:\/\/staging.totara.fortyapp.com\/es\/wp-json\/wp\/v2\/types\/page"}],"author":[{"embeddable":true,"href":"https:\/\/staging.totara.fortyapp.com\/es\/wp-json\/wp\/v2\/users\/7"}],"replies":[{"embeddable":true,"href":"https:\/\/staging.totara.fortyapp.com\/es\/wp-json\/wp\/v2\/comments?post=37288"}],"version-history":[{"count":2,"href":"https:\/\/staging.totara.fortyapp.com\/es\/wp-json\/wp\/v2\/pages\/37288\/revisions"}],"predecessor-version":[{"id":60828,"href":"https:\/\/staging.totara.fortyapp.com\/es\/wp-json\/wp\/v2\/pages\/37288\/revisions\/60828"}],"wp:attachment":[{"href":"https:\/\/staging.totara.fortyapp.com\/es\/wp-json\/wp\/v2\/media?parent=37288"}],"wp:term":[{"taxonomy":"tag","embeddable":true,"href":"https:\/\/staging.totara.fortyapp.com\/es\/wp-json\/wp\/v2\/tax\/tags?post=37288"},{"taxonomy":"topic","embeddable":true,"href":"https:\/\/staging.totara.fortyapp.com\/es\/wp-json\/wp\/v2\/tax\/topics?post=37288"}],"curies":[{"name":"wp","href":"https:\/\/api.w.org\/{rel}","templated":true}]}}