{"id":37283,"date":"2022-11-16T02:53:05","date_gmt":"2022-11-16T02:53:05","guid":{"rendered":"https:\/\/staging.totara.fortyapp.com\/extended-enterprise-learning\/"},"modified":"2025-05-15T10:46:00","modified_gmt":"2025-05-15T10:46:00","slug":"aprendizaje-empresas-extendidas","status":"publish","type":"page","link":"https:\/\/staging.totara.fortyapp.com\/es\/aprendizaje-empresas-extendidas\/","title":{"rendered":"Aprendizaje en empresas extendidas"},"content":{"rendered":"\n<div class='standard-header-container themePurple ' style=\"\">\n  <div class='backgroundImageWrapper'>\n    <img decoding=\"async\"\n      class='backgroundImage' \n      loading=\"lazy\"\n      src=\"https:\/\/staging.totara.fortyapp.com\/wp-content\/themes\/totara\/assets\/images\/bg-standard-hero-purple.png\"  \n      sizes=\"100vw\"\n      alt=\"Background pattern\"\n    \/>\n  <\/div>\n  <div class='wrapper'>\n    <div class='detailsWrapper'>\n      <div class='details'>\n                          <h1 class='title  '><span style=\"font-weight: 400\">Aprendizaje en <strong>empresas extendidas<\/strong><\/span>\n<\/h1>\n                          <p class='description '>Conecta tu ecosistema para impulsar colaboraci\u00f3n y crecimiento<\/p>\n                      <\/div>\n    <\/div>\n    \n          <div class='images numberOfImages1'>\n              <div class='imageWrapper'>\n          <div class='image-container' style='padding-bottom: calc(100% \/ (464 \/ 343));'>\n                          <img decoding=\"async\" \n                class='image'\n                loading=\"lazy\"\n                src=\"https:\/\/staging.totara.fortyapp.com\/wp-content\/uploads\/2022\/11\/GettyImages-1166085750-768x512.jpg\"  \n                alt=\"Action learning\"\n                srcset=\"https:\/\/staging.totara.fortyapp.com\/wp-content\/uploads\/2022\/11\/GettyImages-1166085750-768x512.jpg 768w, https:\/\/staging.totara.fortyapp.com\/wp-content\/uploads\/2022\/11\/GettyImages-1166085750-300x200.jpg 300w, https:\/\/staging.totara.fortyapp.com\/wp-content\/uploads\/2022\/11\/GettyImages-1166085750-1024x683.jpg 1024w, https:\/\/staging.totara.fortyapp.com\/wp-content\/uploads\/2022\/11\/GettyImages-1166085750-1536x1024.jpg 1536w, https:\/\/staging.totara.fortyapp.com\/wp-content\/uploads\/2022\/11\/GettyImages-1166085750-2048x1365.jpg 2048w\"\n                sizes=\"(max-width: 768px) 100vw, 768px\"\n              \/>\n                      <\/div>\n        <\/div>\n            <\/div>\n        \n  <\/div>\n<\/div>\n\n\n<div class=\"feature-text-block-container themePurple\">\n  <div class=\"wrapper\">\n          <div class='text'>\n        <span style=\"font-weight: 400;\">Una soluci\u00f3n para las empresas extendidas que ayudan a <strong>reunir a m\u00faltiples audiencias<\/strong>, dentro y fuera de su organizaci\u00f3n.<\/span>\n      <\/div>\n      <\/div>\n<\/div>\n\n\n<div class='text-block-container MobileAlignment DesktopAlignment'>\n  <div class='wrapper'>\n    <div class='richText'>\n      <h5><span style=\"font-weight: 400;\">Utiliza la plataforma de Totara para mantener a los proveedores, partners, contratistas y clientes al d\u00eda.<\/span><\/h5>\n    <\/div>\n      <\/div>\n<\/div>\n\n\n<div class=\"content-grid-container\">\n            <div class=\"gridTile centered- has-light-grey-background-color\">\n                  <img decoding=\"async\" \n            src=\"https:\/\/staging.totara.fortyapp.com\/wp-content\/uploads\/2022\/11\/meeting-2-01.png\"\n            alt=\"\"\n            loading=\"lazy\"\n          \/>\n                          <h3 class=\"title has-dark-color\">Certificaci\u00f3n de contratistas<\/h3>\n                              <\/div>\n          <div class=\"gridTile centered- has-light-grey-background-color\">\n                  <img decoding=\"async\" \n            src=\"https:\/\/staging.totara.fortyapp.com\/wp-content\/uploads\/2022\/11\/logic-2-01.png\"\n            alt=\"\"\n            loading=\"lazy\"\n          \/>\n                          <h3 class=\"title has-dark-color\">Garantiza que los distribuidores tengan un buen conocimiento de los productos<\/h3>\n                              <\/div>\n          <div class=\"gridTile centered- has-light-grey-background-color\">\n                  <img decoding=\"async\" \n            src=\"https:\/\/staging.totara.fortyapp.com\/wp-content\/uploads\/2022\/11\/book-open-2-01.png\"\n            alt=\"\"\n            loading=\"lazy\"\n          \/>\n                          <h3 class=\"title has-dark-color\">Ofrece un programa de educaci\u00f3n para tus clientes<\/h3>\n                              <\/div>\n          <div class=\"gridTile centered- has-light-grey-background-color\">\n                  <img decoding=\"async\" \n            src=\"https:\/\/staging.totara.fortyapp.com\/wp-content\/uploads\/2022\/11\/chart-bar-2-01.png\"\n            alt=\"\"\n            loading=\"lazy\"\n          \/>\n                          <h3 class=\"title has-dark-color\">Mejora la rentabilidad, la garant\u00eda de calidad y la promoci\u00f3n<\/h3>\n                              <\/div>\n          <div class=\"gridTile centered- has-light-grey-background-color\">\n                  <img decoding=\"async\" \n            src=\"https:\/\/staging.totara.fortyapp.com\/wp-content\/uploads\/2022\/11\/store-2-01.png\"\n            alt=\"\"\n            loading=\"lazy\"\n          \/>\n                          <h3 class=\"title has-dark-color\">Amplifica la presencia de tu organizaci\u00f3n en el mercado haciendo que todas las partes interesadas trabajen con una marca y un nivel de servicio unificados<\/h3>\n                              <\/div>\n          <div class=\"gridTile centered- has-light-grey-background-color\">\n                  <img decoding=\"async\" \n            src=\"https:\/\/staging.totara.fortyapp.com\/wp-content\/uploads\/2022\/11\/filter-check-2-01.png\"\n            alt=\"\"\n            loading=\"lazy\"\n          \/>\n                          <h3 class=\"title has-dark-color\">Mant\u00e9n a tu red comprometida y alineada<\/h3>\n                              <\/div>\n      <\/div>\n\n\n<div class='stats-block-container themePurple'>\n  <div class='wrapper'>\n          <h2 class='title'><span style=\"font-weight: 400;\">Confianza global<\/span><b> en todas las escalas<\/b>\n<\/h2>\n        <div class='stats'>\n                        <div class='stat'>\n            <div class='statTitle'>Customers<\/div>\n            <div class='statValue'>1500+<\/div>\n          <\/div>\n                  <div class='stat'>\n            <div class='statTitle'>Users<\/div>\n            <div class='statValue'>21M+<\/div>\n          <\/div>\n                  <div class='stat'>\n            <div class='statTitle'>Countries<\/div>\n            <div class='statValue'>53<\/div>\n          <\/div>\n                  <\/div>\n  <\/div>\n<\/div>\n\n\n<div class=\"content-feature-container themePurple rightDirection threeQuartersSize\">\n  <div class='cf-wrapper'>\n    <div class='cf-images'>\n              <div class='cf-featureImage'>\n          <img decoding=\"async\"\n            loading=\"lazy\" \n            class=\"image\"\n            width=\"1128\"\n            height=\"620\"\n            src=\"https:\/\/staging.totara.fortyapp.com\/wp-content\/uploads\/2022\/12\/Screen-Shot-2022-12-03-at-1.46.52-PM-768x422.png\"  \n            alt=\"\"\n            srcset=\"https:\/\/staging.totara.fortyapp.com\/wp-content\/uploads\/2022\/12\/Screen-Shot-2022-12-03-at-1.46.52-PM.png 1128w, https:\/\/staging.totara.fortyapp.com\/wp-content\/uploads\/2022\/12\/Screen-Shot-2022-12-03-at-1.46.52-PM-300x165.png 300w, https:\/\/staging.totara.fortyapp.com\/wp-content\/uploads\/2022\/12\/Screen-Shot-2022-12-03-at-1.46.52-PM-1024x563.png 1024w, https:\/\/staging.totara.fortyapp.com\/wp-content\/uploads\/2022\/12\/Screen-Shot-2022-12-03-at-1.46.52-PM-768x422.png 768w\"\n            sizes=\"auto, (max-width: 400px) 100vw, 400px\"\n          \/>\n        <\/div>\n          <\/div>\n    <div class=\"cf-detailsWrapper\">\n      <div class='cf-details'>\n                  <h2 class='cf-title'><span><strong>\u00bfC\u00f3mo es el aprendizaje en las empresas extendidas?<\/strong>\n<\/span><\/h2>\n                          <p class='cf-label'>John Leh<\/p>\n                          <div class='cf-description'>\n            Ve el siguiente video de la serie de John Leh.\n          <\/div>\n                          <div class='cf-cta'>\n            \n<a id=\"\" class=\"button-link \" target=\"\" href=\"https:\/\/www.youtube.com\/watch?v=mSAmS-Zicho\">\n  <span class='container darkPrimaryTheme'>\n    <div><\/div>\n    <div><\/div>\n    <div class='contents'>\n      <span>Ir al video<\/span>\n          <\/div>\n  <\/span>\n<\/a>          <\/div>\n              <\/div>\n    <\/div>\n  <\/div>\n<\/div>\n\n\n<div class=\"content-feature-container themePurple leftDirection fullSize\">\n  <div class='cf-wrapper'>\n    <div class='cf-images'>\n              <div class='cf-featureImage'>\n          <img decoding=\"async\"\n            loading=\"lazy\" \n            class=\"image\"\n            width=\"759\"\n            height=\"209\"\n            src=\"https:\/\/staging.totara.fortyapp.com\/wp-content\/uploads\/2022\/12\/C059.jpeg\"  \n            alt=\"\"\n            srcset=\"https:\/\/staging.totara.fortyapp.com\/wp-content\/uploads\/2022\/12\/C059.jpeg 759w, https:\/\/staging.totara.fortyapp.com\/wp-content\/uploads\/2022\/12\/C059-300x83.jpeg 300w\"\n            sizes=\"auto, (max-width: 400px) 100vw, 400px\"\n          \/>\n        <\/div>\n          <\/div>\n    <div class=\"cf-detailsWrapper\">\n      <div class='cf-details'>\n                  <h2 class='cf-title'><span><strong>Discover real-life examples of how organisations manage their extended enterprise solutions with Totara<\/strong>\n<\/span><\/h2>\n                                  <div class='cf-description'>\n            Un curso gratuito de la Totara Community\n          <\/div>\n                          <div class='cf-cta'>\n            \n<a id=\"\" class=\"button-link \" target=\"\" href=\"https:\/\/totara.community\/enrol\/index.php?id=762\">\n  <span class='container darkPrimaryTheme'>\n    <div><\/div>\n    <div><\/div>\n    <div class='contents'>\n      <span>m\u00e1s informaci\u00f3n<\/span>\n          <\/div>\n  <\/span>\n<\/a>          <\/div>\n              <\/div>\n    <\/div>\n  <\/div>\n<\/div>\n\n\n<div class='text-block-container MobileAlignment DesktopAlignment'>\n  <div class='wrapper'>\n    <div class='richText'>\n      <h4><strong>Totara impulsa a tu empresa extendida<\/strong><\/h4>\n    <\/div>\n      <\/div>\n<\/div>\n\n\n<div class=\"content-grid-container\">\n            <div class=\"gridTile centered- has-light-grey-background-color\">\n                  <img decoding=\"async\" \n            src=\"https:\/\/staging.totara.fortyapp.com\/wp-content\/uploads\/2022\/11\/shape-square-2-01.png\"\n            alt=\"custom branding LMS\"\n            loading=\"lazy\"\n          \/>\n                          <h3 class=\"title has-dark-color\">Programas de aprendizaje para los canales<\/h3>\n                          <div class=\"description has-dark-color\">Muchas organizaciones dependen de una red de proveedores externos. Esto requiere un profundo conocimiento del producto, la marca y las expectativas del servicio al cliente.\n<\/div>\n                      <\/div>\n          <div class=\"gridTile centered- has-light-grey-background-color\">\n                  <img decoding=\"async\" \n            src=\"https:\/\/staging.totara.fortyapp.com\/wp-content\/uploads\/2022\/11\/book-2-01.png\"\n            alt=\"\"\n            loading=\"lazy\"\n          \/>\n                          <h3 class=\"title has-dark-color\">Educaci\u00f3n del cliente<\/h3>\n                          <div class=\"description has-dark-color\">La promoci\u00f3n por parte de los clientes se construye a trav\u00e9s de una asistencia \u00fatil y atractiva. El acceso r\u00e1pido a manuales de resoluci\u00f3n de problemas y a gu\u00edas de producto es crucial.\n<\/div>\n                      <\/div>\n          <div class=\"gridTile centered- has-light-grey-background-color\">\n                  <img decoding=\"async\" \n            src=\"https:\/\/staging.totara.fortyapp.com\/wp-content\/uploads\/2022\/11\/security-2-01.png\"\n            alt=\"\"\n            loading=\"lazy\"\n          \/>\n                          <h3 class=\"title has-dark-color\">M\u00faltiples m\u00e9todos de autenticaci\u00f3n<\/h3>\n                          <div class=\"description has-dark-color\">Seleccionar la autenticaci\u00f3n correcta garantiza que los usuarios comiencen su camino de la mejor manera posible. Totara tiene complementos de autenticaci\u00f3n que se adaptan a las necesidades de cualquier organizaci\u00f3n, incluyendo correo electr\u00f3nico, inicio de sesi\u00f3n \u00fanico y m\u00e9todos combinados.\n<\/div>\n                      <\/div>\n          <div class=\"gridTile centered- has-light-grey-background-color\">\n                  <img decoding=\"async\" \n            src=\"https:\/\/staging.totara.fortyapp.com\/wp-content\/uploads\/2022\/11\/profile-2-01.png\"\n            alt=\"\"\n            loading=\"lazy\"\n          \/>\n                          <h3 class=\"title has-dark-color\">Automatizaci\u00f3n y control de la audiencia<\/h3>\n                          <div class=\"description has-dark-color\">El control din\u00e1mico de los miembros de la audiencia permite automatizar y adaptar la experiencia del talento a cada persona, al mismo tiempo que elimina gastos administrativos.\n<\/div>\n                      <\/div>\n          <div class=\"gridTile centered- has-light-grey-background-color\">\n                  <img decoding=\"async\" \n            src=\"https:\/\/staging.totara.fortyapp.com\/wp-content\/uploads\/2022\/11\/filter-organization-2-01.png\"\n            alt=\"\"\n            loading=\"lazy\"\n          \/>\n                          <h3 class=\"title has-dark-color\">Reportes y an\u00e1lisis<\/h3>\n                          <div class=\"description has-dark-color\">Prepara, comparte y filtra f\u00e1cilmente los datos de los usuarios con un potente control de acceso, garantizando que todo quede en las manos adecuadas.\n<\/div>\n                      <\/div>\n          <div class=\"gridTile centered- has-light-grey-background-color\">\n                  <img decoding=\"async\" \n            src=\"https:\/\/staging.totara.fortyapp.com\/wp-content\/uploads\/2022\/11\/hierarchy-2-01.png\"\n            alt=\"\"\n            loading=\"lazy\"\n          \/>\n                          <h3 class=\"title has-dark-color\">Multitenencia<\/h3>\n                          <div class=\"description has-dark-color\">La capacidad de multitenencia de Totara permite a la organizaci\u00f3n gestionar grupos de usuarios de manera diferente. Delega las funciones administrativas a los gerentes de los partners, ofrece a tus franquicias la capacidad de llevar a cabo su propia capacitaci\u00f3n; t\u00fa tienes el control.\n<\/div>\n                      <\/div>\n          <div class=\"gridTile centered- has-light-grey-background-color\">\n                  <img decoding=\"async\" \n            src=\"https:\/\/staging.totara.fortyapp.com\/wp-content\/uploads\/2022\/11\/geometry-2-01.png\"\n            alt=\"\"\n            loading=\"lazy\"\n          \/>\n                          <h3 class=\"title has-dark-color\">Flexibilidad para el branding de tu organizaci\u00f3n<\/h3>\n                          <div class=\"description has-dark-color\">Dado que a la plataforma ingresan diferentes grupos de usuarios, las organizaciones necesitan tener gran control sobre la apariencia de la misma. Totara permite incluso la tematizaci\u00f3n completa para m\u00faltiples usuarios, lo que permite una diferenciaci\u00f3n total de la marca por grupos.\n<\/div>\n                      <\/div>\n      <\/div>\n\n\n<div class=\"related-content_container\">\n  <div class='related-content_linkTitleWrapper'>\n    <h2 class=\"related-content_title\">Contenido relacionado<\/h2>\n      <\/div>\n  <div class=\"related-content_pageTilesWrapper\">\n      \n    <div class=\"page-tile relevanssi-live-search-result\">\n        <a href=\"https:\/\/staging.totara.fortyapp.com\/es\/historias-de-clientes\/combinamos-el-aprendizaje-presencial-y-en-linea-para-los-20000-usuarios-de-save-the\/\">\n            <div>\n                <div class='image-wrapper'>\n                                                                    <img decoding=\"async\"\n                            class='image cover'\n                            loading=\"lazy\"\n                            src=\"https:\/\/staging.totara.fortyapp.com\/wp-content\/uploads\/2022\/11\/Save-the-children_Totara_LMS_small_0.jpg\"\n                            alt=\"\"\n                            srcset=\"https:\/\/staging.totara.fortyapp.com\/wp-content\/uploads\/2022\/11\/Save-the-children_Totara_LMS_small_0.jpg 402w, https:\/\/staging.totara.fortyapp.com\/wp-content\/uploads\/2022\/11\/Save-the-children_Totara_LMS_small_0-225x300.jpg 225w\"\n                            sizes=\"(max-width: 402px) 100vw, 402px\" \/>\n                                        <div class='category-wrapper'>\n                        <p>Customer Story<\/p>\n                    <\/div>\n                <\/div>\n                <p class='post-date'>\n                                                        <\/p>\n                <h2 class='search-title'>Combinamos el aprendizaje presencial y en l\u00ednea para los 20.000 usuarios de Save the Children en todo el mundo<\/h2>\n            <\/div>\n            <div class='learn-more-link'>\n                Learn more\n                <svg width=\"20\" height=\"20\" viewBox=\"0 0 20 20\" fill=\"#07262A\" xmlns=\"http:\/\/www.w3.org\/2000\/svg\">\n                    <path fillRule=\"evenodd\" clip-rule=\"evenodd\" d=\"M2 10C2 9.58579 2.33579 9.25 2.75 9.25L15.3879 9.25L10.2302 4.29062C9.93159 4.00353 9.92228 3.52875 10.2094 3.23017C10.4965 2.93159 10.9713 2.92228 11.2698 3.20937L17.7698 9.45937C17.9169 9.60078 18 9.79599 18 10C18 10.204 17.9169 10.3992 17.7698 10.5406L11.2698 16.7906C10.9713 17.0777 10.4965 17.0684 10.2094 16.7698C9.92228 16.4713 9.93159 15.9965 10.2302 15.7094L15.3879 10.75L2.75 10.75C2.33579 10.75 2 10.4142 2 10Z\" \/>\n                <\/svg>\n            <\/div>\n        <\/a>\n    <\/div>\n\n    <div class=\"page-tile relevanssi-live-search-result\">\n        <a href=\"https:\/\/staging.totara.fortyapp.com\/es\/historias-de-clientes\/transformacin-digital-70-ms-rpido-y-6000-horas-de-capacitacin-con-totara-learn\/\">\n            <div>\n                <div class='image-wrapper'>\n                                                                    <img decoding=\"async\"\n                            class='image cover'\n                            loading=\"lazy\"\n                            src=\"https:\/\/staging.totara.fortyapp.com\/wp-content\/uploads\/2022\/11\/Mabe_402x536-teaser.jpg\"\n                            alt=\"\"\n                            srcset=\"https:\/\/staging.totara.fortyapp.com\/wp-content\/uploads\/2022\/11\/Mabe_402x536-teaser.jpg 402w, https:\/\/staging.totara.fortyapp.com\/wp-content\/uploads\/2022\/11\/Mabe_402x536-teaser-225x300.jpg 225w\"\n                            sizes=\"(max-width: 402px) 100vw, 402px\" \/>\n                                        <div class='category-wrapper'>\n                        <p>Customer Story<\/p>\n                    <\/div>\n                <\/div>\n                <p class='post-date'>\n                                                        <\/p>\n                <h2 class='search-title'>Transformaci\u00f3n digital 70% m\u00e1s r\u00e1pido y 6.000 horas de capacitaci\u00f3n con Totara Learn.<\/h2>\n            <\/div>\n            <div class='learn-more-link'>\n                Learn more\n                <svg width=\"20\" height=\"20\" viewBox=\"0 0 20 20\" fill=\"#07262A\" xmlns=\"http:\/\/www.w3.org\/2000\/svg\">\n                    <path fillRule=\"evenodd\" clip-rule=\"evenodd\" d=\"M2 10C2 9.58579 2.33579 9.25 2.75 9.25L15.3879 9.25L10.2302 4.29062C9.93159 4.00353 9.92228 3.52875 10.2094 3.23017C10.4965 2.93159 10.9713 2.92228 11.2698 3.20937L17.7698 9.45937C17.9169 9.60078 18 9.79599 18 10C18 10.204 17.9169 10.3992 17.7698 10.5406L11.2698 16.7906C10.9713 17.0777 10.4965 17.0684 10.2094 16.7698C9.92228 16.4713 9.93159 15.9965 10.2302 15.7094L15.3879 10.75L2.75 10.75C2.33579 10.75 2 10.4142 2 10Z\" \/>\n                <\/svg>\n            <\/div>\n        <\/a>\n    <\/div>\n\n    <div class=\"page-tile relevanssi-live-search-result\">\n        <a href=\"https:\/\/staging.totara.fortyapp.com\/es\/historias-de-clientes\/shimano-entrega-capacitacin-de-sus-productos-a-la-red-de-minoristas-de-toda-europa-en-una-manera-flexible\/\">\n            <div>\n                <div class='image-wrapper'>\n                                                                    <img decoding=\"async\"\n                            class='image cover'\n                            loading=\"lazy\"\n                            src=\"https:\/\/staging.totara.fortyapp.com\/wp-content\/uploads\/2022\/11\/CS_Shimano_Standard-teaser-402\u2006\u00d7\u2006536px.png\"\n                            alt=\"\"\n                            srcset=\"https:\/\/staging.totara.fortyapp.com\/wp-content\/uploads\/2022\/11\/CS_Shimano_Standard-teaser-402\u2006\u00d7\u2006536px.png 402w, https:\/\/staging.totara.fortyapp.com\/wp-content\/uploads\/2022\/11\/CS_Shimano_Standard-teaser-402\u2006\u00d7\u2006536px-225x300.png 225w\"\n                            sizes=\"(max-width: 402px) 100vw, 402px\" \/>\n                                        <div class='category-wrapper'>\n                        <p>Customer Story<\/p>\n                    <\/div>\n                <\/div>\n                <p class='post-date'>\n                                                        <\/p>\n                <h2 class='search-title'>Shimano entrega capacitaci\u00f3n de sus productos a la red de minoristas de toda Europa en una manera flexible<\/h2>\n            <\/div>\n            <div class='learn-more-link'>\n                Learn more\n                <svg width=\"20\" height=\"20\" viewBox=\"0 0 20 20\" fill=\"#07262A\" xmlns=\"http:\/\/www.w3.org\/2000\/svg\">\n                    <path fillRule=\"evenodd\" clip-rule=\"evenodd\" d=\"M2 10C2 9.58579 2.33579 9.25 2.75 9.25L15.3879 9.25L10.2302 4.29062C9.93159 4.00353 9.92228 3.52875 10.2094 3.23017C10.4965 2.93159 10.9713 2.92228 11.2698 3.20937L17.7698 9.45937C17.9169 9.60078 18 9.79599 18 10C18 10.204 17.9169 10.3992 17.7698 10.5406L11.2698 16.7906C10.9713 17.0777 10.4965 17.0684 10.2094 16.7698C9.92228 16.4713 9.93159 15.9965 10.2302 15.7094L15.3879 10.75L2.75 10.75C2.33579 10.75 2 10.4142 2 10Z\" \/>\n                <\/svg>\n            <\/div>\n        <\/a>\n    <\/div>\n      \n  <\/div>\n<\/div>\n\n\n<div class='cta-block-container  themePurple '>\n  <div class='cta-wrapper'>\n    <img decoding=\"async\" \n      class='cta-image'\n      loading='lazy'\n      src=\"https:\/\/staging.totara.fortyapp.com\/wp-content\/themes\/totara\/assets\/images\/bg-testimonial-purple.png\"\n      alt='Background pattern'\n      sizes=(min-width: 1440px) 1440px, 100vw      layout='fill'\n      objectFit='cover'\n    \/>\n    <div class='cta-details'>\n              <h2 class='cta-title'><span style=\"font-weight: 400;\">Prepara a tu equipo para el ma\u00f1ana, <\/span><b>hoy<\/b><span style=\"font-weight: 400;\">.<\/span>\n<\/h2>\n                    <div class='cta-buttons'>\n                      \n<a id=\"\" class=\"button-link \" target=\"\" href=\"http:\/\/staging.totara.fortyapp.com\/es\/solicita-una-demo\">\n  <span class='container lightPrimaryTheme'>\n    <div><\/div>\n    <div><\/div>\n    <div class='contents'>\n      <span>Solicita una demo<\/span>\n          <\/div>\n  <\/span>\n<\/a>                                \n<a id=\"\" class=\"button-link \" target=\"\" href=\"https:\/\/staging.totara.fortyapp.com\/es\/contactanos\/\">\n  <span class='container lightPrimaryTheme'>\n    <div><\/div>\n    <div><\/div>\n    <div class='contents'>\n      <span>Cont\u00e1ctanos<\/span>\n          <\/div>\n  <\/span>\n<\/a>          \n        <\/div>\n                <\/div>\n  <\/div>\n<\/div>","protected":false},"excerpt":{"rendered":"","protected":false},"author":7,"featured_media":0,"parent":0,"menu_order":22,"comment_status":"closed","ping_status":"closed","template":"","meta":{"_acf_changed":false,"content-type":"","footnotes":""},"tax\/tags":[582,683],"tax\/topics":[],"class_list":["post-37283","page","type-page","status-publish","hentry"],"acf":[],"_links":{"self":[{"href":"https:\/\/staging.totara.fortyapp.com\/es\/wp-json\/wp\/v2\/pages\/37283","targetHints":{"allow":["GET"]}}],"collection":[{"href":"https:\/\/staging.totara.fortyapp.com\/es\/wp-json\/wp\/v2\/pages"}],"about":[{"href":"https:\/\/staging.totara.fortyapp.com\/es\/wp-json\/wp\/v2\/types\/page"}],"author":[{"embeddable":true,"href":"https:\/\/staging.totara.fortyapp.com\/es\/wp-json\/wp\/v2\/users\/7"}],"replies":[{"embeddable":true,"href":"https:\/\/staging.totara.fortyapp.com\/es\/wp-json\/wp\/v2\/comments?post=37283"}],"version-history":[{"count":2,"href":"https:\/\/staging.totara.fortyapp.com\/es\/wp-json\/wp\/v2\/pages\/37283\/revisions"}],"predecessor-version":[{"id":67275,"href":"https:\/\/staging.totara.fortyapp.com\/es\/wp-json\/wp\/v2\/pages\/37283\/revisions\/67275"}],"wp:attachment":[{"href":"https:\/\/staging.totara.fortyapp.com\/es\/wp-json\/wp\/v2\/media?parent=37283"}],"wp:term":[{"taxonomy":"tag","embeddable":true,"href":"https:\/\/staging.totara.fortyapp.com\/es\/wp-json\/wp\/v2\/tax\/tags?post=37283"},{"taxonomy":"topic","embeddable":true,"href":"https:\/\/staging.totara.fortyapp.com\/es\/wp-json\/wp\/v2\/tax\/topics?post=37283"}],"curies":[{"name":"wp","href":"https:\/\/api.w.org\/{rel}","templated":true}]}}