{"id":37264,"date":"2022-11-15T01:10:53","date_gmt":"2022-11-15T01:10:53","guid":{"rendered":"https:\/\/staging.totara.fortyapp.com\/onboarding\/"},"modified":"2025-01-29T15:22:17","modified_gmt":"2025-01-29T15:22:17","slug":"incorporacion-del-talento","status":"publish","type":"page","link":"https:\/\/staging.totara.fortyapp.com\/es\/incorporacion-del-talento\/","title":{"rendered":"Incorporaci\u00f3n de nuevos talentos"},"content":{"rendered":"\n<div class='standard-header-container themeTeal ' style=\"\">\n  <div class='backgroundImageWrapper'>\n    <img decoding=\"async\"\n      class='backgroundImage' \n      loading=\"lazy\"\n      src=\"https:\/\/staging.totara.fortyapp.com\/wp-content\/themes\/totara\/assets\/images\/bg-standard-hero-teal.png\"  \n      sizes=\"100vw\"\n      alt=\"Background pattern\"\n    \/>\n  <\/div>\n  <div class='wrapper'>\n    <div class='detailsWrapper'>\n      <div class='details'>\n                          <h1 class='title  fontDark'><p><span style=\"font-weight: 400\">Incorporaci\u00f3n<br \/>\nde nuevos talentos<\/span><\/p>\n<\/h1>\n                          <p class='description fontDark'>Prepare a las personas para tener \u00e9xito a largo plazo dentro de su organizaci\u00f3n<\/p>\n                      <\/div>\n    <\/div>\n    \n          <div class='images numberOfImages1'>\n              <div class='imageWrapper'>\n          <div class='image-container' style='padding-bottom: calc(100% \/ (464 \/ 343));'>\n                          <img decoding=\"async\" \n                class='image'\n                loading=\"lazy\"\n                src=\"https:\/\/staging.totara.fortyapp.com\/wp-content\/uploads\/2022\/11\/lady-in-red-shirt-768x512.jpg\"  \n                alt=\"\"\n                srcset=\"https:\/\/staging.totara.fortyapp.com\/wp-content\/uploads\/2022\/11\/lady-in-red-shirt-768x512.jpg 768w, https:\/\/staging.totara.fortyapp.com\/wp-content\/uploads\/2022\/11\/lady-in-red-shirt-300x200.jpg 300w, https:\/\/staging.totara.fortyapp.com\/wp-content\/uploads\/2022\/11\/lady-in-red-shirt.jpg 992w\"\n                sizes=\"(max-width: 768px) 100vw, 768px\"\n              \/>\n                      <\/div>\n        <\/div>\n            <\/div>\n        \n  <\/div>\n<\/div>\n\n\n<div class=\"feature-text-block-container themeTeal\">\n  <div class=\"wrapper\">\n          <div class='text'>\n        <span style=\"font-weight: 400;\">Iniciar un nuevo trabajo puede ser tan emocionante como estresante. Las excelentes experiencias de incorporaci\u00f3n hacen que las personas se sientan bienvenidas y seguras de que pueden realizar <strong>su mejor trabajo.<\/strong><\/span>\n      <\/div>\n      <\/div>\n<\/div>\n\n\n<div class=\"content-grid-container\">\n            <div class=\"gridTile centered- has-light-grey-background-color\">\n                  <img decoding=\"async\" \n            src=\"https:\/\/staging.totara.fortyapp.com\/wp-content\/uploads\/2022\/11\/bulb-2-01.png\"\n            alt=\"\"\n            loading=\"lazy\"\n          \/>\n                          <h3 class=\"title has-dark-color\">Comprom\u00e9tase de inmediato<\/h3>\n                          <div class=\"description has-dark-color\">Automatice la experiencia b\u00e1sica de los nuevos empleados para que tengan la informaci\u00f3n adecuada cuando la necesiten\n<\/div>\n                      <\/div>\n          <div class=\"gridTile centered- has-light-grey-background-color\">\n                  <img decoding=\"async\" \n            src=\"https:\/\/staging.totara.fortyapp.com\/wp-content\/uploads\/2022\/11\/blockchain-2-01.png\"\n            alt=\"\"\n            loading=\"lazy\"\n          \/>\n                          <h3 class=\"title has-dark-color\">Personalice el viaje<\/h3>\n                          <div class=\"description has-dark-color\">Los principiantes de hoy en d\u00eda esperan un alto grado de personalizaci\u00f3n con base en sus funciones y requisitos\n<\/div>\n                      <\/div>\n          <div class=\"gridTile centered- has-light-grey-background-color\">\n                  <img decoding=\"async\" \n            src=\"https:\/\/staging.totara.fortyapp.com\/wp-content\/uploads\/2022\/11\/plant-ground-2-01.png\"\n            alt=\"\"\n            loading=\"lazy\"\n          \/>\n                          <h3 class=\"title has-dark-color\">Crezca desde el primer d\u00eda<\/h3>\n                          <div class=\"description has-dark-color\">Incorpore a las personas al desarrollo profesional continuo y a trayectorias profesionales, para que puedan prosperar en su organizaci\u00f3n a lo largo de los a\u00f1os\n<\/div>\n                      <\/div>\n      <\/div>\n\n\n<div class='text-block-container MobileAlignment DesktopAlignment'>\n  <div class='wrapper'>\n    <div class='richText'>\n      <h4><span style=\"color: #0a5562;\"><strong>Incorporaci\u00f3n de nuevos talentos con Totara<\/strong><\/span><\/h4>\n    <\/div>\n      <\/div>\n<\/div>\n\n\n<div class='media-block-container'>\n  <div class='wrapper'>\n          <div class='videoWrapper'>\n        <div>\n          <iframe\n            id='iframe9'\n            class='embed'\n            src='https:\/\/www.youtube.com\/embed\/W6j25pL349Y?autoplay=0&#038;mute=1'\n            title='YouTube video player'\n            allow=\"accelerometer; autoplay; clipboard-write; encrypted-media; gyroscope; picture-in-picture\"\n            allowFullScreen\n          ><\/iframe>\n        <\/div>\n        <div id='thumbnail-container'>\n                      <img decoding=\"async\" \n              loading='lazy'\n              class='videoThumbnail'\n              src=\"https:\/\/staging.totara.fortyapp.com\/wp-content\/uploads\/2022\/12\/Screen-Shot-2022-12-05-at-2.57.29-PM-1024x579.png\"  \n              alt=\"\"\n              srcset=\"https:\/\/staging.totara.fortyapp.com\/wp-content\/uploads\/2022\/12\/Screen-Shot-2022-12-05-at-2.57.29-PM.png 1150w, https:\/\/staging.totara.fortyapp.com\/wp-content\/uploads\/2022\/12\/Screen-Shot-2022-12-05-at-2.57.29-PM-300x170.png 300w, https:\/\/staging.totara.fortyapp.com\/wp-content\/uploads\/2022\/12\/Screen-Shot-2022-12-05-at-2.57.29-PM-1024x579.png 1024w, https:\/\/staging.totara.fortyapp.com\/wp-content\/uploads\/2022\/12\/Screen-Shot-2022-12-05-at-2.57.29-PM-768x434.png 768w\"\n              sizes=\"(max-width: 1062px) 100vw, 1062px\"\n            \/>\n                    \n<a id=\"videoEmbedButton9\" class=\"button-link largeSize\" target=\"\" href=\"\">\n  <span class='container darkPrimaryTheme'>\n    <div><\/div>\n    <div><\/div>\n    <div class='contents'>\n      <span>Play video<\/span>\n      <svg width=\"20\" height=\"20\" viewBox=\"0 0 20 20\" fill=\"#2C9892\" xmlns=\"http:\/\/www.w3.org\/2000\/svg\">\n        <path fillRule=\"evenodd\" clip-rule=\"evenodd\" d=\"M2 10C2 9.58579 2.33579 9.25 2.75 9.25L15.3879 9.25L10.2302 4.29062C9.93159 4.00353 9.92228 3.52875 10.2094 3.23017C10.4965 2.93159 10.9713 2.92228 11.2698 3.20937L17.7698 9.45937C17.9169 9.60078 18 9.79599 18 10C18 10.204 17.9169 10.3992 17.7698 10.5406L11.2698 16.7906C10.9713 17.0777 10.4965 17.0684 10.2094 16.7698C9.92228 16.4713 9.93159 15.9965 10.2302 15.7094L15.3879 10.75L2.75 10.75C2.33579 10.75 2 10.4142 2 10Z\" \/>\n        <\/svg>    <\/div>\n  <\/span>\n<\/a>        <\/div>\n      <\/div>\n      <\/div>\n<\/div>\n\n<script>\n  let button = document.getElementById('videoEmbedButton9');\n  let thumbnailContainer = document.getElementById('thumbnail-container');\n  let iframe = document.getElementById('iframe9');\n  let videoURL = 'https:\/\/www.youtube.com\/embed\/W6j25pL349Y';\n\n  if (button) {\n    button.addEventListener('click', function(e) {\n      e.preventDefault();\n      thumbnailContainer.style.display = 'none';\n      iframe.src = `${videoURL}?autoplay=1&mute=0`;\n    });\n  }\n<\/script>\n\n\n<div class=\"content-feature-container themeTeal rightDirection fullSize\">\n  <div class='cf-wrapper'>\n    <div class='cf-images'>\n              <div class='cf-featureImage'>\n          <img decoding=\"async\"\n            loading=\"lazy\" \n            class=\"image\"\n            width=\"759\"\n            height=\"209\"\n            src=\"https:\/\/staging.totara.fortyapp.com\/wp-content\/uploads\/2022\/12\/C059.jpeg\"  \n            alt=\"\"\n            srcset=\"https:\/\/staging.totara.fortyapp.com\/wp-content\/uploads\/2022\/12\/C059.jpeg 759w, https:\/\/staging.totara.fortyapp.com\/wp-content\/uploads\/2022\/12\/C059-300x83.jpeg 300w\"\n            sizes=\"auto, (max-width: 400px) 100vw, 400px\"\n          \/>\n        <\/div>\n          <\/div>\n    <div class=\"cf-detailsWrapper\">\n      <div class='cf-details'>\n                  <h2 class='cf-title'><span><p><strong>Hacia un mejor comienzo<\/strong><\/p>\n<div class=\"ContentFeatureBlock_description__5MPK0\"><\/div>\n<\/span><\/h2>\n                                  <div class='cf-description'>\n            <div class=\"ContentFeatureBlock_description__5MPK0\">\n<p>Un gu\u00eda gratuita hacia la comunidad Totara<\/p>\n<\/div>\n          <\/div>\n                          <div class='cf-cta'>\n            \n<a id=\"\" class=\"button-link \" target=\"_blank\" href=\"https:\/\/totara.community\/enrol\/index.php?id=679\">\n  <span class='container darkPrimaryTheme'>\n    <div><\/div>\n    <div><\/div>\n    <div class='contents'>\n      <span>Aprende m\u00e1s<\/span>\n          <\/div>\n  <\/span>\n<\/a>          <\/div>\n              <\/div>\n    <\/div>\n  <\/div>\n<\/div>\n\n\n<div class='text-block-container MobileAlignment DesktopAlignment'>\n  <div class='wrapper'>\n    <div class='richText'>\n      <h4 class=\"large\"><span style=\"font-weight: 400; color: #0a5562;\"><strong>Totara permite una mejor incorporaci\u00f3n<\/strong><\/span><\/h4>\n    <\/div>\n      <\/div>\n<\/div>\n\n\n<div class=\"content-grid-container\">\n            <div class=\"gridTile centered- has-light-grey-background-color\">\n                  <img decoding=\"async\" \n            src=\"https:\/\/staging.totara.fortyapp.com\/wp-content\/uploads\/2022\/11\/arrows-same-direction-2-01.png\"\n            alt=\"\"\n            loading=\"lazy\"\n          \/>\n                          <h3 class=\"title has-dark-color\">\u00d3ptima automatizaci\u00f3n<\/h3>\n                          <div class=\"description has-dark-color\">Las herramientas de Totara ayudan a garantizar que los nuevos empleados comiencen su carrera profesional junto a usted de la manera correcta.\n<\/div>\n                      <\/div>\n          <div class=\"gridTile centered- has-light-grey-background-color\">\n                  <img decoding=\"async\" \n            src=\"https:\/\/staging.totara.fortyapp.com\/wp-content\/uploads\/2022\/11\/wireframe-2-01.png\"\n            alt=\"\"\n            loading=\"lazy\"\n          \/>\n                          <h3 class=\"title has-dark-color\">Audiencias din\u00e1micas<\/h3>\n                          <div class=\"description has-dark-color\">Use Totara\u2019s dashboards and other tools to personalize the onboarding experience for each new employee\n<\/div>\n                      <\/div>\n          <div class=\"gridTile centered- has-light-grey-background-color\">\n                  <img decoding=\"async\" \n            src=\"https:\/\/staging.totara.fortyapp.com\/wp-content\/uploads\/2024\/08\/meeting-2-01.webp\"\n            alt=\"\"\n            loading=\"lazy\"\n          \/>\n                          <h3 class=\"title has-dark-color\">A\u00f1ade usuarios en grupos<\/h3>\n                          <div class=\"description has-dark-color\">La importaci\u00f3n de RRHH le permite a\u00f1adir usuarios en grupos y automatizar las actualizaciones de los usuarios. Si tiene un sistema de recursos humanos independiente, puede vincularlo directamente con Totara.\n<\/div>\n                      <\/div>\n          <div class=\"gridTile centered- has-light-grey-background-color\">\n                  <img decoding=\"async\" \n            src=\"https:\/\/staging.totara.fortyapp.com\/wp-content\/uploads\/2022\/11\/translation-2-01.png\"\n            alt=\"\"\n            loading=\"lazy\"\n          \/>\n                          <h3 class=\"title has-dark-color\">Habla el mismo idioma<\/h3>\n                          <div class=\"description has-dark-color\">Personalice la interfaz para satisfacer las necesidades de un p\u00fablico diverso, internacional y multiling\u00fce.\n<\/div>\n                      <\/div>\n          <div class=\"gridTile centered- has-light-grey-background-color\">\n                  <img decoding=\"async\" \n            src=\"https:\/\/staging.totara.fortyapp.com\/wp-content\/uploads\/2022\/11\/geometry-2-01-1.png\"\n            alt=\"\"\n            loading=\"lazy\"\n          \/>\n                          <h3 class=\"title has-dark-color\">A\u00f1ade un tema a su sitio web<\/h3>\n                          <div class=\"description has-dark-color\">Cree espacios atractivos para el aprendizaje y el desempe\u00f1o con temas y paneles de control.\n<\/div>\n                      <\/div>\n          <div class=\"gridTile centered- has-light-grey-background-color\">\n                  <img decoding=\"async\" \n            src=\"https:\/\/staging.totara.fortyapp.com\/wp-content\/uploads\/2022\/11\/exchange-2-01.png\"\n            alt=\"\"\n            loading=\"lazy\"\n          \/>\n                          <h3 class=\"title has-dark-color\">Capacitaci\u00f3n continua<\/h3>\n                          <div class=\"description has-dark-color\">Construya f\u00e1cilmente cursos, programas, planes de aprendizaje y v\u00edas de certificaci\u00f3n.\n<\/div>\n                      <\/div>\n      <\/div>\n\n\n<div class='stats-block-container themeTeal'>\n  <div class='wrapper'>\n          <h2 class='title'>Confianza global en <strong>todas las escalas<\/strong>\n<\/h2>\n        <div class='stats'>\n                        <div class='stat'>\n            <div class='statTitle'>Clientes<\/div>\n            <div class='statValue'>+ 1,500<\/div>\n          <\/div>\n                  <div class='stat'>\n            <div class='statTitle'>Usuarios<\/div>\n            <div class='statValue'>20 mill.<\/div>\n          <\/div>\n                  <div class='stat'>\n            <div class='statTitle'>Partners<\/div>\n            <div class='statValue'>+75<\/div>\n          <\/div>\n                  <\/div>\n  <\/div>\n<\/div>\n\n\n<div class=\"content-feature-container themeTeal leftDirection fullSize\">\n  <div class='cf-wrapper'>\n    <div class='cf-images'>\n              <div class='cf-featureImage'>\n          <img decoding=\"async\"\n            loading=\"lazy\" \n            class=\"image\"\n            width=\"1720\"\n            height=\"942\"\n            src=\"https:\/\/staging.totara.fortyapp.com\/wp-content\/uploads\/2022\/11\/Screen-Shot-2022-11-28-at-3.56.32-PM-768x421.png\"  \n            alt=\"\"\n            srcset=\"https:\/\/staging.totara.fortyapp.com\/wp-content\/uploads\/2022\/11\/Screen-Shot-2022-11-28-at-3.56.32-PM.png 1720w, https:\/\/staging.totara.fortyapp.com\/wp-content\/uploads\/2022\/11\/Screen-Shot-2022-11-28-at-3.56.32-PM-300x164.png 300w, https:\/\/staging.totara.fortyapp.com\/wp-content\/uploads\/2022\/11\/Screen-Shot-2022-11-28-at-3.56.32-PM-1024x561.png 1024w, https:\/\/staging.totara.fortyapp.com\/wp-content\/uploads\/2022\/11\/Screen-Shot-2022-11-28-at-3.56.32-PM-768x421.png 768w, https:\/\/staging.totara.fortyapp.com\/wp-content\/uploads\/2022\/11\/Screen-Shot-2022-11-28-at-3.56.32-PM-1536x841.png 1536w\"\n            sizes=\"auto, (max-width: 400px) 100vw, 400px\"\n          \/>\n        <\/div>\n          <\/div>\n    <div class=\"cf-detailsWrapper\">\n      <div class='cf-details'>\n                  <h2 class='cf-title'><span><h2 class=\"ContentFeatureBlock_title__SL5R5\"><strong>Incorporaci\u00f3n del talento con la oficina meteorol\u00f3gica del Reino Unido<\/strong><\/h2>\n<div class=\"ContentFeatureBlock_description__5MPK0\"><\/div>\n<\/span><\/h2>\n                                  <div class='cf-description'>\n            <div class=\"ContentFeatureBlock_description__5MPK0\">\n<p>Descubra la manera en que la oficina meteorol\u00f3gica del Reino Unido gestiona el contenido y las v\u00edas hacia una plantilla diversa utilizando Totara.<\/p>\n<\/div>\n<div class=\"ContentFeatureBlock_cta__zQQcC\">\n<div><\/div>\n<div><\/div>\n<div class=\"Button_contents__8HzP3\"><\/div>\n<\/div>\n          <\/div>\n                          <div class='cf-cta'>\n            \n<a id=\"\" class=\"button-link \" target=\"\" href=\"https:\/\/www.youtube.com\/watch?v=w2ajTPsWu4Q\">\n  <span class='container darkPrimaryTheme'>\n    <div><\/div>\n    <div><\/div>\n    <div class='contents'>\n      <span>Ve el video<\/span>\n          <\/div>\n  <\/span>\n<\/a>          <\/div>\n              <\/div>\n    <\/div>\n  <\/div>\n<\/div>\n\n\n<div class='newsletter-hubspot-container themeTeal padding-no'>\n  <div class='wrapper'>\n          <div class='image-wrapper'>\n                  <img decoding=\"async\"\n            class='image'\n            loading='lazy'\n            alt=\"Background pattern\" \n            src=\"https:\/\/staging.totara.fortyapp.com\/wp-content\/themes\/totara\/assets\/images\/bg-cta-teal2.png\"\n            sizes=\"(min-width: 1440px) 708px, (min-width: 768px) 50vw, 100vw\"\n          \/>\n              <\/div>\n    \n    <div class='content-wrapper'>\n              <div class='heading-container'>\n                      <h2 class='title fontLight'>Reg\u00edstrate para recibir el bolet\u00edn de Totara<\/h2>\n                                <div class='description fontLight'>Mant\u00e9nte actualizado con las \u00faltimas noticias, actualizaciones de productos y eventos de Totara.\n<\/div>\n                  <\/div>\n            <div class='form-wrapper grey-background-no'>\n                            <div id=\"hubspot-form-container\">\n            \n\t\t\t\t\t<script>\n\t\t\t\t\t\twindow.hsFormsOnReady = window.hsFormsOnReady || [];\n\t\t\t\t\t\twindow.hsFormsOnReady.push(()=>{\n\t\t\t\t\t\t\thbspt.forms.create({\n\t\t\t\t\t\t\t\tportalId: 3415253,\n\t\t\t\t\t\t\t\tformId: \"ba4b1615-0dd1-4d73-a9d9-7661fdb3acf9\",\n\t\t\t\t\t\t\t\ttarget: \"#hbspt-form-1775976772000-5946523297\",\n\t\t\t\t\t\t\t\tregion: \"na1\",\n\t\t\t\t\t\t\t\t\n\t\t\t\t\t\t})});\n\t\t\t\t\t<\/script>\n\t\t\t\t\t<div class=\"hbspt-form\" id=\"hbspt-form-1775976772000-5946523297\"><\/div>          <\/div>\n          <div id=\"hubspot-fallback-message\" style=\"display: none; padding: 20px; background-color: #f8f9fa; border: 1px solid #dee2e6; border-radius: 8px;\">\n            <p style=\"margin: 0; font-size: 14px;\">\n              This form may be blocked by your browser&#8217;s privacy settings (e.g., Firefox Enhanced Tracking Protection). Please email us at <a href=\"mailto:marketing@totara.com\" style=\"color: #007ab8; text-decoration: none;\">marketing@totara.com<\/a>.\n            <\/p>\n          <\/div>\n                      <\/div>\n    <\/div>\n  <\/div>\n<\/div>\n\n<script>\n  \/\/If the form has a dynamic content field for hubspot automation workflows, it will grab that ACF value and plop it inside of the embedded iframe form\n  jQuery(document).ready(function ($) {\n    let formDetected = false;\n    let fallbackShown = false;\n\n    \/\/ Function to check for HubSpot form and show fallback if needed\n    function checkForHubSpotForm() {\n      const hubspotContainer = document.getElementById('hubspot-form-container');\n      const fallbackMessage = document.getElementById('hubspot-fallback-message');\n      \n      if (!hubspotContainer || !fallbackMessage || fallbackShown) {\n        return;\n      }\n\n      \/\/ Check for various HubSpot form elements\n      const hsForm = hubspotContainer.querySelector('.hs-form');\n      const hsIframe = hubspotContainer.querySelector('.hs-form-iframe');\n      const hsScript = hubspotContainer.querySelector('script[src*=\"js.hsforms.net\"]');\n      const hasHubSpotContent = hubspotContainer.innerHTML.trim().length > 0;\n\n      if (hsForm || hsIframe || hsScript) {\n        formDetected = true;\n      } else if (hasHubSpotContent && !formDetected) {\n        \/\/ If there's content but no recognizable HubSpot elements after timeout, show fallback\n        setTimeout(function() {\n          if (!formDetected && !fallbackShown) {\n            fallbackMessage.style.display = 'block';\n            hubspotContainer.style.display = 'none';\n            fallbackShown = true;\n          }\n        }, 2000);\n      } else if (!hasHubSpotContent) {\n        \/\/ If container is completely empty, show fallback immediately\n        fallbackMessage.style.display = 'block';\n        hubspotContainer.style.display = 'none';\n        fallbackShown = true;\n      }\n    }\n\n    \/\/ Initial check\n    setTimeout(checkForHubSpotForm, 1000);\n    \n    \/\/ Additional checks at intervals\n    setTimeout(checkForHubSpotForm, 3000);\n\n    setTimeout(function() {\n      const fieldElement = document.querySelector('input[name=lead_source_description]');\n      let iframe = document.querySelector('.hs-form-iframe');\n\n      if (iframe && iframe?.contentWindow) {\n        let iframeDocument = iframe.contentWindow.document;\n        let input = iframeDocument.querySelector('input[name=lead_source_description]');\n        if (input) {\n          input.value = 'Onboarding';\n        }\n      }\n    }, 5000);\n  });\n<\/script>","protected":false},"excerpt":{"rendered":"","protected":false},"author":8,"featured_media":0,"parent":0,"menu_order":27,"comment_status":"closed","ping_status":"closed","template":"","meta":{"_acf_changed":false,"content-type":"","footnotes":""},"tax\/tags":[644,645],"tax\/topics":[552],"class_list":["post-37264","page","type-page","status-publish","hentry"],"acf":[],"_links":{"self":[{"href":"https:\/\/staging.totara.fortyapp.com\/es\/wp-json\/wp\/v2\/pages\/37264","targetHints":{"allow":["GET"]}}],"collection":[{"href":"https:\/\/staging.totara.fortyapp.com\/es\/wp-json\/wp\/v2\/pages"}],"about":[{"href":"https:\/\/staging.totara.fortyapp.com\/es\/wp-json\/wp\/v2\/types\/page"}],"author":[{"embeddable":true,"href":"https:\/\/staging.totara.fortyapp.com\/es\/wp-json\/wp\/v2\/users\/8"}],"replies":[{"embeddable":true,"href":"https:\/\/staging.totara.fortyapp.com\/es\/wp-json\/wp\/v2\/comments?post=37264"}],"version-history":[{"count":2,"href":"https:\/\/staging.totara.fortyapp.com\/es\/wp-json\/wp\/v2\/pages\/37264\/revisions"}],"predecessor-version":[{"id":65372,"href":"https:\/\/staging.totara.fortyapp.com\/es\/wp-json\/wp\/v2\/pages\/37264\/revisions\/65372"}],"wp:attachment":[{"href":"https:\/\/staging.totara.fortyapp.com\/es\/wp-json\/wp\/v2\/media?parent=37264"}],"wp:term":[{"taxonomy":"tag","embeddable":true,"href":"https:\/\/staging.totara.fortyapp.com\/es\/wp-json\/wp\/v2\/tax\/tags?post=37264"},{"taxonomy":"topic","embeddable":true,"href":"https:\/\/staging.totara.fortyapp.com\/es\/wp-json\/wp\/v2\/tax\/topics?post=37264"}],"curies":[{"name":"wp","href":"https:\/\/api.w.org\/{rel}","templated":true}]}}