{"id":37416,"date":"2022-11-14T23:55:05","date_gmt":"2022-11-14T23:55:05","guid":{"rendered":"https:\/\/staging.totara.fortyapp.com\/talent-experience-explained\/"},"modified":"2026-03-10T16:02:25","modified_gmt":"2026-03-10T16:02:25","slug":"talent-experience-erklart","status":"publish","type":"page","link":"https:\/\/staging.totara.fortyapp.com\/de\/talent-experience-erklart\/","title":{"rendered":"Talent Experience erkl\u00e4rt"},"content":{"rendered":"\n<div class='standard-header-container themeLightBlue ' style=\"\">\n  <div class='backgroundImageWrapper'>\n    <img decoding=\"async\"\n      class='backgroundImage' \n      loading=\"lazy\"\n      src=\"https:\/\/staging.totara.fortyapp.com\/wp-content\/themes\/totara\/assets\/images\/bg-standard-hero-light-blue.png\"  \n      sizes=\"100vw\"\n      alt=\"Background pattern\"\n    \/>\n  <\/div>\n  <div class='wrapper'>\n    <div class='detailsWrapper'>\n      <div class='details'>\n                          <h1 class='title  fontLight'>Talent Experience erkl\u00e4rt\n<\/h1>\n                          <p class='description fontLight'> Das menschliche Potenzial in den Mittelpunkt des Arbeitsplatzes stellen<\/p>\n                      <\/div>\n    <\/div>\n    \n          <div class='images numberOfImages1'>\n              <div class='imageWrapper'>\n          <div class='image-container' style='padding-bottom: calc(100% \/ (464 \/ 343));'>\n                          <img decoding=\"async\" \n                class='image'\n                loading=\"lazy\"\n                src=\"https:\/\/staging.totara.fortyapp.com\/wp-content\/uploads\/2022\/11\/Stocksy_txpefacc53bUGV300_Medium_2939090-1-768x476.jpg\"  \n                alt=\"\"\n                srcset=\"https:\/\/staging.totara.fortyapp.com\/wp-content\/uploads\/2022\/11\/Stocksy_txpefacc53bUGV300_Medium_2939090-1-768x476.jpg 768w, https:\/\/staging.totara.fortyapp.com\/wp-content\/uploads\/2022\/11\/Stocksy_txpefacc53bUGV300_Medium_2939090-1-300x186.jpg 300w, https:\/\/staging.totara.fortyapp.com\/wp-content\/uploads\/2022\/11\/Stocksy_txpefacc53bUGV300_Medium_2939090-1-1024x635.jpg 1024w, https:\/\/staging.totara.fortyapp.com\/wp-content\/uploads\/2022\/11\/Stocksy_txpefacc53bUGV300_Medium_2939090-1-1536x953.jpg 1536w, https:\/\/staging.totara.fortyapp.com\/wp-content\/uploads\/2022\/11\/Stocksy_txpefacc53bUGV300_Medium_2939090-1.jpg 1796w\"\n                sizes=\"(max-width: 768px) 100vw, 768px\"\n              \/>\n                      <\/div>\n        <\/div>\n            <\/div>\n        \n  <\/div>\n<\/div>\n\n\n<div class='quote-carousel-container'>\n  <img \n    loading='lazy'\n    class='image'\n    alt='Background pattern'\n    sizes=\"100vw\"\n    src='https:\/\/staging.totara.fortyapp.com\/wp-content\/themes\/totara\/assets\/images\/bg-cta-light-grey.png'\n  \/>\n  <div class='wrapper quote-swiper-container'>\n                  <div class='quote-outer-container'>\n          <div class='quote themeLightBlue'>\n                          <blockquote><span style=\"font-weight: 400\">&#8220;Wir konzentrieren uns auf unsere Mitarbeiter und darauf, wie wir ihr Arbeits- und Privatleben verbessern k\u00f6nnen. Daher der Fokus auf <strong>&#8220;Talent Experience&#8221;<\/strong>, nicht auf <strong>&#8220;Talentmanagement&#8221;<\/strong><\/span>\n<\/blockquote>\n                                      <figcaption>\n                                  <div class='quoteImage'>\n                    <div class='image-container'>\n                                              <img decoding=\"async\" \n                          loading='lazy'\n                          src=\"https:\/\/staging.totara.fortyapp.com\/wp-content\/uploads\/2024\/08\/Josh-Bersin-Headshot-2.png\"  \n                          alt=\"\"\n                          srcset=\"https:\/\/staging.totara.fortyapp.com\/wp-content\/uploads\/2024\/08\/Josh-Bersin-Headshot-2-150x150.png 150w, https:\/\/staging.totara.fortyapp.com\/wp-content\/uploads\/2024\/08\/Josh-Bersin-Headshot-2.png 300w\"\n                          sizes=\"(max-width: 100px) 100vw, 100px\"\n                        \/>\n                                          <\/div>\n                  <\/div>\n                                <span>\n                  <strong>Josh Bersin,<\/strong>\n                  <br>\n                  Bersin &amp; Associates                <\/span>\n              <\/figcaption>\n                      <\/div>\n        <\/div>\n            <\/div>\n<\/div>\n\n\n<div class='text-block-container MobileAlignment DesktopAlignment'>\n  <div class='wrapper'>\n    <div class='richText'>\n      <p class=\"\"><span style=\"font-weight: 400\">Wir leben in einer Zeit mit hoher Fluktuation und sich wandelnden Arbeitsmodellen. Die Kosten f\u00fcr die Bindung von Talenten steigen \u2013 <\/span><span style=\"font-weight: 400\">aber die Kosten, sie zu verlieren, sind noch h\u00f6her.<\/span><\/p>\n<p class=\"large\"><strong>Talent Experience betrachtet den Arbeitsplatz als Chance f\u00fcr unterst\u00fctzende Karrierewege \u2013 begleitet von Technologie \u2013 die sowohl den Mitarbeitenden als auch den Organisationen zugutekommen. Menschen anzuziehen, zu motivieren und weiterzuentwickeln, f\u00fchrt zu starken, kooperativen Teams, die gemeinsam mehr erreichen. Davon profitieren alle.<\/strong><\/p>\n<p>&nbsp;<\/p>\n<p>&nbsp;<\/p>\n    <\/div>\n      <\/div>\n<\/div>\n\n\n<div class=\"content-feature-container themeLightBlue rightDirection fullSize\">\n  <div class='cf-wrapper'>\n    <div class='cf-images'>\n              <div class='cf-featureImage'>\n          <img decoding=\"async\"\n            loading=\"lazy\" \n            class=\"image\"\n            width=\"842\"\n            height=\"595\"\n            src=\"https:\/\/staging.totara.fortyapp.com\/wp-content\/uploads\/2022\/11\/1-768x543.jpg\"  \n            alt=\"\"\n            srcset=\"https:\/\/staging.totara.fortyapp.com\/wp-content\/uploads\/2022\/11\/1.jpg 842w, https:\/\/staging.totara.fortyapp.com\/wp-content\/uploads\/2022\/11\/1-300x212.jpg 300w, https:\/\/staging.totara.fortyapp.com\/wp-content\/uploads\/2022\/11\/1-768x543.jpg 768w\"\n            sizes=\"auto, (max-width: 400px) 100vw, 400px\"\n          \/>\n        <\/div>\n          <\/div>\n    <div class=\"cf-detailsWrapper\">\n      <div class='cf-details'>\n                  <h2 class='cf-title'><span><strong>Talent Experience bei der Arbeit<\/strong>\n<\/span><\/h2>\n                                  <div class='cf-description'>\n            <span style=\"font-weight: 400\">Der t\u00e4gliche Arbeitsablauf wird zu einem Kreislauf aus Kommunikation, Zusammenarbeit und Verbesserung, der Produktivit\u00e4t und Leistung f\u00f6rdert.<\/span>\n          <\/div>\n                      <\/div>\n    <\/div>\n  <\/div>\n<\/div>\n\n\n<div class='text-block-container MobileAlignment DesktopAlignment'>\n  <div class='wrapper'>\n    <div class='richText'>\n      <h5 class=\"large\"><span style=\"color: #27c4df\">Gestalten Sie die passende Talent Experience f\u00fcr Ihre Organisation<\/span><\/h5>\n    <\/div>\n      <\/div>\n<\/div>\n\n\n<div class=\"content-grid-container\">\n            <div class=\"gridTile centered- has-light-grey-background-color\">\n                  <img decoding=\"async\" \n            src=\"https:\/\/staging.totara.fortyapp.com\/wp-content\/uploads\/2022\/11\/book-open-2-01.png\"\n            alt=\"\"\n            loading=\"lazy\"\n          \/>\n                          <h3 class=\"title has-dark-color\">Lernen und entwickeln<\/h3>\n                              <\/div>\n          <div class=\"gridTile centered- has-light-grey-background-color\">\n                  <img decoding=\"async\" \n            src=\"https:\/\/staging.totara.fortyapp.com\/wp-content\/uploads\/2022\/11\/privacy-policy-2-01.png\"\n            alt=\"\"\n            loading=\"lazy\"\n          \/>\n                          <h3 class=\"title has-dark-color\">Engagement und Zusammenarbeit<\/h3>\n                              <\/div>\n          <div class=\"gridTile centered- has-light-grey-background-color\">\n                  <img decoding=\"async\" \n            src=\"https:\/\/staging.totara.fortyapp.com\/wp-content\/uploads\/2022\/11\/b-meeting20-01.png\"\n            alt=\"\"\n            loading=\"lazy\"\n          \/>\n                          <h3 class=\"title has-dark-color\">Leistungsmanagement &amp; kontinuierliches Feedback<\/h3>\n                              <\/div>\n      <\/div>\n\n\n<div class='text-block-container MobileAlignment DesktopAlignment'>\n  <div class='wrapper'>\n    <div class='richText'>\n      <h5 class=\"large\"><span style=\"font-weight: 400\">Gemeinsam k\u00f6nnen Sie eine gezielte <strong>Lernkultur<\/strong> aufbauen<\/span><\/h5>\n    <\/div>\n      <\/div>\n<\/div>\n\n\n<div class=\"content-grid-container\">\n            <div class=\"gridTile centered- has-light-grey-background-color\">\n                  <img decoding=\"async\" \n            src=\"https:\/\/staging.totara.fortyapp.com\/wp-content\/uploads\/2022\/11\/s-check-2-01.png\"\n            alt=\"\"\n            loading=\"lazy\"\n          \/>\n                          <h3 class=\"title has-dark-color\">Die richtige Schulung zur richtigen Zeit<\/h3>\n                              <\/div>\n          <div class=\"gridTile centered- has-light-grey-background-color\">\n                  <img decoding=\"async\" \n            src=\"https:\/\/staging.totara.fortyapp.com\/wp-content\/uploads\/2022\/11\/exchange-2-01.png\"\n            alt=\"\"\n            loading=\"lazy\"\n          \/>\n                          <h3 class=\"title has-dark-color\">Verbinden Sie Menschen, um Probleme zu l\u00f6sen und Innovationen zu schaffen<\/h3>\n                              <\/div>\n          <div class=\"gridTile centered- has-light-grey-background-color\">\n                  <img decoding=\"async\" \n            src=\"https:\/\/staging.totara.fortyapp.com\/wp-content\/uploads\/2022\/11\/connect-2-01.png\"\n            alt=\"\"\n            loading=\"lazy\"\n          \/>\n                          <h3 class=\"title has-dark-color\">Stellen Sie sicher, dass alle Einzelvorg\u00e4nge aufeinander abgestimmt und konzentriert sind<\/h3>\n                              <\/div>\n      <\/div>\n\n\n<div class='text-block-container MobileAlignment DesktopAlignment'>\n  <div class='wrapper'>\n    <div class='richText'>\n      <h5 class=\"large\"><span style=\"font-weight: 400\">Um die perfekte Talent Experience f\u00fcr Ihr Unternehmen zu schaffen und zu verwalten, ben\u00f6tigen Sie eine integrierte Technologieplattform mit<strong> allen ben\u00f6tigten Tools an einem Ort.<\/strong><\/span><\/h5>\n    <\/div>\n      <\/div>\n<\/div>\n\n\n<div class='quote-carousel-container'>\n  <img \n    loading='lazy'\n    class='image'\n    alt='Background pattern'\n    sizes=\"100vw\"\n    src='https:\/\/staging.totara.fortyapp.com\/wp-content\/themes\/totara\/assets\/images\/bg-cta-light-grey.png'\n  \/>\n  <div class='wrapper quote-swiper-container'>\n                  <div class='quote-outer-container'>\n          <div class='quote themeLightBlue'>\n                          <blockquote><span style=\"font-weight: 400\">Ein System, das nicht nur in den kurzfristigen Qualifikationsbedarf der Arbeitnehmer investiert, sondern auch in die langfristige Widerstandsf\u00e4higkeit der Arbeitnehmer, kann dazu beitragen, in einer Welt, in der die einzige Konstante der Wandel ist, eine langfristige organisatorische Widerstandsf\u00e4higkeit aufzubauen.<\/span>\n<\/blockquote>\n                                      <figcaption>\n                                <span>\n                  <strong>Deloitte Insights,<\/strong>\n                  <br>\n                  Umschulung der Belegschaft, um belastbar zu sein                <\/span>\n              <\/figcaption>\n                      <\/div>\n        <\/div>\n            <\/div>\n<\/div>\n\n\n<div class=\"content-feature-container themeLightBlue rightDirection fullSize\">\n  <div class='cf-wrapper'>\n    <div class='cf-images'>\n              <div class='cf-featureImage'>\n          <img decoding=\"async\"\n            loading=\"lazy\" \n            class=\"image\"\n            width=\"1146\"\n            height=\"820\"\n            src=\"https:\/\/staging.totara.fortyapp.com\/wp-content\/uploads\/2022\/12\/Mable-totara-social-768x550.png\"  \n            alt=\"\"\n            srcset=\"https:\/\/staging.totara.fortyapp.com\/wp-content\/uploads\/2022\/12\/Mable-totara-social.png 1146w, https:\/\/staging.totara.fortyapp.com\/wp-content\/uploads\/2022\/12\/Mable-totara-social-300x215.png 300w, https:\/\/staging.totara.fortyapp.com\/wp-content\/uploads\/2022\/12\/Mable-totara-social-1024x733.png 1024w, https:\/\/staging.totara.fortyapp.com\/wp-content\/uploads\/2022\/12\/Mable-totara-social-768x550.png 768w\"\n            sizes=\"auto, (max-width: 400px) 100vw, 400px\"\n          \/>\n        <\/div>\n          <\/div>\n    <div class=\"cf-detailsWrapper\">\n      <div class='cf-details'>\n                  <h2 class='cf-title'><span><strong>Case Studies<\/strong>\n<\/span><\/h2>\n                                  <div class='cf-description'>\n            Als Mitchells &amp; Butlers \u2013 die Dachmarke von \u00fcber 1.700 Pubs \u2013 mit der Totara-Plattform eine durchdachte Talent Experience aufbaute, verbesserten sich Engagement, Leistung und Gesch\u00e4ftsergebnisse sofort. Die Compliance-Rate stieg auf 89 % und die Bewertungen der Lebensmittelqualit\u00e4t erh\u00f6hten sich branchenweit um 5 %\n          <\/div>\n                          <div class='cf-cta'>\n            \n<a id=\"\" class=\"button-link \" target=\"\" href=\"https:\/\/staging.totara.fortyapp.com\/de\/kunden\/mitchells-butlers\/\">\n  <span class='container darkPrimaryTheme'>\n    <div><\/div>\n    <div><\/div>\n    <div class='contents'>\n      <span>Mitchells and Butlers Lernkultur<\/span>\n          <\/div>\n  <\/span>\n<\/a>          <\/div>\n              <\/div>\n    <\/div>\n  <\/div>\n<\/div>\n\n\n<div class='stats-block-container themeLightBlue'>\n  <div class='wrapper'>\n          <h2 class='title'><span style=\"font-weight: 400\">Weltweites Vertrauen in jeder <\/span><b>Gr\u00f6\u00dfenordnung<\/b>\n<\/h2>\n        <div class='stats'>\n                        <div class='stat'>\n            <div class='statTitle'>Kunden<\/div>\n            <div class='statValue'>1500+<\/div>\n          <\/div>\n                  <div class='stat'>\n            <div class='statTitle'>Nutzer<\/div>\n            <div class='statValue'>20m+<\/div>\n          <\/div>\n                  <div class='stat'>\n            <div class='statTitle'>Partner<\/div>\n            <div class='statValue'>75+<\/div>\n          <\/div>\n                  <\/div>\n  <\/div>\n<\/div>\n\n\n<div class=\"related-content_container\">\n  <div class='related-content_linkTitleWrapper'>\n    <h2 class=\"related-content_title\">Weitere Inhalte zum Thema<\/h2>\n      <\/div>\n  <div class=\"related-content_pageTilesWrapper\">\n      \n    <div class=\"page-tile relevanssi-live-search-result\">\n        <a href=\"https:\/\/staging.totara.fortyapp.com\/de\/kunden\/banco-patagonia\/\">\n            <div>\n                <div class='image-wrapper'>\n                                                                    <img decoding=\"async\"\n                            class='image cover'\n                            loading=\"lazy\"\n                            src=\"https:\/\/staging.totara.fortyapp.com\/wp-content\/uploads\/2022\/11\/Banco-Patagonia_Totara_LMS_small.jpg\"\n                            alt=\"\"\n                            srcset=\"https:\/\/staging.totara.fortyapp.com\/wp-content\/uploads\/2022\/11\/Banco-Patagonia_Totara_LMS_small.jpg 402w, https:\/\/staging.totara.fortyapp.com\/wp-content\/uploads\/2022\/11\/Banco-Patagonia_Totara_LMS_small-225x300.jpg 225w\"\n                            sizes=\"(max-width: 402px) 100vw, 402px\" \/>\n                                        <div class='category-wrapper'>\n                        <p>Customer Story<\/p>\n                    <\/div>\n                <\/div>\n                <p class='post-date'>\n                                                        <\/p>\n                <h2 class='search-title'>Banco Patagonia implementiert Totara Lernplattform in Rekordzeit<\/h2>\n            <\/div>\n            <div class='learn-more-link'>\n                Learn more\n                <svg width=\"20\" height=\"20\" viewBox=\"0 0 20 20\" fill=\"#07262A\" xmlns=\"http:\/\/www.w3.org\/2000\/svg\">\n                    <path fillRule=\"evenodd\" clip-rule=\"evenodd\" d=\"M2 10C2 9.58579 2.33579 9.25 2.75 9.25L15.3879 9.25L10.2302 4.29062C9.93159 4.00353 9.92228 3.52875 10.2094 3.23017C10.4965 2.93159 10.9713 2.92228 11.2698 3.20937L17.7698 9.45937C17.9169 9.60078 18 9.79599 18 10C18 10.204 17.9169 10.3992 17.7698 10.5406L11.2698 16.7906C10.9713 17.0777 10.4965 17.0684 10.2094 16.7698C9.92228 16.4713 9.93159 15.9965 10.2302 15.7094L15.3879 10.75L2.75 10.75C2.33579 10.75 2 10.4142 2 10Z\" \/>\n                <\/svg>\n            <\/div>\n        <\/a>\n    <\/div>\n\n    <div class=\"page-tile relevanssi-live-search-result\">\n        <a href=\"https:\/\/staging.totara.fortyapp.com\/de\/ressourcen\/ihre-totara-talenterfahrungsplattform\/\">\n            <div>\n                <div class='image-wrapper'>\n                                                                    <img decoding=\"async\"\n                            class='image cover'\n                            loading=\"lazy\"\n                            src=\"https:\/\/staging.totara.fortyapp.com\/wp-content\/uploads\/2022\/11\/Totara-Talent-Suite-tile-1.png\"\n                            alt=\"\"\n                            srcset=\"https:\/\/staging.totara.fortyapp.com\/wp-content\/uploads\/2022\/11\/Totara-Talent-Suite-tile-1.png 636w, https:\/\/staging.totara.fortyapp.com\/wp-content\/uploads\/2022\/11\/Totara-Talent-Suite-tile-1-300x300.png 300w, https:\/\/staging.totara.fortyapp.com\/wp-content\/uploads\/2022\/11\/Totara-Talent-Suite-tile-1-150x150.png 150w\"\n                            sizes=\"(max-width: 636px) 100vw, 636px\" \/>\n                                        <div class='category-wrapper'>\n                        <p>Produktinformationen<\/p>\n                    <\/div>\n                <\/div>\n                <p class='post-date'>\n                                                        <\/p>\n                <h2 class='search-title'>Ihre Totara Talent Suite<\/h2>\n            <\/div>\n            <div class='learn-more-link'>\n                Learn more\n                <svg width=\"20\" height=\"20\" viewBox=\"0 0 20 20\" fill=\"#07262A\" xmlns=\"http:\/\/www.w3.org\/2000\/svg\">\n                    <path fillRule=\"evenodd\" clip-rule=\"evenodd\" d=\"M2 10C2 9.58579 2.33579 9.25 2.75 9.25L15.3879 9.25L10.2302 4.29062C9.93159 4.00353 9.92228 3.52875 10.2094 3.23017C10.4965 2.93159 10.9713 2.92228 11.2698 3.20937L17.7698 9.45937C17.9169 9.60078 18 9.79599 18 10C18 10.204 17.9169 10.3992 17.7698 10.5406L11.2698 16.7906C10.9713 17.0777 10.4965 17.0684 10.2094 16.7698C9.92228 16.4713 9.93159 15.9965 10.2302 15.7094L15.3879 10.75L2.75 10.75C2.33579 10.75 2 10.4142 2 10Z\" \/>\n                <\/svg>\n            <\/div>\n        <\/a>\n    <\/div>\n\n    <div class=\"page-tile relevanssi-live-search-result\">\n        <a href=\"https:\/\/staging.totara.fortyapp.com\/de\/kunden\/spar-osterreichische-warenhandels-ag\/\">\n            <div>\n                <div class='image-wrapper'>\n                                                                    <img decoding=\"async\"\n                            class='image cover'\n                            loading=\"lazy\"\n                            src=\"https:\/\/staging.totara.fortyapp.com\/wp-content\/uploads\/2022\/11\/How-SPAR-implemented-multitenancy-across-their-learning-and-performance-platform-case-study-tile.png\"\n                            alt=\"\"\n                            srcset=\"https:\/\/staging.totara.fortyapp.com\/wp-content\/uploads\/2022\/11\/How-SPAR-implemented-multitenancy-across-their-learning-and-performance-platform-case-study-tile.png 744w, https:\/\/staging.totara.fortyapp.com\/wp-content\/uploads\/2022\/11\/How-SPAR-implemented-multitenancy-across-their-learning-and-performance-platform-case-study-tile-300x260.png 300w\"\n                            sizes=\"(max-width: 744px) 100vw, 744px\" \/>\n                                        <div class='category-wrapper'>\n                        <p>Customer Story<\/p>\n                    <\/div>\n                <\/div>\n                <p class='post-date'>\n                                                        <\/p>\n                <h2 class='search-title'>SPAR&#8217;s Totara-gest\u00fctztes Leistungsmanagement<\/h2>\n            <\/div>\n            <div class='learn-more-link'>\n                Learn more\n                <svg width=\"20\" height=\"20\" viewBox=\"0 0 20 20\" fill=\"#07262A\" xmlns=\"http:\/\/www.w3.org\/2000\/svg\">\n                    <path fillRule=\"evenodd\" clip-rule=\"evenodd\" d=\"M2 10C2 9.58579 2.33579 9.25 2.75 9.25L15.3879 9.25L10.2302 4.29062C9.93159 4.00353 9.92228 3.52875 10.2094 3.23017C10.4965 2.93159 10.9713 2.92228 11.2698 3.20937L17.7698 9.45937C17.9169 9.60078 18 9.79599 18 10C18 10.204 17.9169 10.3992 17.7698 10.5406L11.2698 16.7906C10.9713 17.0777 10.4965 17.0684 10.2094 16.7698C9.92228 16.4713 9.93159 15.9965 10.2302 15.7094L15.3879 10.75L2.75 10.75C2.33579 10.75 2 10.4142 2 10Z\" \/>\n                <\/svg>\n            <\/div>\n        <\/a>\n    <\/div>\n      \n  <\/div>\n<\/div>\n\n\n<div class='cta-block-container  themeMidBlue '>\n  <div class='cta-wrapper'>\n    <img decoding=\"async\" \n      class='cta-image'\n      loading='lazy'\n      src=\"https:\/\/staging.totara.fortyapp.com\/wp-content\/themes\/totara\/assets\/images\/bg-cta-mid-blue.png\"\n      alt='Background pattern'\n      sizes=(min-width: 1440px) 1440px, 100vw      layout='fill'\n      objectFit='cover'\n    \/>\n    <div class='cta-details'>\n              <h2 class='cta-title'>Ihr LMS. Wie Sie es wollen.\n<\/h2>\n                    <div class='cta-buttons'>\n                      \n<a id=\"\" class=\"button-link \" target=\"\" href=\"https:\/\/staging.totara.fortyapp.com\/de\/kontakt\/\">\n  <span class='container lightPrimaryTheme'>\n    <div><\/div>\n    <div><\/div>\n    <div class='contents'>\n      <span>Kontakt aufnehmen<\/span>\n          <\/div>\n  <\/span>\n<\/a>                    \n        <\/div>\n                <\/div>\n  <\/div>\n<\/div>","protected":false},"excerpt":{"rendered":"","protected":false},"author":8,"featured_media":0,"parent":0,"menu_order":33,"comment_status":"closed","ping_status":"closed","template":"","meta":{"_acf_changed":false,"content-type":"","footnotes":""},"tax\/tags":[588],"tax\/topics":[],"class_list":["post-37416","page","type-page","status-publish","hentry"],"acf":[],"_links":{"self":[{"href":"https:\/\/staging.totara.fortyapp.com\/de\/wp-json\/wp\/v2\/pages\/37416","targetHints":{"allow":["GET"]}}],"collection":[{"href":"https:\/\/staging.totara.fortyapp.com\/de\/wp-json\/wp\/v2\/pages"}],"about":[{"href":"https:\/\/staging.totara.fortyapp.com\/de\/wp-json\/wp\/v2\/types\/page"}],"author":[{"embeddable":true,"href":"https:\/\/staging.totara.fortyapp.com\/de\/wp-json\/wp\/v2\/users\/8"}],"replies":[{"embeddable":true,"href":"https:\/\/staging.totara.fortyapp.com\/de\/wp-json\/wp\/v2\/comments?post=37416"}],"version-history":[{"count":2,"href":"https:\/\/staging.totara.fortyapp.com\/de\/wp-json\/wp\/v2\/pages\/37416\/revisions"}],"predecessor-version":[{"id":74218,"href":"https:\/\/staging.totara.fortyapp.com\/de\/wp-json\/wp\/v2\/pages\/37416\/revisions\/74218"}],"wp:attachment":[{"href":"https:\/\/staging.totara.fortyapp.com\/de\/wp-json\/wp\/v2\/media?parent=37416"}],"wp:term":[{"taxonomy":"tag","embeddable":true,"href":"https:\/\/staging.totara.fortyapp.com\/de\/wp-json\/wp\/v2\/tax\/tags?post=37416"},{"taxonomy":"topic","embeddable":true,"href":"https:\/\/staging.totara.fortyapp.com\/de\/wp-json\/wp\/v2\/tax\/topics?post=37416"}],"curies":[{"name":"wp","href":"https:\/\/api.w.org\/{rel}","templated":true}]}}