{"id":37324,"date":"2022-11-18T03:28:26","date_gmt":"2022-11-18T03:28:26","guid":{"rendered":"https:\/\/staging.totara.fortyapp.com\/perform\/"},"modified":"2025-09-30T11:02:15","modified_gmt":"2025-09-30T11:02:15","slug":"performance-management-platform","status":"publish","type":"page","link":"https:\/\/staging.totara.fortyapp.com\/de\/performance-management-platform\/","title":{"rendered":"Perform"},"content":{"rendered":"\n<div class='standard-header-container themeMidBlue ' style=\"\">\n  <div class='backgroundImageWrapper'>\n    <img decoding=\"async\"\n      class='backgroundImage' \n      loading=\"lazy\"\n      src=\"https:\/\/staging.totara.fortyapp.com\/wp-content\/themes\/totara\/assets\/images\/bg-standard-hero-mid-blue.png\"  \n      sizes=\"100vw\"\n      alt=\"Background pattern\"\n    \/>\n  <\/div>\n  <div class='wrapper'>\n    <div class='detailsWrapper'>\n      <div class='details'>\n                  <p class='subtitle fontLight'>\n                                      Perform                      <\/p>\n                          <h1 class='title  fontLight'>Leistungsmanagement-System\n<\/h1>\n                          <p class='description fontLight'>Ihre Plattform. Ihr Weg. Verwalten und f\u00fchren Sie Schulungen effizient durch, um Ihre Mitarbeiter weiterzubilden, die Leistung zu verbessern und die Mitarbeiterbindung zu erh\u00f6hen, w\u00e4hrend Sie wachsen.<\/p>\n                          <div class='cta'>\n            \n<a id=\"\" class=\"button-link \" target=\"\" href=\"https:\/\/staging.totara.fortyapp.com\/request-a-demo-form\/\">\n  <span class='container lightPrimaryTheme'>\n    <div><\/div>\n    <div><\/div>\n    <div class='contents'>\n      <span>Demo anfordern<\/span>\n          <\/div>\n  <\/span>\n<\/a>          <\/div>\n              <\/div>\n    <\/div>\n    \n          <div class='images numberOfImages2'>\n              <div class='imageWrapper'>\n          <div class='image-container' style='padding-bottom: calc(100% \/ (318 \/ 305));'>\n                          <img decoding=\"async\" \n                class='image'\n                loading=\"lazy\"\n                src=\"https:\/\/staging.totara.fortyapp.com\/wp-content\/uploads\/2022\/11\/perform-768x512.jpg\"  \n                alt=\"\"\n                srcset=\"https:\/\/staging.totara.fortyapp.com\/wp-content\/uploads\/2022\/11\/perform-768x512.jpg 768w, https:\/\/staging.totara.fortyapp.com\/wp-content\/uploads\/2022\/11\/perform-300x200.jpg 300w, https:\/\/staging.totara.fortyapp.com\/wp-content\/uploads\/2022\/11\/perform-1024x683.jpg 1024w, https:\/\/staging.totara.fortyapp.com\/wp-content\/uploads\/2022\/11\/perform.jpg 1063w\"\n                sizes=\"(max-width: 768px) 100vw, 768px\"\n              \/>\n                      <\/div>\n        <\/div>\n              <div class='imageWrapper'>\n          <div class='image-container' style='padding-bottom: calc(100% \/ (338 \/ 239));'>\n                          <img decoding=\"async\" \n                class='image'\n                loading=\"lazy\"\n                src=\"https:\/\/staging.totara.fortyapp.com\/wp-content\/uploads\/2022\/11\/man-cooking-2-768x512.jpg\"  \n                alt=\"\"\n                srcset=\"https:\/\/staging.totara.fortyapp.com\/wp-content\/uploads\/2022\/11\/man-cooking-2-768x512.jpg 768w, https:\/\/staging.totara.fortyapp.com\/wp-content\/uploads\/2022\/11\/man-cooking-2-300x200.jpg 300w, https:\/\/staging.totara.fortyapp.com\/wp-content\/uploads\/2022\/11\/man-cooking-2-1024x683.jpg 1024w, https:\/\/staging.totara.fortyapp.com\/wp-content\/uploads\/2022\/11\/man-cooking-2.jpg 1063w\"\n                sizes=\"(max-width: 768px) 100vw, 768px\"\n              \/>\n                      <\/div>\n        <\/div>\n            <\/div>\n        \n  <\/div>\n<\/div>\n\n\n<div class='text-block-container MobileAlignment DesktopAlignment'>\n  <div class='wrapper'>\n    <div class='richText'>\n      <h3><b>Motivieren Sie Ihr Personal und binden Sie hochqualifizierte Mitarbeiter<\/b><\/h3>\n    <\/div>\n      <\/div>\n<\/div>\n\n\n<div class=\"feature-text-block-container theme\">\n  <div class=\"wrapper\">\n          <div class='text'>\n        Totara Learn &amp; Perform vervollst\u00e4ndigt <strong>Ihr komplettes Leistungs- und Entwicklungssystem.<\/strong>\n      <\/div>\n      <\/div>\n<\/div>\n\n\n<div class=\"content-grid-container\">\n            <div class=\"gridTile centered- has-light-grey-background-color\">\n                  <img decoding=\"async\" \n            src=\"https:\/\/staging.totara.fortyapp.com\/wp-content\/uploads\/2022\/11\/ranking-2-01.png\"\n            alt=\"\"\n            loading=\"lazy\"\n          \/>\n                          <h3 class=\"title has-dark-color\">Flexible Ans\u00e4tze  <\/h3>\n                          <div class=\"description has-dark-color\">Erm\u00f6glicht sowohl traditionelle als auch kontinuierliche Leistungsmanagementprozesse\n<\/div>\n                      <\/div>\n          <div class=\"gridTile centered- has-light-grey-background-color\">\n                  <img decoding=\"async\" \n            src=\"https:\/\/staging.totara.fortyapp.com\/wp-content\/uploads\/2022\/11\/privacy-policy-2-01.png\"\n            alt=\"\"\n            loading=\"lazy\"\n          \/>\n                          <h3 class=\"title has-dark-color\">Bessere Ausrichtung<\/h3>\n                          <div class=\"description has-dark-color\">Bringen Sie Unternehmens-, Team- und individuelle Ziele zusammen\n<\/div>\n                      <\/div>\n          <div class=\"gridTile centered- has-light-grey-background-color\">\n                  <img decoding=\"async\" \n            src=\"https:\/\/staging.totara.fortyapp.com\/wp-content\/uploads\/2022\/11\/book-open-2-01.png\"\n            alt=\"\"\n            loading=\"lazy\"\n          \/>\n                          <h3 class=\"title has-dark-color\">Kompetenzorientiertes Lernen<\/h3>\n                          <div class=\"description has-dark-color\">Kompetenzprofile bieten einen personalisierten Plan f\u00fcr Lernen und Entwicklung\n<\/div>\n                      <\/div>\n          <div class=\"gridTile centered- has-light-grey-background-color\">\n                  <img decoding=\"async\" \n            src=\"https:\/\/staging.totara.fortyapp.com\/wp-content\/uploads\/2022\/11\/b-meeting20-01.png\"\n            alt=\"\"\n            loading=\"lazy\"\n          \/>\n                          <h3 class=\"title has-dark-color\">Unterst\u00fctzende Umgebungen<\/h3>\n                          <div class=\"description has-dark-color\">Bauen Sie eine Coach-Mentor-Kultur mit Check-Ins, Bewertungen und schnellem Feedback auf.\n<\/div>\n                      <\/div>\n      <\/div>\n\n\n<div class='text-block-container MobileAlignment DesktopAlignment'>\n  <div class='wrapper'>\n    <div class='richText'>\n      <h5 class=\"large \"><span style=\"font-weight: 400;\">Die Circle Health Group hat die Einhaltung der Leistungsbeurteilung <span style=\"color: #017ab7;\"><strong>von 5% auf unglaubliche 95% erh\u00f6ht.<\/strong><\/span><br \/>Sehen Sie, wie Totara Circle geholfen hat, seinen Ansatz f\u00fcr das Lern- und Leistungsmanagement zu ver\u00e4ndern.  <\/span><\/h5>\n    <\/div>\n          <div class='cta'>\n        \n<a id=\"\" class=\"button-link \" target=\"\" href=\"https:\/\/staging.totara.fortyapp.com\/customer-stories\/circle-health-group-transforms-its-approach-to-learning-and-performance-management-with-totara\/\">\n  <span class='container darkPrimaryTheme'>\n    <div><\/div>\n    <div><\/div>\n    <div class='contents'>\n      <span>Mehr erfahren<\/span>\n          <\/div>\n  <\/span>\n<\/a>      <\/div>\n      <\/div>\n<\/div>\n\n\n<div class='leftright-content-block-container theme leftDirection'>\n  <div class=\"leftright-content-block-wrapper\">\n    <div class=\"leftright-content-block-details leftDirection\">\n              <div class='leftright-content-block-title'><span style=\"font-weight: 400;\"><strong>Personalisierte<\/strong> Zuweisungen von F\u00e4higkeiten  <\/span>\n<\/div>\n                    <p class='leftright-content-block-description'>Weisen Sie die F\u00e4higkeiten, Kenntnisse und Verhaltensweisen zu und verfolgen Sie sie, um sicherzustellen, dass jeder in seiner Rolle sicher und effektiv ist.<\/p>\n                <\/div>\n    <div class=\"leftright-content-block-images leftDirection\">\n      <div class='leftright-content-block-backgroundImage leftDirection'>\n        <div class='leftright-content-block-image_container'>\n                                    <img decoding=\"async\"\n                class='leftright-content-block-image'\n                loading='lazy'\n                alt=\"Background pattern\" \n                src=\"https:\/\/staging.totara.fortyapp.com\/wp-content\/themes\/totara\/assets\/images\/bg-tile-green.png\"\n                sizes=\"(min-width: 1440px) 708px, (min-width: 768px) 50vw, 100vw\"\n              \/>\n                              <\/div>\n      <\/div>\n      <div class='leftright-content-block-featureImage topLeft'>\n        <div class='leftright-content-block-image_container'>\n                                                    <img \n                  class='leftright-content-block-image'\n                  src='https:\/\/staging.totara.fortyapp.com\/wp-content\/uploads\/2022\/11\/Demo-limited-Perform-4.png'\n                  alt=\"\"\n                  srcset=\"https:\/\/staging.totara.fortyapp.com\/wp-content\/uploads\/2022\/11\/Demo-limited-Perform-4.png 727w, https:\/\/staging.totara.fortyapp.com\/wp-content\/uploads\/2022\/11\/Demo-limited-Perform-4-300x285.png 300w\"\n                  sizes=\"(max-width: 727px) 100vw, 727px\" \n                \/>\n                                            <\/div>\n      <\/div>\n    <\/div>\n  <\/div>\n<\/div>\n\n\n<div class='leftright-content-block-container theme rightDirection'>\n  <div class=\"leftright-content-block-wrapper\">\n    <div class=\"leftright-content-block-details rightDirection\">\n              <div class='leftright-content-block-title'><span style=\"font-weight: 400;\"><strong>Adaptive<\/strong> Beurteilungen<\/span>\n<\/div>\n                    <p class='leftright-content-block-description'>Verbessern Sie Beurteilungsprozesse oder f\u00fchren Sie problemlos neue Prozesse ein, einschlie\u00dflich 360-Grad-Feedback.<\/p>\n                <\/div>\n    <div class=\"leftright-content-block-images rightDirection\">\n      <div class='leftright-content-block-backgroundImage rightDirection'>\n        <div class='leftright-content-block-image_container'>\n                                    <img decoding=\"async\"\n                class='leftright-content-block-image'\n                loading='lazy'\n                alt=\"Background pattern\" \n                src=\"https:\/\/staging.totara.fortyapp.com\/wp-content\/themes\/totara\/assets\/images\/bg-tile-green.png\"\n                sizes=\"(min-width: 1440px) 708px, (min-width: 768px) 50vw, 100vw\"\n              \/>\n                              <\/div>\n      <\/div>\n      <div class='leftright-content-block-featureImage bottomLeft'>\n        <div class='leftright-content-block-image_container'>\n                                                    <img \n                  class='leftright-content-block-image'\n                  src='https:\/\/staging.totara.fortyapp.com\/wp-content\/uploads\/2022\/11\/Demo-limited-Perform-3.png'\n                  alt=\"\"\n                  srcset=\"https:\/\/staging.totara.fortyapp.com\/wp-content\/uploads\/2022\/11\/Demo-limited-Perform-3.png 631w, https:\/\/staging.totara.fortyapp.com\/wp-content\/uploads\/2022\/11\/Demo-limited-Perform-3-300x214.png 300w\"\n                  sizes=\"(max-width: 631px) 100vw, 631px\" \n                \/>\n                                            <\/div>\n      <\/div>\n    <\/div>\n  <\/div>\n<\/div>\n\n\n<div class='leftright-content-block-container themeOrange leftDirection'>\n  <div class=\"leftright-content-block-wrapper\">\n    <div class=\"leftright-content-block-details leftDirection\">\n              <div class='leftright-content-block-title'><span style=\"font-weight: 400;\">Gezieltes <strong>Coaching<\/strong><\/span>\n<\/div>\n                    <p class='leftright-content-block-description'>Leistungsstarke Berichte zeigen St\u00e4rken und Wachstumschancen auf<\/p>\n                <\/div>\n    <div class=\"leftright-content-block-images leftDirection\">\n      <div class='leftright-content-block-backgroundImage leftDirection'>\n        <div class='leftright-content-block-image_container'>\n                                    <img decoding=\"async\"\n                class='leftright-content-block-image'\n                loading='lazy'\n                alt=\"Background pattern\" \n                src=\"https:\/\/staging.totara.fortyapp.com\/wp-content\/themes\/totara\/assets\/images\/bg-tile-orange.png\"\n                sizes=\"(min-width: 1440px) 708px, (min-width: 768px) 50vw, 100vw\"\n              \/>\n                              <\/div>\n      <\/div>\n      <div class='leftright-content-block-featureImage left'>\n        <div class='leftright-content-block-image_container'>\n                                                    <img \n                  class='leftright-content-block-image'\n                  src='https:\/\/staging.totara.fortyapp.com\/wp-content\/uploads\/2022\/11\/Demo-limited-Perform-2.png'\n                  alt=\"\"\n                  srcset=\"https:\/\/staging.totara.fortyapp.com\/wp-content\/uploads\/2022\/11\/Demo-limited-Perform-2.png 631w, https:\/\/staging.totara.fortyapp.com\/wp-content\/uploads\/2022\/11\/Demo-limited-Perform-2-300x214.png 300w\"\n                  sizes=\"(max-width: 631px) 100vw, 631px\" \n                \/>\n                                            <\/div>\n      <\/div>\n    <\/div>\n  <\/div>\n<\/div>\n\n\n<div class='leftright-content-block-container theme rightDirection'>\n  <div class=\"leftright-content-block-wrapper\">\n    <div class=\"leftright-content-block-details rightDirection\">\n              <div class='leftright-content-block-title'><span style=\"font-weight: 400;\"><strong>Nahtlose<\/strong> Verwaltung<\/span>\n<\/div>\n                    <p class='leftright-content-block-description'>Integration mit Human Capital Management (HCM)-Produkten wie Gehaltsabrechnung, Rekrutierung und Talentmanagement<\/p>\n                <\/div>\n    <div class=\"leftright-content-block-images rightDirection\">\n      <div class='leftright-content-block-backgroundImage rightDirection'>\n        <div class='leftright-content-block-image_container'>\n                                    <img decoding=\"async\"\n                class='leftright-content-block-image'\n                loading='lazy'\n                alt=\"Background pattern\" \n                src=\"https:\/\/staging.totara.fortyapp.com\/wp-content\/themes\/totara\/assets\/images\/bg-tile-green.png\"\n                sizes=\"(min-width: 1440px) 708px, (min-width: 768px) 50vw, 100vw\"\n              \/>\n                              <\/div>\n      <\/div>\n      <div class='leftright-content-block-featureImage topRight'>\n        <div class='leftright-content-block-image_container'>\n                                                    <img \n                  class='leftright-content-block-image'\n                  src='https:\/\/staging.totara.fortyapp.com\/wp-content\/uploads\/2022\/11\/Demo-limited-Perform-1.png'\n                  alt=\"\"\n                  srcset=\"https:\/\/staging.totara.fortyapp.com\/wp-content\/uploads\/2022\/11\/Demo-limited-Perform-1.png 631w, https:\/\/staging.totara.fortyapp.com\/wp-content\/uploads\/2022\/11\/Demo-limited-Perform-1-300x214.png 300w\"\n                  sizes=\"(max-width: 631px) 100vw, 631px\" \n                \/>\n                                            <\/div>\n      <\/div>\n    <\/div>\n  <\/div>\n<\/div>\n\n\n<div class='cta-block-container  theme '>\n  <div class='cta-wrapper'>\n    <img decoding=\"async\" \n      class='cta-image'\n      loading='lazy'\n      src=\"https:\/\/staging.totara.fortyapp.com\/wp-content\/themes\/totara\/assets\/images\/bg-cta-green.png\"\n      alt='Background pattern'\n      sizes=(min-width: 1440px) 1440px, 100vw      layout='fill'\n      objectFit='cover'\n    \/>\n    <div class='cta-details'>\n              <h2 class='cta-title'><span style=\"font-weight: 400;\">Ehrgeizige Unternehmen entscheiden sich f\u00fcr Totara Perform, um Hochleistungskulturen zu schaffen, die sich st\u00e4ndig an neue M\u00f6glichkeiten anpassen.<\/span>\n<\/h2>\n                    <div class='cta-buttons'>\n                      \n<a id=\"\" class=\"button-link \" target=\"\" href=\"https:\/\/staging.totara.fortyapp.com\/resources\/totara-perform-functionality-overview\/\">\n  <span class='container lightPrimaryTheme'>\n    <div><\/div>\n    <div><\/div>\n    <div class='contents'>\n      <span>Totara Perform Merkmale<\/span>\n          <\/div>\n  <\/span>\n<\/a>                    \n        <\/div>\n                <\/div>\n  <\/div>\n<\/div>\n\n\n<div class='faq-container theme'>\n  <div class='wrapper'>\n          <h2 class='title'>H\u00e4ufig gestellte Fragen zum Leistungsmanagement<\/h2>\n            <div class='questions-wrapper'>\n                        <div class='question'>\n            <span class='plusIcon'>\n              <svg width=\"24\" height=\"24\" viewBox=\"0 0 24 24\" fill=\"none\" xmlns=\"http:\/\/www.w3.org\/2000\/svg\">\n                <path d=\"M12 8V16M8 12H16M22 12C22 17.5228 17.5228 22 12 22C6.47715 22 2 17.5228 2 12C2 6.47715 6.47715 2 12 2C17.5228 2 22 6.47715 22 12Z\" stroke=\"#98A2B3\" stroke-width=\"2\" stroke-linecap=\"round\" stroke-linejoin=\"round\"\/>\n              <\/svg>\n            <\/span>\n            <div>\n                              <h3 class='header'>Was sind die Phasen des Leistungsmanagements?<\/h3>\n                                            <div class='description'>Leistungsmanagement ist ein kontinuierlicher Prozess, der die Festlegung von Zielen, die \u00dcberwachung des Fortschritts, die Bereitstellung von Feedback, die Bewertung der Leistung und die Durchf\u00fchrung von Verbesserungen umfasst. Zu den Phasen des Leistungsmanagements geh\u00f6ren Planung, Coaching, \u00dcberpr\u00fcfung und Entwicklung. \n<\/div>\n                          <\/div>\n          <\/div>\n                  <div class='question'>\n            <span class='plusIcon'>\n              <svg width=\"24\" height=\"24\" viewBox=\"0 0 24 24\" fill=\"none\" xmlns=\"http:\/\/www.w3.org\/2000\/svg\">\n                <path d=\"M12 8V16M8 12H16M22 12C22 17.5228 17.5228 22 12 22C6.47715 22 2 17.5228 2 12C2 6.47715 6.47715 2 12 2C17.5228 2 22 6.47715 22 12Z\" stroke=\"#98A2B3\" stroke-width=\"2\" stroke-linecap=\"round\" stroke-linejoin=\"round\"\/>\n              <\/svg>\n            <\/span>\n            <div>\n                              <h3 class='header'>Was sind die Vorteile des Leistungsmanagements?<\/h3>\n                                            <div class='description'>Das Leistungsmanagement kann Unternehmen dabei helfen, das Engagement, die Produktivit\u00e4t und die Bindung ihrer Mitarbeiter zu verbessern, indem es klare Ziele, Erwartungen und Feedback liefert. Es hilft auch dabei, Bereiche zu identifizieren, die verbessert und weiterentwickelt werden k\u00f6nnen, und kann zu einer effektiveren Nutzung von Ressourcen und einer besseren Entscheidungsfindung f\u00fchren. \n<\/div>\n                          <\/div>\n          <\/div>\n                  <div class='question'>\n            <span class='plusIcon'>\n              <svg width=\"24\" height=\"24\" viewBox=\"0 0 24 24\" fill=\"none\" xmlns=\"http:\/\/www.w3.org\/2000\/svg\">\n                <path d=\"M12 8V16M8 12H16M22 12C22 17.5228 17.5228 22 12 22C6.47715 22 2 17.5228 2 12C2 6.47715 6.47715 2 12 2C17.5228 2 22 6.47715 22 12Z\" stroke=\"#98A2B3\" stroke-width=\"2\" stroke-linecap=\"round\" stroke-linejoin=\"round\"\/>\n              <\/svg>\n            <\/span>\n            <div>\n                              <h3 class='header'>Was ist kontinuierliches Leistungsmanagement?<\/h3>\n                                            <div class='description'>Kontinuierliches Leistungsmanagement ist ein Ansatz f\u00fcr das Leistungsmanagement, der den Schwerpunkt auf kontinuierliches Feedback, Coaching und Entwicklung legt. Er ersetzt die traditionellen j\u00e4hrlichen Leistungsbeurteilungen durch h\u00e4ufigere Kontrollen und Gespr\u00e4che zwischen Managern und Mitarbeitern. Kontinuierliches Leistungsmanagement erm\u00f6glicht eine flexiblere und reaktionsschnellere Leistungsverbesserung und eine bessere Abstimmung der Mitarbeiterziele mit den Unternehmenszielen.  \n<\/div>\n                          <\/div>\n          <\/div>\n                  <\/div>\n      <\/div>\n<\/div>\n\n\n<div class=\"related-content_container\">\n  <div class='related-content_linkTitleWrapper'>\n    <h2 class=\"related-content_title\">Ausgew\u00e4hlte Geschichten<\/h2>\n      <\/div>\n  <div class=\"related-content_pageTilesWrapper\">\n            \n  <\/div>\n<\/div>\n\n\n<div class='cta-block-container  theme '>\n  <div class='cta-wrapper'>\n    <img decoding=\"async\" \n      class='cta-image'\n      loading='lazy'\n      src=\"https:\/\/staging.totara.fortyapp.com\/wp-content\/themes\/totara\/assets\/images\/bg-cta-green.png\"\n      alt='Background pattern'\n      sizes=(min-width: 1440px) 1440px, 100vw      layout='fill'\n      objectFit='cover'\n    \/>\n    <div class='cta-details'>\n              <h2 class='cta-title'>Ihre Plattform. Ihr Weg.\n<\/h2>\n                    <div class='cta-buttons'>\n                      \n<a id=\"\" class=\"button-link \" target=\"\" href=\"https:\/\/staging.totara.fortyapp.com\/request-a-demo-form\/\">\n  <span class='container lightPrimaryTheme'>\n    <div><\/div>\n    <div><\/div>\n    <div class='contents'>\n      <span>Demo anfordern<\/span>\n          <\/div>\n  <\/span>\n<\/a>                    \n        <\/div>\n                <\/div>\n  <\/div>\n<\/div>","protected":false},"excerpt":{"rendered":"","protected":false},"author":3,"featured_media":0,"parent":0,"menu_order":4,"comment_status":"closed","ping_status":"closed","template":"","meta":{"_acf_changed":false,"content-type":"","footnotes":""},"tax\/tags":[651,598,652],"tax\/topics":[654],"class_list":["post-37324","page","type-page","status-publish","hentry"],"acf":[],"_links":{"self":[{"href":"https:\/\/staging.totara.fortyapp.com\/de\/wp-json\/wp\/v2\/pages\/37324","targetHints":{"allow":["GET"]}}],"collection":[{"href":"https:\/\/staging.totara.fortyapp.com\/de\/wp-json\/wp\/v2\/pages"}],"about":[{"href":"https:\/\/staging.totara.fortyapp.com\/de\/wp-json\/wp\/v2\/types\/page"}],"author":[{"embeddable":true,"href":"https:\/\/staging.totara.fortyapp.com\/de\/wp-json\/wp\/v2\/users\/3"}],"replies":[{"embeddable":true,"href":"https:\/\/staging.totara.fortyapp.com\/de\/wp-json\/wp\/v2\/comments?post=37324"}],"version-history":[{"count":2,"href":"https:\/\/staging.totara.fortyapp.com\/de\/wp-json\/wp\/v2\/pages\/37324\/revisions"}],"predecessor-version":[{"id":70488,"href":"https:\/\/staging.totara.fortyapp.com\/de\/wp-json\/wp\/v2\/pages\/37324\/revisions\/70488"}],"wp:attachment":[{"href":"https:\/\/staging.totara.fortyapp.com\/de\/wp-json\/wp\/v2\/media?parent=37324"}],"wp:term":[{"taxonomy":"tag","embeddable":true,"href":"https:\/\/staging.totara.fortyapp.com\/de\/wp-json\/wp\/v2\/tax\/tags?post=37324"},{"taxonomy":"topic","embeddable":true,"href":"https:\/\/staging.totara.fortyapp.com\/de\/wp-json\/wp\/v2\/tax\/topics?post=37324"}],"curies":[{"name":"wp","href":"https:\/\/api.w.org\/{rel}","templated":true}]}}