{"id":37316,"date":"2022-11-24T00:46:31","date_gmt":"2022-11-24T00:46:31","guid":{"rendered":"https:\/\/staging.totara.fortyapp.com\/community\/"},"modified":"2026-03-12T10:19:01","modified_gmt":"2026-03-12T10:19:01","slug":"community","status":"publish","type":"page","link":"https:\/\/staging.totara.fortyapp.com\/de\/community\/","title":{"rendered":"Community"},"content":{"rendered":"\n<div class='standard-header-container themeOrange ' style=\"--title-color: #ffffff; --strong-color: #ffb84d; --subtitle-color: #ffffff; --content-color: #ffffff\">\n  <div class='backgroundImageWrapper'>\n    <img decoding=\"async\"\n      class='backgroundImage' \n      loading=\"lazy\"\n      src=\"https:\/\/staging.totara.fortyapp.com\/wp-content\/themes\/totara\/assets\/images\/bg-standard-hero-orange.png\"  \n      sizes=\"100vw\"\n      alt=\"Background pattern\"\n    \/>\n  <\/div>\n  <div class='wrapper'>\n    <div class='detailsWrapper'>\n      <div class='details'>\n                          <h1 class='title  fontLight has-color'><span style=\"font-weight: 400\">Willkommen in unserer<strong> Community<\/strong>\u00a0<\/span>&nbsp;\n<\/h1>\n                          <p class='description fontLight has-color'>Das globale Zuhause f\u00fcr Lern- und Personalexperten &#8211; ein vielseitiger, lebendiger Knotenpunkt, an dem Menschen ihr Wissen teilen und bew\u00e4hrte Verfahren weiterentwickeln.<\/p>\n                          <div class='cta'>\n            \n<a id=\"\" class=\"button-link \" target=\"\" href=\"http:\/\/totara.community\">\n  <span class='container lightPrimaryTheme'>\n    <div><\/div>\n    <div><\/div>\n    <div class='contents'>\n      <span>Einloggen oder besuchen<\/span>\n          <\/div>\n  <\/span>\n<\/a>          <\/div>\n              <\/div>\n    <\/div>\n    \n          <div class='images numberOfImages3'>\n              <div class='imageWrapper'>\n          <div class='image-container' style='padding-bottom: calc(100% \/ (1 \/ 1));'>\n                          <img decoding=\"async\" \n                class='image'\n                loading=\"lazy\"\n                src=\"https:\/\/staging.totara.fortyapp.com\/wp-content\/uploads\/2022\/11\/Stocksy_txpefacc53bUGV300_Medium_2939090-1-768x476.jpg\"  \n                alt=\"\"\n                srcset=\"https:\/\/staging.totara.fortyapp.com\/wp-content\/uploads\/2022\/11\/Stocksy_txpefacc53bUGV300_Medium_2939090-1-768x476.jpg 768w, https:\/\/staging.totara.fortyapp.com\/wp-content\/uploads\/2022\/11\/Stocksy_txpefacc53bUGV300_Medium_2939090-1-300x186.jpg 300w, https:\/\/staging.totara.fortyapp.com\/wp-content\/uploads\/2022\/11\/Stocksy_txpefacc53bUGV300_Medium_2939090-1-1024x635.jpg 1024w, https:\/\/staging.totara.fortyapp.com\/wp-content\/uploads\/2022\/11\/Stocksy_txpefacc53bUGV300_Medium_2939090-1-1536x953.jpg 1536w, https:\/\/staging.totara.fortyapp.com\/wp-content\/uploads\/2022\/11\/Stocksy_txpefacc53bUGV300_Medium_2939090-1.jpg 1796w\"\n                sizes=\"(max-width: 768px) 100vw, 768px\"\n              \/>\n                      <\/div>\n        <\/div>\n              <div class='imageWrapper'>\n          <div class='image-container' style='padding-bottom: calc(100% \/ (464 \/ 343));'>\n                          <img decoding=\"async\" \n                class='image'\n                loading=\"lazy\"\n                src=\"https:\/\/staging.totara.fortyapp.com\/wp-content\/uploads\/2026\/03\/iStock-1447892608_edited_web-768x512.jpg\"  \n                alt=\"\"\n                srcset=\"https:\/\/staging.totara.fortyapp.com\/wp-content\/uploads\/2026\/03\/iStock-1447892608_edited_web-768x512.jpg 768w, https:\/\/staging.totara.fortyapp.com\/wp-content\/uploads\/2026\/03\/iStock-1447892608_edited_web-300x200.jpg 300w, https:\/\/staging.totara.fortyapp.com\/wp-content\/uploads\/2026\/03\/iStock-1447892608_edited_web.jpg 900w\"\n                sizes=\"(max-width: 768px) 100vw, 768px\"\n              \/>\n                      <\/div>\n        <\/div>\n              <div class='imageWrapper'>\n          <div class='image-container' style='padding-bottom: calc(100% \/ (270 \/ 173));'>\n                          <img decoding=\"async\" \n                class='image'\n                loading=\"lazy\"\n                src=\"https:\/\/staging.totara.fortyapp.com\/wp-content\/uploads\/2022\/11\/GettyImages-1346145497-1-768x512.jpg\"  \n                alt=\"\"\n                srcset=\"https:\/\/staging.totara.fortyapp.com\/wp-content\/uploads\/2022\/11\/GettyImages-1346145497-1-768x512.jpg 768w, https:\/\/staging.totara.fortyapp.com\/wp-content\/uploads\/2022\/11\/GettyImages-1346145497-1-300x200.jpg 300w, https:\/\/staging.totara.fortyapp.com\/wp-content\/uploads\/2022\/11\/GettyImages-1346145497-1-1024x683.jpg 1024w, https:\/\/staging.totara.fortyapp.com\/wp-content\/uploads\/2022\/11\/GettyImages-1346145497-1-1536x1024.jpg 1536w, https:\/\/staging.totara.fortyapp.com\/wp-content\/uploads\/2022\/11\/GettyImages-1346145497-1-2048x1365.jpg 2048w\"\n                sizes=\"(max-width: 768px) 100vw, 768px\"\n              \/>\n                      <\/div>\n        <\/div>\n            <\/div>\n        \n  <\/div>\n<\/div>\n\n\n<div class=\"feature-text-block-container themeMidBlue\">\n  <div class=\"wrapper\">\n          <div class='text'>\n        <span style=\"font-weight: 400\"><strong>Verbinden Sie sich mit Ihren Talenterfahrungs-Kollegen auf der ganzen Welt.<\/strong>\u00a0Frei zug\u00e4ngliche Ressourcen bauen auf Tausenden von gel\u00f6sten Herausforderungen auf. Hier k\u00f6nnen Sie das Beste aus Ihrem Totara-Abonnement herausholen.<\/span>\n      <\/div>\n      <\/div>\n<\/div>\n\n\n<div class=\"content-grid-container\">\n            <div class=\"gridTile centered- has-light-grey-background-color\">\n                  <img decoding=\"async\" \n            src=\"https:\/\/staging.totara.fortyapp.com\/wp-content\/uploads\/2022\/11\/globe-2-01.png\"\n            alt=\"\"\n            loading=\"lazy\"\n          \/>\n                          <h3 class=\"title has-dark-color\">Tiefgr\u00fcndige Gemeinschaft<\/h3>\n                          <div class=\"description has-dark-color\">Nutzen Sie ein globales Netzwerk von Menschen, die in \u00e4hnlichen Funktionen arbeiten\n<\/div>\n                      <\/div>\n          <div class=\"gridTile centered- has-light-grey-background-color\">\n                  <img decoding=\"async\" \n            src=\"https:\/\/staging.totara.fortyapp.com\/wp-content\/uploads\/2022\/11\/podium-2-01.png\"\n            alt=\"\"\n            loading=\"lazy\"\n          \/>\n                          <h3 class=\"title has-dark-color\">Totara Academy<\/h3>\n                          <div class=\"description has-dark-color\">Bauen Sie Ihre Karriere auf und nutzen Sie offene Abzeichen, um Ihre Totara-F\u00e4higkeiten zu demonstrieren\n<\/div>\n                      <\/div>\n          <div class=\"gridTile centered- has-light-grey-background-color\">\n                  <img decoding=\"async\" \n            src=\"https:\/\/staging.totara.fortyapp.com\/wp-content\/uploads\/2022\/11\/info-point-2-01.png\"\n            alt=\"\"\n            loading=\"lazy\"\n          \/>\n                          <h3 class=\"title has-dark-color\">Regelm\u00e4\u00dfige Webinare<\/h3>\n                          <div class=\"description has-dark-color\">Holen Sie sich das Know-How des Totara-Teams, von Partnern, Kunden und Branchenexperten\n<\/div>\n                      <\/div>\n          <div class=\"gridTile centered- has-light-grey-background-color\">\n                  <img decoding=\"async\" \n            src=\"https:\/\/staging.totara.fortyapp.com\/wp-content\/uploads\/2022\/11\/comments-2-01.png\"\n            alt=\"\"\n            loading=\"lazy\"\n          \/>\n                          <h3 class=\"title has-dark-color\">Direkter Zugang<\/h3>\n                          <div class=\"description has-dark-color\">Teilen Sie Ihre Erfahrungen und erhalten Sie Unterst\u00fctzung von den Leuten, die Totara bauen\n<\/div>\n                      <\/div>\n      <\/div>\n\n\n<div class='cta-block-container  themeOrange '>\n  <div class='cta-wrapper'>\n    <img decoding=\"async\" \n      class='cta-image'\n      loading='lazy'\n      src=\"https:\/\/staging.totara.fortyapp.com\/wp-content\/themes\/totara\/assets\/images\/bg-cta-orange.png\"\n      alt='Background pattern'\n      sizes=(min-width: 1440px) 1440px, 100vw      layout='fill'\n      objectFit='cover'\n    \/>\n    <div class='cta-details'>\n              <h2 class='cta-title'>Foren und Kurskatalog anzeigen. Kein Konto erforderlich.\n<\/h2>\n                    <div class='cta-buttons'>\n                                \n<a id=\"\" class=\"button-link \" target=\"\" href=\"https:\/\/totara.community\/\">\n  <span class='container lightPrimaryTheme'>\n    <div><\/div>\n    <div><\/div>\n    <div class='contents'>\n      <span>Besuchen<\/span>\n          <\/div>\n  <\/span>\n<\/a>          \n        <\/div>\n                    <div class='cta-secondaryButtons'>\n          \n<a id=\"\" class=\"button-link \" target=\"\" href=\"https:\/\/login.totara.community\/login\/index.php\">\n  <span class='container lightPrimaryTheme'>\n    <div><\/div>\n    <div><\/div>\n    <div class='contents'>\n      <span>Schon ein Mitglied<\/span>\n          <\/div>\n  <\/span>\n<\/a>        <\/div>\n          <\/div>\n  <\/div>\n<\/div>\n\n\n<div class='media-block-container'>\n  <div class='wrapper'>\n          <div class='videoWrapper'>\n        <div>\n          <iframe\n            id='iframe10'\n            class='embed'\n            src='https:\/\/www.youtube.com\/embed\/EB9phmbkP50?autoplay=0&#038;mute=1'\n            title='YouTube video player'\n            allow=\"accelerometer; autoplay; clipboard-write; encrypted-media; gyroscope; picture-in-picture\"\n            allowFullScreen\n          ><\/iframe>\n        <\/div>\n        <div id='thumbnail-container'>\n                      <img decoding=\"async\" \n              loading='lazy'\n              class='videoThumbnail'\n              src=\"https:\/\/staging.totara.fortyapp.com\/wp-content\/uploads\/2025\/11\/Welcome-to-the-Totara-Community-thumbnails-1024x576.png\"  \n              alt=\"\"\n              srcset=\"https:\/\/staging.totara.fortyapp.com\/wp-content\/uploads\/2025\/11\/Welcome-to-the-Totara-Community-thumbnails.png 1280w, https:\/\/staging.totara.fortyapp.com\/wp-content\/uploads\/2025\/11\/Welcome-to-the-Totara-Community-thumbnails-300x169.png 300w, https:\/\/staging.totara.fortyapp.com\/wp-content\/uploads\/2025\/11\/Welcome-to-the-Totara-Community-thumbnails-1024x576.png 1024w, https:\/\/staging.totara.fortyapp.com\/wp-content\/uploads\/2025\/11\/Welcome-to-the-Totara-Community-thumbnails-768x432.png 768w\"\n              sizes=\"(max-width: 1067px) 100vw, 1067px\"\n            \/>\n                    \n<a id=\"videoEmbedButton10\" class=\"button-link largeSize\" target=\"\" href=\"\">\n  <span class='container darkPrimaryTheme'>\n    <div><\/div>\n    <div><\/div>\n    <div class='contents'>\n      <span>Play video<\/span>\n      <svg width=\"20\" height=\"20\" viewBox=\"0 0 20 20\" fill=\"#2C9892\" xmlns=\"http:\/\/www.w3.org\/2000\/svg\">\n        <path fillRule=\"evenodd\" clip-rule=\"evenodd\" d=\"M2 10C2 9.58579 2.33579 9.25 2.75 9.25L15.3879 9.25L10.2302 4.29062C9.93159 4.00353 9.92228 3.52875 10.2094 3.23017C10.4965 2.93159 10.9713 2.92228 11.2698 3.20937L17.7698 9.45937C17.9169 9.60078 18 9.79599 18 10C18 10.204 17.9169 10.3992 17.7698 10.5406L11.2698 16.7906C10.9713 17.0777 10.4965 17.0684 10.2094 16.7698C9.92228 16.4713 9.93159 15.9965 10.2302 15.7094L15.3879 10.75L2.75 10.75C2.33579 10.75 2 10.4142 2 10Z\" \/>\n        <\/svg>    <\/div>\n  <\/span>\n<\/a>        <\/div>\n      <\/div>\n      <\/div>\n<\/div>\n\n<script>\n  let button = document.getElementById('videoEmbedButton10');\n  let thumbnailContainer = document.getElementById('thumbnail-container');\n  let iframe = document.getElementById('iframe10');\n  let videoURL = 'https:\/\/www.youtube.com\/embed\/EB9phmbkP50';\n\n  if (button) {\n    button.addEventListener('click', function(e) {\n      e.preventDefault();\n      thumbnailContainer.style.display = 'none';\n      iframe.src = `${videoURL}?autoplay=1&mute=0`;\n    });\n  }\n<\/script>\n\n\n<div class='quote-carousel-container'>\n  <img \n    loading='lazy'\n    class='image'\n    alt='Background pattern'\n    sizes=\"100vw\"\n    src='https:\/\/staging.totara.fortyapp.com\/wp-content\/themes\/totara\/assets\/images\/bg-cta-light-grey.png'\n  \/>\n  <div class='wrapper quote-swiper-container'>\n                  <div class='quote-outer-container'>\n          <div class='quote themeMidBlue'>\n                          <blockquote><span style=\"font-weight: 400\">\u201e<strong>Ich kann Ihnen gar nicht genug<\/strong> f\u00fcr all die Webinare danken, die Sie in den letzten Jahren abgehalten haben, denn ich glaube nicht, dass ich unser System ohne diese so weit h\u00e4tte entwickeln k\u00f6nnen, wie ich es getan habe.\u201c<\/span>\n<\/blockquote>\n                                      <figcaption>\n                                <span>\n                  <strong>Jill Scott,<\/strong>\n                  <br>\n                  Direktorin f\u00fcr Personal- und Organisationsentwicklung, Salisbury Group                <\/span>\n              <\/figcaption>\n                      <\/div>\n        <\/div>\n              <div class='quote-outer-container'>\n          <div class='quote themeMidBlue'>\n                          <blockquote><span style=\"font-weight: 400\">\u201eIch denke, es ist die <strong>beste frei verf\u00fcgbare Quelle f\u00fcr eine LMS-L\u00f6sung,<\/strong> die ich je gesehen habe.\u201c<\/span>\n<\/blockquote>\n                                      <figcaption>\n                                <span>\n                  <strong>Teilnehmer ,<\/strong>\n                  <br>\n                   Totara Academy                <\/span>\n              <\/figcaption>\n                      <\/div>\n        <\/div>\n              <div class='quote-outer-container'>\n          <div class='quote themeMidBlue'>\n                          <blockquote><span style=\"font-weight: 400\">\u201eWir freuen uns sehr, Totaras Umgestaltung der Lernerfahrung durch die Verschmelzung von Gemeinschaften und Bildung, die durch eine moderne Lernerfahrung vermittelt wird, als <\/span><b>Gewinner des CEdMA-Innovationspreises 2021<\/b><span style=\"font-weight: 400\"> auszuzeichnen.\u201c<\/span>\n<\/blockquote>\n                                      <figcaption>\n                                <span>\n                  <strong>Danielle Campbell,<\/strong>\n                  <br>\n                  Vorstandsvorsitzende, Customer Education Management Association (CEdMA)                <\/span>\n              <\/figcaption>\n                      <\/div>\n        <\/div>\n            <\/div>\n<\/div>\n\n\n<div class='cta-block-container  themeLightBlue '>\n  <div class='cta-wrapper'>\n    <img decoding=\"async\" \n      class='cta-image'\n      loading='lazy'\n      src=\"https:\/\/staging.totara.fortyapp.com\/wp-content\/themes\/totara\/assets\/images\/bg-cta-light-blue.png\"\n      alt='Background pattern'\n      sizes=(min-width: 1440px) 1440px, 100vw      layout='fill'\n      objectFit='cover'\n    \/>\n    <div class='cta-details'>\n              <h2 class='cta-title'>Sehen Sie die Totara-Community in Aktion\n<\/h2>\n                    <div class='cta-buttons'>\n                      \n<a id=\"\" class=\"button-link \" target=\"\" href=\"https:\/\/totara.community\/\">\n  <span class='container lightPrimaryTheme'>\n    <div><\/div>\n    <div><\/div>\n    <div class='contents'>\n      <span>Besuchen<\/span>\n          <\/div>\n  <\/span>\n<\/a>                                \n<a id=\"\" class=\"button-link \" target=\"\" href=\"https:\/\/login.totara.community\/login\/index.php\">\n  <span class='container lightPrimaryTheme'>\n    <div><\/div>\n    <div><\/div>\n    <div class='contents'>\n      <span>Schon ein Mitglied?<\/span>\n          <\/div>\n  <\/span>\n<\/a>          \n        <\/div>\n                <\/div>\n  <\/div>\n<\/div>","protected":false},"excerpt":{"rendered":"","protected":false},"author":8,"featured_media":0,"parent":0,"menu_order":0,"comment_status":"closed","ping_status":"closed","template":"","meta":{"_acf_changed":false,"content-type":"","footnotes":""},"tax\/tags":[],"tax\/topics":[],"class_list":["post-37316","page","type-page","status-publish","hentry"],"acf":[],"_links":{"self":[{"href":"https:\/\/staging.totara.fortyapp.com\/de\/wp-json\/wp\/v2\/pages\/37316","targetHints":{"allow":["GET"]}}],"collection":[{"href":"https:\/\/staging.totara.fortyapp.com\/de\/wp-json\/wp\/v2\/pages"}],"about":[{"href":"https:\/\/staging.totara.fortyapp.com\/de\/wp-json\/wp\/v2\/types\/page"}],"author":[{"embeddable":true,"href":"https:\/\/staging.totara.fortyapp.com\/de\/wp-json\/wp\/v2\/users\/8"}],"replies":[{"embeddable":true,"href":"https:\/\/staging.totara.fortyapp.com\/de\/wp-json\/wp\/v2\/comments?post=37316"}],"version-history":[{"count":2,"href":"https:\/\/staging.totara.fortyapp.com\/de\/wp-json\/wp\/v2\/pages\/37316\/revisions"}],"predecessor-version":[{"id":74308,"href":"https:\/\/staging.totara.fortyapp.com\/de\/wp-json\/wp\/v2\/pages\/37316\/revisions\/74308"}],"wp:attachment":[{"href":"https:\/\/staging.totara.fortyapp.com\/de\/wp-json\/wp\/v2\/media?parent=37316"}],"wp:term":[{"taxonomy":"tag","embeddable":true,"href":"https:\/\/staging.totara.fortyapp.com\/de\/wp-json\/wp\/v2\/tax\/tags?post=37316"},{"taxonomy":"topic","embeddable":true,"href":"https:\/\/staging.totara.fortyapp.com\/de\/wp-json\/wp\/v2\/tax\/topics?post=37316"}],"curies":[{"name":"wp","href":"https:\/\/api.w.org\/{rel}","templated":true}]}}