{"id":37313,"date":"2022-11-18T04:07:41","date_gmt":"2022-11-18T04:07:41","guid":{"rendered":"https:\/\/staging.totara.fortyapp.com\/management-team\/"},"modified":"2026-01-12T11:35:01","modified_gmt":"2026-01-12T11:35:01","slug":"management-team","status":"publish","type":"page","link":"https:\/\/staging.totara.fortyapp.com\/de\/management-team\/","title":{"rendered":"Gesch\u00e4ftsf\u00fchrung"},"content":{"rendered":"\n<div class='standard-header-container themeTeal ' style=\"\">\n  <div class='backgroundImageWrapper'>\n    <img decoding=\"async\"\n      class='backgroundImage' \n      loading=\"lazy\"\n      src=\"https:\/\/staging.totara.fortyapp.com\/wp-content\/themes\/totara\/assets\/images\/bg-standard-hero-teal.png\"  \n      sizes=\"100vw\"\n      alt=\"Background pattern\"\n    \/>\n  <\/div>\n  <div class='wrapper'>\n    <div class='detailsWrapper'>\n      <div class='details'>\n                          <h1 class='title  '><strong>Management<\/strong> Team\n<\/h1>\n                          <p class='description '>Treffen Sie unsere globalen F\u00fchrungskr\u00e4fte<\/p>\n                      <\/div>\n    <\/div>\n    \n          <div class='images numberOfImages1'>\n              <div class='imageWrapper'>\n          <div class='image-container' style='padding-bottom: calc(100% \/ (464 \/ 343));'>\n                          <img decoding=\"async\" \n                class='image'\n                loading=\"lazy\"\n                src=\"https:\/\/staging.totara.fortyapp.com\/wp-content\/uploads\/2022\/12\/management-team@2x.png\"  \n                alt=\"\"\n                srcset=\"https:\/\/staging.totara.fortyapp.com\/wp-content\/uploads\/2022\/12\/management-team@2x.png 759w, https:\/\/staging.totara.fortyapp.com\/wp-content\/uploads\/2022\/12\/management-team@2x-300x223.png 300w\"\n                sizes=\"(max-width: 759px) 100vw, 759px\"\n              \/>\n                      <\/div>\n        <\/div>\n            <\/div>\n        \n  <\/div>\n<\/div>\n\n\n<div class=\"feature-text-block-container themeTeal\">\n  <div class=\"wrapper\">\n          <div class='text'>\n        <span style=\"font-weight: 400;\">Das Management Team von Totara verf\u00fcgt \u00fcber mehr als 80 Jahre Erfahrung in der Zusammenarbeit mit einigen der gr\u00f6\u00dften Marken der Welt bei der L\u00f6sung von Kompetenz- und Technologieproblemen. Menschen dabei zu helfen, ihre beste Arbeit zu leisten, liegt uns am Herzen und ist der Kern unseres Handelns.<\/span>\n      <\/div>\n      <\/div>\n<\/div>\n\n\n<div class=\"content-feature-container themeTeal rightDirection threeQuartersSize\">\n  <div class='cf-wrapper'>\n    <div class='cf-images'>\n              <div class='cf-featureImage'>\n          <img decoding=\"async\"\n            loading=\"lazy\" \n            class=\"image\"\n            width=\"746\"\n            height=\"1024\"\n            src=\"https:\/\/staging.totara.fortyapp.com\/wp-content\/uploads\/2024\/11\/CEO-headshot-1.jpg\"  \n            alt=\"Headshot of Totara CEO Dave Cruickshank\n\"\n            srcset=\"https:\/\/staging.totara.fortyapp.com\/wp-content\/uploads\/2024\/11\/CEO-headshot-1.jpg 746w, https:\/\/staging.totara.fortyapp.com\/wp-content\/uploads\/2024\/11\/CEO-headshot-1-219x300.jpg 219w\"\n            sizes=\"auto, (max-width: 255px) 100vw, 255px\"\n          \/>\n        <\/div>\n          <\/div>\n    <div class=\"cf-detailsWrapper\">\n      <div class='cf-details'>\n                  <h2 class='cf-title'><span>Dave <strong>Cruickshank<\/strong>\n<\/span><\/h2>\n                          <p class='cf-label'>Chief Executive Officer<\/p>\n                          <div class='cf-description'>\n            <p>&#8220;Totara gibt Organisationen die Kontrolle zur\u00fcck \u2013 mit einem vollst\u00e4ndig anpassbaren LMS. In der heutigen, sich rasant ver\u00e4ndernden Welt sollte keine Organisation durch die Einschr\u00e4nkungen eines LMS begrenzt sein. Unser Ziel ist es, Unternehmen die M\u00f6glichkeit zu geben, Lernangebote zu gestalten, die auf ihre individuellen Bed\u00fcrfnisse zugeschnitten sind \u2013 und so echten Mehrwert f\u00fcr Organisationen und ihre Mitarbeitenden zu schaffen.&#8221;<\/p>\n<p>Dave leitet Totaras strategische Vision und operative Aktivit\u00e4ten mit \u00fcber 20 Jahren Erfahrung in Technologie und Beratung. Seine Karriere umfasst F\u00fchrungspositionen in Branchen wie Reisen und Finanzen \u2013 mit einem klaren Fokus auf Wachstum, Kundeneinblicke und Markttrends, die wirkungsvolle Lernl\u00f6sungen pr\u00e4gen.<\/p>\n          <\/div>\n                      <\/div>\n    <\/div>\n  <\/div>\n<\/div>\n\n\n<div class=\"content-feature-container themeTeal leftDirection threeQuartersSize\">\n  <div class='cf-wrapper'>\n    <div class='cf-images'>\n              <div class='cf-featureImage'>\n          <img decoding=\"async\"\n            loading=\"lazy\" \n            class=\"image\"\n            width=\"1667\"\n            height=\"2500\"\n            src=\"https:\/\/staging.totara.fortyapp.com\/wp-content\/uploads\/2022\/11\/Totara_ELT_27.10.22_4300-768x1152.jpeg\"  \n            alt=\"\"\n            srcset=\"\"\n            sizes=\"auto, (max-width: 233px) 100vw, 233px\"\n          \/>\n        <\/div>\n          <\/div>\n    <div class=\"cf-detailsWrapper\">\n      <div class='cf-details'>\n                  <h2 class='cf-title'><span>Nicole <strong>Lyons<\/strong>\n<\/span><\/h2>\n                          <p class='cf-label'>Head of People &#038; Culture<\/p>\n                          <div class='cf-description'>\n            <p>\u201eZukunftsorientierte und erfolgreiche Unternehmen stellen ihre Mitarbeiter in den Mittelpunkt ihres Handelns. Das bedeutet, ein Umfeld zu schaffen und zu f\u00f6rdern, in dem die Mitarbeiter sinnvolle Erfahrungen machen und in dem sie respektiert, gef\u00f6rdert, unterst\u00fctzt und bef\u00e4higt werden, ihre beste Arbeit zu leisten.\u201c<\/p>\n<p>Nicole ist Leiterin der globalen Abteilung People Experience bei Totara und sorgt daf\u00fcr, dass unsere Teams durch eine positive, f\u00f6rderliche Mitarbeitererfahrung erfolgreich sind. Nicole verf\u00fcgt \u00fcber einen einzigartigen und innovativen Ansatz in Bezug auf Talente, da sie \u00fcber umfangreiche internationale Erfahrung auf allen Organisationsebenen verf\u00fcgt. Sie hat in einer Vielzahl von Sektoren gearbeitet, unter anderem in den Bereichen Technologie, Verlagswesen, digitale Medien, Werbung, Finanzen, Recht und Technik, und verf\u00fcgt \u00fcber besondere Erfahrung bei der Einf\u00fchrung neuer Personaltechnologien auf globaler Ebene.<\/p>\n          <\/div>\n                      <\/div>\n    <\/div>\n  <\/div>\n<\/div>\n\n\n<div class=\"content-feature-container themeTeal rightDirection threeQuartersSize\">\n  <div class='cf-wrapper'>\n    <div class='cf-images'>\n              <div class='cf-featureImage'>\n          <img decoding=\"async\"\n            loading=\"lazy\" \n            class=\"image\"\n            width=\"800\"\n            height=\"1097\"\n            src=\"https:\/\/staging.totara.fortyapp.com\/wp-content\/uploads\/2023\/03\/warwick_edited-low-res-768x1053.png\"  \n            alt=\"\"\n            srcset=\"https:\/\/staging.totara.fortyapp.com\/wp-content\/uploads\/2023\/03\/warwick_edited-low-res.png 800w, https:\/\/staging.totara.fortyapp.com\/wp-content\/uploads\/2023\/03\/warwick_edited-low-res-219x300.png 219w, https:\/\/staging.totara.fortyapp.com\/wp-content\/uploads\/2023\/03\/warwick_edited-low-res-747x1024.png 747w, https:\/\/staging.totara.fortyapp.com\/wp-content\/uploads\/2023\/03\/warwick_edited-low-res-768x1053.png 768w\"\n            sizes=\"auto, (max-width: 255px) 100vw, 255px\"\n          \/>\n        <\/div>\n          <\/div>\n    <div class=\"cf-detailsWrapper\">\n      <div class='cf-details'>\n                  <h2 class='cf-title'><span>Warwick <strong>Fletcher<\/strong>\n<\/span><\/h2>\n                          <p class='cf-label'>Chief Financial Officer <\/p>\n                          <div class='cf-description'>\n            <p>&#8220;Intelligente Investitionen in Menschen sind eine Erfolgsgarantie. Totara-L\u00f6sungen verbindet Schulungen, Wissen und Leistungsmanagement direkt mit den organisatorischen Ergebnissen auf einer Plattform. Durch das Ersetzen von \u00e4lteren, fragmentierten Systemen bieten wir sichtbare Produktivit\u00e4tssteigerungen und Kosteneinsparungen f\u00fcr den Kunden. Gleichzeitig verbessern wir nachhaltig das Arbeitsleben der Menschen.&#8221;<\/p>\n<p>Warwick leitet die Finanzstrategie von Totara, um unser globales Marktwachstum zu erm\u00f6glichen. Er verf\u00fcgt \u00fcber mehr als 20 Jahre kommerzielle Erfahrung und begann seine Karriere als Wirtschaftspr\u00fcfer im \u00d6ffentlichen Dienst, bevor er leitende Positionen in b\u00f6rsennotierten und privaten Unternehmen verschiedener Branchen, einschlie\u00dflich Immobilien, Dienstleistungen und Technologie, innehatte.<\/p>\n          <\/div>\n                      <\/div>\n    <\/div>\n  <\/div>\n<\/div>\n\n\n<div class=\"content-feature-container themeTeal leftDirection threeQuartersSize\">\n  <div class='cf-wrapper'>\n    <div class='cf-images'>\n              <div class='cf-featureImage'>\n          <img decoding=\"async\"\n            loading=\"lazy\" \n            class=\"image\"\n            width=\"934\"\n            height=\"1250\"\n            src=\"https:\/\/staging.totara.fortyapp.com\/wp-content\/uploads\/2023\/06\/Hadleigh-Headshot-Web-768x1028.jpg\"  \n            alt=\"\"\n            srcset=\"https:\/\/staging.totara.fortyapp.com\/wp-content\/uploads\/2023\/06\/Hadleigh-Headshot-Web.jpg 934w, https:\/\/staging.totara.fortyapp.com\/wp-content\/uploads\/2023\/06\/Hadleigh-Headshot-Web-224x300.jpg 224w, https:\/\/staging.totara.fortyapp.com\/wp-content\/uploads\/2023\/06\/Hadleigh-Headshot-Web-765x1024.jpg 765w, https:\/\/staging.totara.fortyapp.com\/wp-content\/uploads\/2023\/06\/Hadleigh-Headshot-Web-768x1028.jpg 768w\"\n            sizes=\"auto, (max-width: 262px) 100vw, 262px\"\n          \/>\n        <\/div>\n          <\/div>\n    <div class=\"cf-detailsWrapper\">\n      <div class='cf-details'>\n                  <h2 class='cf-title'><span>Hadleigh <strong>Tweedall<\/strong>\n<\/span><\/h2>\n                          <p class='cf-label'>Global Head of Marketing<\/p>\n                          <div class='cf-description'>\n            <p>\u201eMarketing ist der Motor, der das Wachstum eines Unternehmens antreibt. Es geht \u00fcber Werbung und Verkauf hinaus \u2013 es geht darum, Kunden zu verstehen, ihre Bed\u00fcrfnisse zu antizipieren und Mehrwert zu schaffen. Der Schl\u00fcssel zum Erfolg in diesem dynamischen Markt liegt darin, Daten als treibenden Kompass zu nutzen. Die F\u00f6rderung einer fundierten Entscheidungsfindung ist f\u00fcr eine maximale Wirkung von entscheidender Bedeutung.\u201c<\/p>\n<p>Hadleigh leitet das globale Marketingteam bei Totara und entwickelt strategische Marketinginitiativen, die die Pr\u00e4senz der Marke weltweit steigern. Hadleigh verf\u00fcgt \u00fcber Erfahrung in der Leitung von Kampagnen zur Nachfragegenerierung in verschiedenen Branchen und nutzt datengesteuerte Erkenntnisse, um effektive Marketingstrategien zu entwickeln, die Kundenbindung zu optimieren und messbare Ergebnisse zu liefern.<\/p>\n          <\/div>\n                      <\/div>\n    <\/div>\n  <\/div>\n<\/div>\n\n\n<div class=\"content-feature-container themeTeal rightDirection threeQuartersSize\">\n  <div class='cf-wrapper'>\n    <div class='cf-images'>\n              <div class='cf-featureImage'>\n          <img decoding=\"async\"\n            loading=\"lazy\" \n            class=\"image\"\n            width=\"1667\"\n            height=\"2500\"\n            src=\"https:\/\/staging.totara.fortyapp.com\/wp-content\/uploads\/2022\/11\/Totara_ELT_27.10.22_4180-768x1152.jpeg\"  \n            alt=\"\"\n            srcset=\"\"\n            sizes=\"auto, (max-width: 233px) 100vw, 233px\"\n          \/>\n        <\/div>\n          <\/div>\n    <div class=\"cf-detailsWrapper\">\n      <div class='cf-details'>\n                  <h2 class='cf-title'><span>Sam <strong>Hemelryk<\/strong>\n<\/span><\/h2>\n                          <p class='cf-label'>Technischer Direktor<\/p>\n                          <div class='cf-description'>\n            <p><span style=\"font-weight: 400;\">Sam leitet die globalen Ingenieurteams von Totara bei der Bereitstellung von Produkten, Dienstleistungen und Abl\u00e4ufen, die den von unseren weltweit f\u00fchrenden Kunden erwarteten Unternehmensstandards entsprechen. Als Leiter der Entwicklungsabteilung ist er f\u00fcr die technologische Vision verantwortlich und stellt sicher, dass Totara weiterhin eine zuverl\u00e4ssige L\u00f6sung ist, die sich mit den technischen Anforderungen unseres \u00d6kosystems weiterentwickelt.<\/span><\/p>\n<p><span style=\"font-weight: 400;\">Sam ist ein leidenschaftlicher, engagierter Technologe und eine F\u00fchrungspers\u00f6nlichkeit mit einem ausgepr\u00e4gten Interesse an der Bereitstellung von Qualit\u00e4t. Er kam 2015 zu Totara. Zuvor arbeitete er f\u00fcr Moodle als Leitender Entwickler und Integrator. Insgesamt verf\u00fcgt er \u00fcber mehr als 12 Jahre Erfahrung in der Arbeit mit der Plattform, die den Produkten von Totara zugrunde liegt.<\/span><br style=\"font-weight: 400;\" \/><br style=\"font-weight: 400;\" \/><\/p>\n          <\/div>\n                      <\/div>\n    <\/div>\n  <\/div>\n<\/div>","protected":false},"excerpt":{"rendered":"","protected":false},"author":8,"featured_media":0,"parent":0,"menu_order":10,"comment_status":"closed","ping_status":"closed","template":"","meta":{"_acf_changed":false,"content-type":"","footnotes":""},"tax\/tags":[],"tax\/topics":[],"class_list":["post-37313","page","type-page","status-publish","hentry"],"acf":[],"_links":{"self":[{"href":"https:\/\/staging.totara.fortyapp.com\/de\/wp-json\/wp\/v2\/pages\/37313","targetHints":{"allow":["GET"]}}],"collection":[{"href":"https:\/\/staging.totara.fortyapp.com\/de\/wp-json\/wp\/v2\/pages"}],"about":[{"href":"https:\/\/staging.totara.fortyapp.com\/de\/wp-json\/wp\/v2\/types\/page"}],"author":[{"embeddable":true,"href":"https:\/\/staging.totara.fortyapp.com\/de\/wp-json\/wp\/v2\/users\/8"}],"replies":[{"embeddable":true,"href":"https:\/\/staging.totara.fortyapp.com\/de\/wp-json\/wp\/v2\/comments?post=37313"}],"version-history":[{"count":2,"href":"https:\/\/staging.totara.fortyapp.com\/de\/wp-json\/wp\/v2\/pages\/37313\/revisions"}],"predecessor-version":[{"id":72693,"href":"https:\/\/staging.totara.fortyapp.com\/de\/wp-json\/wp\/v2\/pages\/37313\/revisions\/72693"}],"wp:attachment":[{"href":"https:\/\/staging.totara.fortyapp.com\/de\/wp-json\/wp\/v2\/media?parent=37313"}],"wp:term":[{"taxonomy":"tag","embeddable":true,"href":"https:\/\/staging.totara.fortyapp.com\/de\/wp-json\/wp\/v2\/tax\/tags?post=37313"},{"taxonomy":"topic","embeddable":true,"href":"https:\/\/staging.totara.fortyapp.com\/de\/wp-json\/wp\/v2\/tax\/topics?post=37313"}],"curies":[{"name":"wp","href":"https:\/\/api.w.org\/{rel}","templated":true}]}}