{"id":37303,"date":"2022-11-23T22:17:35","date_gmt":"2022-11-23T22:17:35","guid":{"rendered":"https:\/\/staging.totara.fortyapp.com\/mobile-learning-lms-app\/"},"modified":"2026-03-10T15:59:17","modified_gmt":"2026-03-10T15:59:17","slug":"mobile-learning-lms-app","status":"publish","type":"page","link":"https:\/\/staging.totara.fortyapp.com\/de\/mobile-learning-lms-app\/","title":{"rendered":"Totara Mobil"},"content":{"rendered":"\n<div class='standard-header-container themeGreen ' style=\"\">\n  <div class='backgroundImageWrapper'>\n    <img decoding=\"async\"\n      class='backgroundImage' \n      loading=\"lazy\"\n      src=\"https:\/\/staging.totara.fortyapp.com\/wp-content\/themes\/totara\/assets\/images\/bg-standard-hero-green.png\"  \n      sizes=\"100vw\"\n      alt=\"Background pattern\"\n    \/>\n  <\/div>\n  <div class='wrapper'>\n    <div class='detailsWrapper'>\n      <div class='details'>\n                          <h1 class='title  fontLight'>Mobile Lern-App f\u00fcr IOS &amp; Android\n<\/h1>\n                                  <div class='cta'>\n            \n<a id=\"\" class=\"button-link \" target=\"\" href=\"\/request-a-demo-form\">\n  <span class='container lightPrimaryTheme'>\n    <div><\/div>\n    <div><\/div>\n    <div class='contents'>\n      <span>Demo anfordern<\/span>\n          <\/div>\n  <\/span>\n<\/a>          <\/div>\n              <\/div>\n    <\/div>\n    \n          <div class='images numberOfImages1'>\n              <div class='imageWrapper'>\n          <div class='image-container' style='padding-bottom: calc(100% \/ (464 \/ 343));'>\n                          <img decoding=\"async\" \n                class='image'\n                loading=\"lazy\"\n                src=\"https:\/\/staging.totara.fortyapp.com\/wp-content\/uploads\/2022\/11\/tech-and-media-768x512.jpg\"  \n                alt=\"\"\n                srcset=\"https:\/\/staging.totara.fortyapp.com\/wp-content\/uploads\/2022\/11\/tech-and-media-768x512.jpg 768w, https:\/\/staging.totara.fortyapp.com\/wp-content\/uploads\/2022\/11\/tech-and-media-300x200.jpg 300w, https:\/\/staging.totara.fortyapp.com\/wp-content\/uploads\/2022\/11\/tech-and-media.jpg 945w\"\n                sizes=\"(max-width: 768px) 100vw, 768px\"\n              \/>\n                      <\/div>\n        <\/div>\n            <\/div>\n        \n  <\/div>\n<\/div>\n\n\n<div class=\"feature-text-block-container theme\">\n  <div class=\"wrapper\">\n          <div class='text'>\n        Die Totara Learn Mobile App bietet eine spezielle, <strong>vollst\u00e4ndig responsive<\/strong> Oberfl\u00e4che f\u00fcr mobile Ger\u00e4te.\n      <\/div>\n      <\/div>\n<\/div>\n\n\n<div class='leftright-content-block-container theme leftDirection'>\n  <div class=\"leftright-content-block-wrapper\">\n    <div class=\"leftright-content-block-details leftDirection\">\n              <div class='leftright-content-block-title'><span style=\"font-weight: 400\">Unterst\u00fctzen Sie Lernende auf ihrem <strong>bevorzugten Ger\u00e4t<\/strong><\/span>\n<\/div>\n                    <p class='leftright-content-block-description'>Die native Totara Mobile App bietet Ihren Lernenden einen schnellen und einfachen Zugang zu einem personalisierten Lernportal, so dass sie sich jederzeit und \u00fcberall mit ihrem Lernen und ihrer Entwicklung verbinden k\u00f6nnen.  <\/p>\n                <\/div>\n    <div class=\"leftright-content-block-images leftDirection\">\n      <div class='leftright-content-block-backgroundImage leftDirection'>\n        <div class='leftright-content-block-image_container'>\n                                    <img decoding=\"async\" \n                class='leftright-content-block-image'\n                loading='lazy'\n                src=\"https:\/\/staging.totara.fortyapp.com\/wp-content\/uploads\/2022\/12\/Cross-platform-mobile-learning-768x381.png\"  \n                alt=\"\"\n                srcset=\"https:\/\/staging.totara.fortyapp.com\/wp-content\/uploads\/2022\/12\/Cross-platform-mobile-learning.png 800w, https:\/\/staging.totara.fortyapp.com\/wp-content\/uploads\/2022\/12\/Cross-platform-mobile-learning-300x149.png 300w, https:\/\/staging.totara.fortyapp.com\/wp-content\/uploads\/2022\/12\/Cross-platform-mobile-learning-768x381.png 768w\"\n                sizes=\"(max-width: 750px) 100vw, 750px\" \n              \/>\n                              <\/div>\n      <\/div>\n      <div class='leftright-content-block-featureImage right'>\n        <div class='leftright-content-block-image_container'>\n                  <\/div>\n      <\/div>\n    <\/div>\n  <\/div>\n<\/div>\n\n\n<div class='leftright-content-block-container theme rightDirection'>\n  <div class=\"leftright-content-block-wrapper\">\n    <div class=\"leftright-content-block-details rightDirection\">\n              <div class='leftright-content-block-title'>Schneller &amp; einfacher <strong>Zugang<\/strong>\n<\/div>\n                    <p class='leftright-content-block-description'>Lernende k\u00f6nnen einfach und sicher auf ihre Kurse, Programme und Zertifizierungen zugreifen, Aktivit\u00e4ten absolvieren und ihre Fortschritte verfolgen. Um sicherzustellen, dass nur Lerninhalte und Aktivit\u00e4ten, die den Bed\u00fcrfnissen Ihrer mobilen Lernenden entsprechen, \u00fcber die App bereitgestellt werden, k\u00f6nnen die auf Ihrer Totara Learn-Website erstellten Kurse als mobilkompatibel gekennzeichnet werden. <\/p>\n                <\/div>\n    <div class=\"leftright-content-block-images rightDirection\">\n      <div class='leftright-content-block-backgroundImage rightDirection'>\n        <div class='leftright-content-block-image_container'>\n                                    <img decoding=\"async\"\n                class='leftright-content-block-image'\n                loading='lazy'\n                alt=\"Background pattern\" \n                src=\"https:\/\/staging.totara.fortyapp.com\/wp-content\/themes\/totara\/assets\/images\/bg-tile-green.png\"\n                sizes=\"(min-width: 1440px) 708px, (min-width: 768px) 50vw, 100vw\"\n              \/>\n                              <\/div>\n      <\/div>\n      <div class='leftright-content-block-featureImage top'>\n        <div class='leftright-content-block-image_container'>\n                                                    <img \n                  class='leftright-content-block-image'\n                  src='https:\/\/staging.totara.fortyapp.com\/wp-content\/uploads\/2022\/12\/mobile-Current-learning.png'\n                  alt=\"\"\n                  srcset=\"https:\/\/staging.totara.fortyapp.com\/wp-content\/uploads\/2022\/12\/mobile-Current-learning.png 300w, https:\/\/staging.totara.fortyapp.com\/wp-content\/uploads\/2022\/12\/mobile-Current-learning-169x300.png 169w\"\n                  sizes=\"(max-width: 300px) 100vw, 300px\" \n                \/>\n                                            <\/div>\n      <\/div>\n    <\/div>\n  <\/div>\n<\/div>\n\n\n<div class=\"feature-text-block-container theme\">\n  <div class=\"wrapper\">\n          <div class='text'>\n        Ganz gleich, ob Sie Lernende in der Werkstatt oder auf den Stationen eines Krankenhauses haben, Mitarbeiter, die an Orten mit geringer oder gar keiner Konnektivit\u00e4t arbeiten oder Teammitglieder, die zwischen Arbeitsterminen unterwegs sind &#8211; <strong>Totara ist verf\u00fcgbar. <\/strong> \n      <\/div>\n      <\/div>\n<\/div>\n\n\n<div class=\"content-grid-container\">\n            <div class=\"gridTile centered- has-light-grey-background-color\">\n                  <img decoding=\"async\" \n            src=\"https:\/\/staging.totara.fortyapp.com\/wp-content\/uploads\/2022\/11\/pin-2-01.png\"\n            alt=\"\"\n            loading=\"lazy\"\n          \/>\n                          <h3 class=\"title has-dark-color\">Personalisierte Benachrichtigungen<\/h3>\n                          <div class=\"description has-dark-color\">Die Benutzer k\u00f6nnen sich auch daf\u00fcr entscheiden, personalisierte Benachrichtigungen direkt auf ihr mobiles Ger\u00e4t zu erhalten. Das mobile Benachrichtigungssystem wird eingesetzt, um die Lerndynamik aufrechtzuerhalten, die Lernenden wieder einzubinden und Manager auf Aktionen und Aufgaben aufmerksam zu machen, die ihre Aufmerksamkeit erfordern. \n<\/div>\n                      <\/div>\n          <div class=\"gridTile centered- has-light-grey-background-color\">\n                  <img decoding=\"async\" \n            src=\"https:\/\/staging.totara.fortyapp.com\/wp-content\/uploads\/2022\/11\/device-connection-2-01.png\"\n            alt=\"\"\n            loading=\"lazy\"\n          \/>\n                          <h3 class=\"title has-dark-color\">  Unterwegs lernen<\/h3>\n                          <div class=\"description has-dark-color\">Die App enth\u00e4lt einen ma\u00dfgeschneiderten Offline-Player f\u00fcr SCORM-Aktivit\u00e4ten, so dass die Lernenden das E-Learning herunterladen k\u00f6nnen, w\u00e4hrend sie mit dem Internet verbunden sind, es offline abschlie\u00dfen und ihre Antworten und Ergebnisse einfach \u00fcbermitteln k\u00f6nnen, sobald sie wieder online sind.\n<\/div>\n                      <\/div>\n          <div class=\"gridTile centered- has-light-grey-background-color\">\n                  <img decoding=\"async\" \n            src=\"https:\/\/staging.totara.fortyapp.com\/wp-content\/uploads\/2022\/11\/geometry-2-01.png\"\n            alt=\"\"\n            loading=\"lazy\"\n          \/>\n                          <h3 class=\"title has-dark-color\">Ma\u00dfgeschneiderte Erlebnisse<\/h3>\n                          <div class=\"description has-dark-color\">Ganz gleich, ob Sie interne oder externe Lernende schulen, die Totara Mobile App bietet Benutzern einen berechtigungsgesteuerten Zugang zu relevanten und mundgerechten Lerninhalten in einem f\u00fcr Mobilger\u00e4te optimierten Format. Der Anmeldebildschirm Ihrer App kann an Ihre Totara Learn Website angepasst werden, so dass den Lernenden eine vertraute und intuitive Benutzererfahrung geboten wird. \n<\/div>\n                      <\/div>\n      <\/div>\n\n\n<div class=\"related-content_container\">\n  <div class='related-content_linkTitleWrapper'>\n    <h2 class=\"related-content_title\">Ausgew\u00e4hlte Geschichten<\/h2>\n      <\/div>\n  <div class=\"related-content_pageTilesWrapper\">\n            \n  <\/div>\n<\/div>\n\n\n<div class='cta-block-container  theme '>\n  <div class='cta-wrapper'>\n    <img decoding=\"async\" \n      class='cta-image'\n      loading='lazy'\n      src=\"https:\/\/staging.totara.fortyapp.com\/wp-content\/themes\/totara\/assets\/images\/bg-cta-green.png\"\n      alt='Background pattern'\n      sizes=(min-width: 1440px) 1440px, 100vw      layout='fill'\n      objectFit='cover'\n    \/>\n    <div class='cta-details'>\n              <h2 class='cta-title'>Ihr LMS. Ihr Weg. \n<\/h2>\n                    <div class='cta-buttons'>\n                      \n<a id=\"\" class=\"button-link \" target=\"\" href=\"\/request-a-demo-form\">\n  <span class='container lightPrimaryTheme'>\n    <div><\/div>\n    <div><\/div>\n    <div class='contents'>\n      <span>Eine Demo anfordern<\/span>\n          <\/div>\n  <\/span>\n<\/a>                                \n<a id=\"\" class=\"button-link \" target=\"\" href=\"\/contact-us\/\">\n  <span class='container lightPrimaryTheme'>\n    <div><\/div>\n    <div><\/div>\n    <div class='contents'>\n      <span>Sprechen Sie mit uns<\/span>\n          <\/div>\n  <\/span>\n<\/a>          \n        <\/div>\n                <\/div>\n  <\/div>\n<\/div>","protected":false},"excerpt":{"rendered":"","protected":false},"author":8,"featured_media":0,"parent":0,"menu_order":0,"comment_status":"closed","ping_status":"closed","template":"","meta":{"_acf_changed":false,"content-type":"","footnotes":""},"tax\/tags":[559],"tax\/topics":[],"class_list":["post-37303","page","type-page","status-publish","hentry"],"acf":[],"_links":{"self":[{"href":"https:\/\/staging.totara.fortyapp.com\/de\/wp-json\/wp\/v2\/pages\/37303","targetHints":{"allow":["GET"]}}],"collection":[{"href":"https:\/\/staging.totara.fortyapp.com\/de\/wp-json\/wp\/v2\/pages"}],"about":[{"href":"https:\/\/staging.totara.fortyapp.com\/de\/wp-json\/wp\/v2\/types\/page"}],"author":[{"embeddable":true,"href":"https:\/\/staging.totara.fortyapp.com\/de\/wp-json\/wp\/v2\/users\/8"}],"replies":[{"embeddable":true,"href":"https:\/\/staging.totara.fortyapp.com\/de\/wp-json\/wp\/v2\/comments?post=37303"}],"version-history":[{"count":2,"href":"https:\/\/staging.totara.fortyapp.com\/de\/wp-json\/wp\/v2\/pages\/37303\/revisions"}],"predecessor-version":[{"id":74212,"href":"https:\/\/staging.totara.fortyapp.com\/de\/wp-json\/wp\/v2\/pages\/37303\/revisions\/74212"}],"wp:attachment":[{"href":"https:\/\/staging.totara.fortyapp.com\/de\/wp-json\/wp\/v2\/media?parent=37303"}],"wp:term":[{"taxonomy":"tag","embeddable":true,"href":"https:\/\/staging.totara.fortyapp.com\/de\/wp-json\/wp\/v2\/tax\/tags?post=37303"},{"taxonomy":"topic","embeddable":true,"href":"https:\/\/staging.totara.fortyapp.com\/de\/wp-json\/wp\/v2\/tax\/topics?post=37303"}],"curies":[{"name":"wp","href":"https:\/\/api.w.org\/{rel}","templated":true}]}}