{"id":37291,"date":"2022-11-16T20:35:39","date_gmt":"2022-11-16T20:35:39","guid":{"rendered":"https:\/\/staging.totara.fortyapp.com\/culture-of-coaching\/"},"modified":"2025-01-29T16:57:04","modified_gmt":"2025-01-29T16:57:04","slug":"kultur-des-coachings","status":"publish","type":"page","link":"https:\/\/staging.totara.fortyapp.com\/de\/kultur-des-coachings\/","title":{"rendered":"Kultur des Coachings"},"content":{"rendered":"\n<div class='standard-header-container themeLightBlue ' style=\"\">\n  <div class='backgroundImageWrapper'>\n    <img decoding=\"async\"\n      class='backgroundImage' \n      loading=\"lazy\"\n      src=\"https:\/\/staging.totara.fortyapp.com\/wp-content\/themes\/totara\/assets\/images\/bg-standard-hero-light-blue.png\"  \n      sizes=\"100vw\"\n      alt=\"Background pattern\"\n    \/>\n  <\/div>\n  <div class='wrapper'>\n    <div class='detailsWrapper'>\n      <div class='details'>\n                          <h1 class='title  fontDark'><span style=\"font-weight: 400\">Kultur des Coachings<\/span>\n<\/h1>\n                          <p class='description fontDark'>Die richtigen Gespr\u00e4che zur richtigen Zeit<\/p>\n                      <\/div>\n    <\/div>\n    \n          <div class='images numberOfImages1'>\n              <div class='imageWrapper'>\n          <div class='image-container' style='padding-bottom: calc(100% \/ (464 \/ 343));'>\n                          <img decoding=\"async\" \n                class='image'\n                loading=\"lazy\"\n                src=\"https:\/\/staging.totara.fortyapp.com\/wp-content\/uploads\/2022\/11\/Stocksy_txpdec93f3cUaX300_OriginalDelivery_1190410_Edited-768x513.jpg\"  \n                alt=\"\"\n                srcset=\"https:\/\/staging.totara.fortyapp.com\/wp-content\/uploads\/2022\/11\/Stocksy_txpdec93f3cUaX300_OriginalDelivery_1190410_Edited-768x513.jpg 768w, https:\/\/staging.totara.fortyapp.com\/wp-content\/uploads\/2022\/11\/Stocksy_txpdec93f3cUaX300_OriginalDelivery_1190410_Edited-300x200.jpg 300w, https:\/\/staging.totara.fortyapp.com\/wp-content\/uploads\/2022\/11\/Stocksy_txpdec93f3cUaX300_OriginalDelivery_1190410_Edited.jpg 935w\"\n                sizes=\"(max-width: 768px) 100vw, 768px\"\n              \/>\n                      <\/div>\n        <\/div>\n            <\/div>\n        \n  <\/div>\n<\/div>\n\n\n<div class=\"feature-text-block-container themeLightBlue\">\n  <div class=\"wrapper\">\n          <div class='text'>\n        Coaching ist von unsch\u00e4tzbarem Wert, um das Beste aus Ihren Mitarbeitern herauszuholen. In pers\u00f6nlichen Gespr\u00e4chen k\u00f6nnen Manager die F\u00e4higkeiten, <strong>das Wissen und die Leistung<\/strong> eines jeden Mitarbeiters auf die f\u00fcr ihn beste Weise entwickeln.\n      <\/div>\n      <\/div>\n<\/div>\n\n\n<div class=\"content-grid-container\">\n            <div class=\"gridTile centered- has-light-grey-background-color\">\n                  <img decoding=\"async\" \n            src=\"https:\/\/staging.totara.fortyapp.com\/wp-content\/uploads\/2022\/11\/ruler-pencil-2-01.png\"\n            alt=\"\"\n            loading=\"lazy\"\n          \/>\n                          <h3 class=\"title has-dark-color\">Fertigkeiten und Werkzeuge<\/h3>\n                          <div class=\"description has-dark-color\">Statten Sie Ihre Mitarbeiter mit den F\u00e4higkeiten aus, die sie f\u00fcr die Aus\u00fcbung ihrer Rolle ben\u00f6tigen\n<\/div>\n                      <\/div>\n          <div class=\"gridTile centered- has-light-grey-background-color\">\n                  <img decoding=\"async\" \n            src=\"https:\/\/staging.totara.fortyapp.com\/wp-content\/uploads\/2022\/11\/logic-2-01.png\"\n            alt=\"\"\n            loading=\"lazy\"\n          \/>\n                          <h3 class=\"title has-dark-color\">Bereit zur Anpassung<\/h3>\n                          <div class=\"description has-dark-color\">Entwickeln Sie die F\u00e4higkeiten zur Probleml\u00f6sung und zum kritischen Denken, die Ihr Team bef\u00e4higen, mit ver\u00e4nderten Umst\u00e4nden umzugehen\n<\/div>\n                      <\/div>\n          <div class=\"gridTile centered- has-light-grey-background-color\">\n                  <img decoding=\"async\" \n            src=\"https:\/\/staging.totara.fortyapp.com\/wp-content\/uploads\/2022\/11\/trend-up-2-01.png\"\n            alt=\"\"\n            loading=\"lazy\"\n          \/>\n                          <h3 class=\"title has-dark-color\">Ihre Mitarbeiter erwarten Entwicklung<\/h3>\n                          <div class=\"description has-dark-color\">Coaching und Mentoring sind eine M\u00f6glichkeit, diesen Bedarf zu decken, insbesondere f\u00fcr unterrepr\u00e4sentierte Gruppen\n<\/div>\n                      <\/div>\n      <\/div>\n\n\n<div class='text-block-container MobileAlignment DesktopAlignment'>\n  <div class='wrapper'>\n    <div class='richText'>\n      <h4><strong>Bauen Sie Ihre Coaching-Kultur mit Totara auf<\/strong><\/h4>\n    <\/div>\n      <\/div>\n<\/div>\n\n\n<div class='text-block-container MobileAlignment DesktopAlignment'>\n  <div class='wrapper'>\n    <div class='richText'>\n      <p class=\"large\" style=\"text-align: left;\"><span style=\"font-weight: 400;\">Totara gibt Ihren Coaches einen umfassenden \u00dcberblick \u00fcber die Leistung des Einzelnen bei der Arbeit, \u00fcber formelles Lernen, pers\u00f6nliche Gespr\u00e4che, Kompetenzen und F\u00e4higkeiten sowie dar\u00fcber, wie er von seinen Kollegen gesehen wird<\/span><\/p>\n    <\/div>\n      <\/div>\n<\/div>\n\n\n<div class=\"content-grid-container\">\n            <div class=\"gridTile centered- has-light-grey-background-color\">\n                  <img decoding=\"async\" \n            src=\"https:\/\/staging.totara.fortyapp.com\/wp-content\/uploads\/2022\/11\/shape-square-2-01.png\"\n            alt=\"custom branding LMS\"\n            loading=\"lazy\"\n          \/>\n                                  <div class=\"description has-dark-color\">Verwenden Sie Kompetenzrahmen, um dem Coach und dem Mitarbeiter dabei zu helfen, Qualifikationsl\u00fccken zu erkennen und Wege zu finden, diese zu beseitigen\n<\/div>\n                      <\/div>\n          <div class=\"gridTile centered- has-light-grey-background-color\">\n                  <img decoding=\"async\" \n            src=\"https:\/\/staging.totara.fortyapp.com\/wp-content\/uploads\/2022\/11\/check-list-2-01.png\"\n            alt=\"\"\n            loading=\"lazy\"\n          \/>\n                                  <div class=\"description has-dark-color\">Erstellen Sie pers\u00f6nliche Ziele, die dem Einzelnen helfen, auf seinen n\u00e4chsten Schritt hinzuarbeiten\n<\/div>\n                      <\/div>\n          <div class=\"gridTile centered- has-light-grey-background-color\">\n                  <img decoding=\"async\" \n            src=\"https:\/\/staging.totara.fortyapp.com\/wp-content\/uploads\/2022\/11\/comments-2-01.png\"\n            alt=\"\"\n            loading=\"lazy\"\n          \/>\n                                  <div class=\"description has-dark-color\">Nutzen Sie Arbeitsbereiche als Ort, um semi-formale Coaching-Gespr\u00e4che zu f\u00fchren und Ressourcen zu teilen\n<\/div>\n                      <\/div>\n      <\/div>\n\n\n<div class='stats-block-container themeLightBlue'>\n  <div class='wrapper'>\n          <h2 class='title'><span style=\"font-weight: 400;\">Weltweites Vertrauen in jeder <\/span><b>Gr\u00f6\u00dfenordnung<\/b>\n<\/h2>\n        <div class='stats'>\n                        <div class='stat'>\n            <div class='statTitle'>Kunden<\/div>\n            <div class='statValue'>1500+<\/div>\n          <\/div>\n                  <div class='stat'>\n            <div class='statTitle'>Nutzer<\/div>\n            <div class='statValue'>20m+<\/div>\n          <\/div>\n                  <div class='stat'>\n            <div class='statTitle'>Partner<\/div>\n            <div class='statValue'>75+<\/div>\n          <\/div>\n                  <\/div>\n  <\/div>\n<\/div>\n\n\n<div class=\"content-feature-container themeLightBlue leftDirection fullSize\">\n  <div class='cf-wrapper'>\n    <div class='cf-images'>\n              <div class='cf-featureImage'>\n          <img decoding=\"async\"\n            loading=\"lazy\" \n            class=\"image\"\n            width=\"992\"\n            height=\"661\"\n            src=\"https:\/\/staging.totara.fortyapp.com\/wp-content\/uploads\/2022\/11\/lady-in-red-shirt-768x512.jpg\"  \n            alt=\"\"\n            srcset=\"https:\/\/staging.totara.fortyapp.com\/wp-content\/uploads\/2022\/11\/lady-in-red-shirt.jpg 992w, https:\/\/staging.totara.fortyapp.com\/wp-content\/uploads\/2022\/11\/lady-in-red-shirt-300x200.jpg 300w, https:\/\/staging.totara.fortyapp.com\/wp-content\/uploads\/2022\/11\/lady-in-red-shirt-768x512.jpg 768w\"\n            sizes=\"auto, (max-width: 400px) 100vw, 400px\"\n          \/>\n        <\/div>\n          <\/div>\n    <div class=\"cf-detailsWrapper\">\n      <div class='cf-details'>\n                  <h2 class='cf-title'><span><strong>Lowell engagiert und schult F\u00fchrungskr\u00e4fte in ganz Europa mit Totara Learn.<\/strong>\n<\/span><\/h2>\n                                          <div class='cf-cta'>\n            \n<a id=\"\" class=\"button-link \" target=\"\" href=\"https:\/\/staging.totara.fortyapp.com\/de\/kunden\/lowell-engages-and-upskills-leaders-across-europe-with-totara-learn\/\">\n  <span class='container darkPrimaryTheme'>\n    <div><\/div>\n    <div><\/div>\n    <div class='contents'>\n      <span>Mehr erfahren<\/span>\n          <\/div>\n  <\/span>\n<\/a>          <\/div>\n              <\/div>\n    <\/div>\n  <\/div>\n<\/div>\n\n\n<div class='cta-block-container  themeLightBlue '>\n  <div class='cta-wrapper'>\n    <img decoding=\"async\" \n      class='cta-image'\n      loading='lazy'\n      src=\"https:\/\/staging.totara.fortyapp.com\/wp-content\/themes\/totara\/assets\/images\/bg-cta-light-blue.png\"\n      alt='Background pattern'\n      sizes=(min-width: 1440px) 1440px, 100vw      layout='fill'\n      objectFit='cover'\n    \/>\n    <div class='cta-details'>\n              <h2 class='cta-title'><span style=\"color: #07262a;\">Nehmen Sie an unserem Coaching-Kurs in der Academy teil oder sehen Sie sich das folgende Video an:<\/span>\n<\/h2>\n                    <div class='cta-buttons'>\n                      \n<a id=\"\" class=\"button-link \" target=\"\" href=\"https:\/\/totara.community\/course\/view.php?id=644\">\n  <span class='container lightPrimaryTheme'>\n    <div><\/div>\n    <div><\/div>\n    <div class='contents'>\n      <span>Anmeldung<\/span>\n          <\/div>\n  <\/span>\n<\/a>                    \n        <\/div>\n                <\/div>\n  <\/div>\n<\/div>\n\n\n<div class='media-block-container'>\n  <div class='wrapper'>\n          <div class='videoWrapper'>\n        <div>\n          <iframe\n            id='iframe9'\n            class='embed'\n            src='https:\/\/www.youtube.com\/embed\/AX7M3eOpD9s?autoplay=0&#038;mute=1'\n            title='YouTube video player'\n            allow=\"accelerometer; autoplay; clipboard-write; encrypted-media; gyroscope; picture-in-picture\"\n            allowFullScreen\n          ><\/iframe>\n        <\/div>\n        <div id='thumbnail-container'>\n                      <img decoding=\"async\" \n              loading='lazy'\n              class='videoThumbnail'\n              src=\"https:\/\/staging.totara.fortyapp.com\/wp-content\/uploads\/2022\/12\/Screen-Shot-2022-12-03-at-12.42.04-PM-1024x583.png\"  \n              alt=\"\"\n              srcset=\"https:\/\/staging.totara.fortyapp.com\/wp-content\/uploads\/2022\/12\/Screen-Shot-2022-12-03-at-12.42.04-PM.png 1678w, https:\/\/staging.totara.fortyapp.com\/wp-content\/uploads\/2022\/12\/Screen-Shot-2022-12-03-at-12.42.04-PM-300x171.png 300w, https:\/\/staging.totara.fortyapp.com\/wp-content\/uploads\/2022\/12\/Screen-Shot-2022-12-03-at-12.42.04-PM-1024x583.png 1024w, https:\/\/staging.totara.fortyapp.com\/wp-content\/uploads\/2022\/12\/Screen-Shot-2022-12-03-at-12.42.04-PM-768x438.png 768w, https:\/\/staging.totara.fortyapp.com\/wp-content\/uploads\/2022\/12\/Screen-Shot-2022-12-03-at-12.42.04-PM-1536x875.png 1536w\"\n              sizes=\"(max-width: 1053px) 100vw, 1053px\"\n            \/>\n                    \n<a id=\"videoEmbedButton9\" class=\"button-link largeSize\" target=\"\" href=\"\">\n  <span class='container darkPrimaryTheme'>\n    <div><\/div>\n    <div><\/div>\n    <div class='contents'>\n      <span>Play video<\/span>\n      <svg width=\"20\" height=\"20\" viewBox=\"0 0 20 20\" fill=\"#2C9892\" xmlns=\"http:\/\/www.w3.org\/2000\/svg\">\n        <path fillRule=\"evenodd\" clip-rule=\"evenodd\" d=\"M2 10C2 9.58579 2.33579 9.25 2.75 9.25L15.3879 9.25L10.2302 4.29062C9.93159 4.00353 9.92228 3.52875 10.2094 3.23017C10.4965 2.93159 10.9713 2.92228 11.2698 3.20937L17.7698 9.45937C17.9169 9.60078 18 9.79599 18 10C18 10.204 17.9169 10.3992 17.7698 10.5406L11.2698 16.7906C10.9713 17.0777 10.4965 17.0684 10.2094 16.7698C9.92228 16.4713 9.93159 15.9965 10.2302 15.7094L15.3879 10.75L2.75 10.75C2.33579 10.75 2 10.4142 2 10Z\" \/>\n        <\/svg>    <\/div>\n  <\/span>\n<\/a>        <\/div>\n      <\/div>\n      <\/div>\n<\/div>\n\n<script>\n  let button = document.getElementById('videoEmbedButton9');\n  let thumbnailContainer = document.getElementById('thumbnail-container');\n  let iframe = document.getElementById('iframe9');\n  let videoURL = 'https:\/\/www.youtube.com\/embed\/AX7M3eOpD9s';\n\n  if (button) {\n    button.addEventListener('click', function(e) {\n      e.preventDefault();\n      thumbnailContainer.style.display = 'none';\n      iframe.src = `${videoURL}?autoplay=1&mute=0`;\n    });\n  }\n<\/script>\n\n\n<div class=\"related-content_container\">\n  <div class='related-content_linkTitleWrapper'>\n    <h2 class=\"related-content_title\">Verwandte Inhalte<\/h2>\n      <\/div>\n  <div class=\"related-content_pageTilesWrapper\">\n      \n    <div class=\"page-tile relevanssi-live-search-result\">\n        <a href=\"https:\/\/staging.totara.fortyapp.com\/de\/kunden\/ein-neues-einheitliches-nachvollziehbares-lernmanagementsystem-fr-das-gesamte-personal-der-bahnbetreibergesellschaft-arriva-rail-north\/\">\n            <div>\n                <div class='image-wrapper'>\n                                                                    <img decoding=\"async\"\n                            class='image cover'\n                            loading=\"lazy\"\n                            src=\"https:\/\/staging.totara.fortyapp.com\/wp-content\/uploads\/2022\/11\/NorthernRailNR_Totara_LMS_small.jpg\"\n                            alt=\"\"\n                            srcset=\"https:\/\/staging.totara.fortyapp.com\/wp-content\/uploads\/2022\/11\/NorthernRailNR_Totara_LMS_small.jpg 402w, https:\/\/staging.totara.fortyapp.com\/wp-content\/uploads\/2022\/11\/NorthernRailNR_Totara_LMS_small-225x300.jpg 225w\"\n                            sizes=\"(max-width: 402px) 100vw, 402px\" \/>\n                                        <div class='category-wrapper'>\n                        <p>Customer Story<\/p>\n                    <\/div>\n                <\/div>\n                <p class='post-date'>\n                                                        <\/p>\n                <h2 class='search-title'>Ein neues einheitliches, nachvollziehbares Lernmanagementsystem f\u00fcr das gesamte Personal der Bahnbetreibergesellschaft Arriva Rail North<\/h2>\n            <\/div>\n            <div class='learn-more-link'>\n                Learn more\n                <svg width=\"20\" height=\"20\" viewBox=\"0 0 20 20\" fill=\"#07262A\" xmlns=\"http:\/\/www.w3.org\/2000\/svg\">\n                    <path fillRule=\"evenodd\" clip-rule=\"evenodd\" d=\"M2 10C2 9.58579 2.33579 9.25 2.75 9.25L15.3879 9.25L10.2302 4.29062C9.93159 4.00353 9.92228 3.52875 10.2094 3.23017C10.4965 2.93159 10.9713 2.92228 11.2698 3.20937L17.7698 9.45937C17.9169 9.60078 18 9.79599 18 10C18 10.204 17.9169 10.3992 17.7698 10.5406L11.2698 16.7906C10.9713 17.0777 10.4965 17.0684 10.2094 16.7698C9.92228 16.4713 9.93159 15.9965 10.2302 15.7094L15.3879 10.75L2.75 10.75C2.33579 10.75 2 10.4142 2 10Z\" \/>\n                <\/svg>\n            <\/div>\n        <\/a>\n    <\/div>\n\n    <div class=\"page-tile relevanssi-live-search-result\">\n        <a href=\"https:\/\/staging.totara.fortyapp.com\/de\/kunden\/allied-healthcare-motiviert-mitarbeiter-durch-e-learning-und-pflegezertifizierung\/\">\n            <div>\n                <div class='image-wrapper'>\n                                                                    <img decoding=\"async\"\n                            class='image cover'\n                            loading=\"lazy\"\n                            src=\"https:\/\/staging.totara.fortyapp.com\/wp-content\/uploads\/2022\/11\/Allied_Totara_LMS_small.png\"\n                            alt=\"\"\n                            srcset=\"https:\/\/staging.totara.fortyapp.com\/wp-content\/uploads\/2022\/11\/Allied_Totara_LMS_small.png 402w, https:\/\/staging.totara.fortyapp.com\/wp-content\/uploads\/2022\/11\/Allied_Totara_LMS_small-225x300.png 225w\"\n                            sizes=\"(max-width: 402px) 100vw, 402px\" \/>\n                                        <div class='category-wrapper'>\n                        <p>Customer Story<\/p>\n                    <\/div>\n                <\/div>\n                <p class='post-date'>\n                                                        <\/p>\n                <h2 class='search-title'>Allied Healthcare motiviert Mitarbeiter durch E-Learning und Pflegezertifizierung<\/h2>\n            <\/div>\n            <div class='learn-more-link'>\n                Learn more\n                <svg width=\"20\" height=\"20\" viewBox=\"0 0 20 20\" fill=\"#07262A\" xmlns=\"http:\/\/www.w3.org\/2000\/svg\">\n                    <path fillRule=\"evenodd\" clip-rule=\"evenodd\" d=\"M2 10C2 9.58579 2.33579 9.25 2.75 9.25L15.3879 9.25L10.2302 4.29062C9.93159 4.00353 9.92228 3.52875 10.2094 3.23017C10.4965 2.93159 10.9713 2.92228 11.2698 3.20937L17.7698 9.45937C17.9169 9.60078 18 9.79599 18 10C18 10.204 17.9169 10.3992 17.7698 10.5406L11.2698 16.7906C10.9713 17.0777 10.4965 17.0684 10.2094 16.7698C9.92228 16.4713 9.93159 15.9965 10.2302 15.7094L15.3879 10.75L2.75 10.75C2.33579 10.75 2 10.4142 2 10Z\" \/>\n                <\/svg>\n            <\/div>\n        <\/a>\n    <\/div>\n\n    <div class=\"page-tile relevanssi-live-search-result\">\n        <a href=\"https:\/\/staging.totara.fortyapp.com\/de\/kunden\/kia-motors-sweden\/\">\n            <div>\n                <div class='image-wrapper'>\n                                                                    <img decoding=\"async\"\n                            class='image cover'\n                            loading=\"lazy\"\n                            src=\"https:\/\/staging.totara.fortyapp.com\/wp-content\/uploads\/2022\/11\/CS_Kia_Standard-teaser-402\u2006\u00d7\u2006536px.png\"\n                            alt=\"\"\n                            srcset=\"https:\/\/staging.totara.fortyapp.com\/wp-content\/uploads\/2022\/11\/CS_Kia_Standard-teaser-402\u2006\u00d7\u2006536px.png 402w, https:\/\/staging.totara.fortyapp.com\/wp-content\/uploads\/2022\/11\/CS_Kia_Standard-teaser-402\u2006\u00d7\u2006536px-225x300.png 225w\"\n                            sizes=\"(max-width: 402px) 100vw, 402px\" \/>\n                                        <div class='category-wrapper'>\n                        <p>Customer Story<\/p>\n                    <\/div>\n                <\/div>\n                <p class='post-date'>\n                                                        <\/p>\n                <h2 class='search-title'>Kia Motors Sweden nutzt Totara Learn f\u00fcr gemischtes, mit vielen Endger\u00e4ten verwendbares Lernen<\/h2>\n            <\/div>\n            <div class='learn-more-link'>\n                Learn more\n                <svg width=\"20\" height=\"20\" viewBox=\"0 0 20 20\" fill=\"#07262A\" xmlns=\"http:\/\/www.w3.org\/2000\/svg\">\n                    <path fillRule=\"evenodd\" clip-rule=\"evenodd\" d=\"M2 10C2 9.58579 2.33579 9.25 2.75 9.25L15.3879 9.25L10.2302 4.29062C9.93159 4.00353 9.92228 3.52875 10.2094 3.23017C10.4965 2.93159 10.9713 2.92228 11.2698 3.20937L17.7698 9.45937C17.9169 9.60078 18 9.79599 18 10C18 10.204 17.9169 10.3992 17.7698 10.5406L11.2698 16.7906C10.9713 17.0777 10.4965 17.0684 10.2094 16.7698C9.92228 16.4713 9.93159 15.9965 10.2302 15.7094L15.3879 10.75L2.75 10.75C2.33579 10.75 2 10.4142 2 10Z\" \/>\n                <\/svg>\n            <\/div>\n        <\/a>\n    <\/div>\n      \n  <\/div>\n<\/div>\n\n\n<div class='cta-block-container  themeMidBlue '>\n  <div class='cta-wrapper'>\n    <img decoding=\"async\" \n      class='cta-image'\n      loading='lazy'\n      src=\"https:\/\/staging.totara.fortyapp.com\/wp-content\/themes\/totara\/assets\/images\/bg-cta-mid-blue.png\"\n      alt='Background pattern'\n      sizes=(min-width: 1440px) 1440px, 100vw      layout='fill'\n      objectFit='cover'\n    \/>\n    <div class='cta-details'>\n              <h2 class='cta-title'><span style=\"font-weight: 400;\">Bereiten Sie Ihre Mitarbeiter <\/span><b>schon heute<\/b><span style=\"font-weight: 400;\"> auf morgen vor<\/span>\n<\/h2>\n                    <div class='cta-buttons'>\n                      \n<a id=\"\" class=\"button-link \" target=\"\" href=\"https:\/\/staging.totara.fortyapp.com\/de\/demo-anfordern\/\">\n  <span class='container lightPrimaryTheme'>\n    <div><\/div>\n    <div><\/div>\n    <div class='contents'>\n      <span>Demo anfordern<\/span>\n          <\/div>\n  <\/span>\n<\/a>                    \n        <\/div>\n                <\/div>\n  <\/div>\n<\/div>","protected":false},"excerpt":{"rendered":"","protected":false},"author":7,"featured_media":0,"parent":0,"menu_order":14,"comment_status":"closed","ping_status":"closed","template":"","meta":{"_acf_changed":false,"content-type":"","footnotes":""},"tax\/tags":[631,1377],"tax\/topics":[633],"class_list":["post-37291","page","type-page","status-publish","hentry"],"acf":[],"_links":{"self":[{"href":"https:\/\/staging.totara.fortyapp.com\/de\/wp-json\/wp\/v2\/pages\/37291","targetHints":{"allow":["GET"]}}],"collection":[{"href":"https:\/\/staging.totara.fortyapp.com\/de\/wp-json\/wp\/v2\/pages"}],"about":[{"href":"https:\/\/staging.totara.fortyapp.com\/de\/wp-json\/wp\/v2\/types\/page"}],"author":[{"embeddable":true,"href":"https:\/\/staging.totara.fortyapp.com\/de\/wp-json\/wp\/v2\/users\/7"}],"replies":[{"embeddable":true,"href":"https:\/\/staging.totara.fortyapp.com\/de\/wp-json\/wp\/v2\/comments?post=37291"}],"version-history":[{"count":2,"href":"https:\/\/staging.totara.fortyapp.com\/de\/wp-json\/wp\/v2\/pages\/37291\/revisions"}],"predecessor-version":[{"id":65419,"href":"https:\/\/staging.totara.fortyapp.com\/de\/wp-json\/wp\/v2\/pages\/37291\/revisions\/65419"}],"wp:attachment":[{"href":"https:\/\/staging.totara.fortyapp.com\/de\/wp-json\/wp\/v2\/media?parent=37291"}],"wp:term":[{"taxonomy":"tag","embeddable":true,"href":"https:\/\/staging.totara.fortyapp.com\/de\/wp-json\/wp\/v2\/tax\/tags?post=37291"},{"taxonomy":"topic","embeddable":true,"href":"https:\/\/staging.totara.fortyapp.com\/de\/wp-json\/wp\/v2\/tax\/topics?post=37291"}],"curies":[{"name":"wp","href":"https:\/\/api.w.org\/{rel}","templated":true}]}}