{"id":37289,"date":"2022-11-16T03:46:01","date_gmt":"2022-11-16T03:46:01","guid":{"rendered":"https:\/\/staging.totara.fortyapp.com\/employee-development-retention\/"},"modified":"2025-01-29T15:33:37","modified_gmt":"2025-01-29T15:33:37","slug":"mitarbeiterentwicklung-und-bindung","status":"publish","type":"page","link":"https:\/\/staging.totara.fortyapp.com\/de\/mitarbeiterentwicklung-und-bindung\/","title":{"rendered":"Mitarbeiterentwicklung und -bindung"},"content":{"rendered":"\n<div class='standard-header-container themePurple ' style=\"\">\n  <div class='backgroundImageWrapper'>\n    <img decoding=\"async\"\n      class='backgroundImage' \n      loading=\"lazy\"\n      src=\"https:\/\/staging.totara.fortyapp.com\/wp-content\/themes\/totara\/assets\/images\/bg-standard-hero-purple.png\"  \n      sizes=\"100vw\"\n      alt=\"Background pattern\"\n    \/>\n  <\/div>\n  <div class='wrapper'>\n    <div class='detailsWrapper'>\n      <div class='details'>\n                          <h1 class='title  fontLight'>Mitarbeiterentwicklung und -bindung\n<\/h1>\n                          <p class='description fontLight'>Stellen Sie sicher, dass Ihre Mitarbeiter die richtigen F\u00e4higkeiten f\u00fcr den Job entwickeln<\/p>\n                      <\/div>\n    <\/div>\n    \n          <div class='images numberOfImages1'>\n              <div class='imageWrapper'>\n          <div class='image-container' style='padding-bottom: calc(100% \/ (464 \/ 343));'>\n                          <img decoding=\"async\" \n                class='image'\n                loading=\"lazy\"\n                src=\"https:\/\/staging.totara.fortyapp.com\/wp-content\/uploads\/2022\/11\/Stocksy_txp8bf5f2edk8Z300_OriginalDelivery_811642_edited-768x513.jpg\"  \n                alt=\"\"\n                srcset=\"https:\/\/staging.totara.fortyapp.com\/wp-content\/uploads\/2022\/11\/Stocksy_txp8bf5f2edk8Z300_OriginalDelivery_811642_edited-768x513.jpg 768w, https:\/\/staging.totara.fortyapp.com\/wp-content\/uploads\/2022\/11\/Stocksy_txp8bf5f2edk8Z300_OriginalDelivery_811642_edited-300x200.jpg 300w, https:\/\/staging.totara.fortyapp.com\/wp-content\/uploads\/2022\/11\/Stocksy_txp8bf5f2edk8Z300_OriginalDelivery_811642_edited-1024x683.jpg 1024w, https:\/\/staging.totara.fortyapp.com\/wp-content\/uploads\/2022\/11\/Stocksy_txp8bf5f2edk8Z300_OriginalDelivery_811642_edited-1536x1025.jpg 1536w, https:\/\/staging.totara.fortyapp.com\/wp-content\/uploads\/2022\/11\/Stocksy_txp8bf5f2edk8Z300_OriginalDelivery_811642_edited-2048x1367.jpg 2048w\"\n                sizes=\"(max-width: 768px) 100vw, 768px\"\n              \/>\n                      <\/div>\n        <\/div>\n            <\/div>\n        \n  <\/div>\n<\/div>\n\n\n<div class=\"feature-text-block-container themePurple\">\n  <div class=\"wrapper\">\n          <div class='text'>\n        <span style=\"font-weight: 400;\">Wissen Ihre Manager, wie man effektiv kommuniziert? Setzen Ihre Ingenieure die Ausr\u00fcstung sicher ein? Tr\u00e4gt Ihr Kundenservice-Team Ihre Marke in die Welt hinaus?<\/span>\n      <\/div>\n      <\/div>\n<\/div>\n\n\n<div class='text-block-container MobileAlignment DesktopAlignment'>\n  <div class='wrapper'>\n    <div class='richText'>\n      <p class=\"large\" style=\"text-align: left;\"><span style=\"font-weight: 400;\">Die Talente von heute erwarten, dass sie als Teil ihrer Rolle entwickelt werden. <strong>Kompetenzen<\/strong> bieten einen klaren Ansatz, um die F\u00e4higkeiten und Verhaltensweisen abzubilden, die f\u00fcr eine effektive Arbeitsleistung erforderlich sind. <\/span><\/p>\n    <\/div>\n      <\/div>\n<\/div>\n\n\n<div class=\"content-grid-container\">\n            <div class=\"gridTile centered- has-light-grey-background-color\">\n                  <img decoding=\"async\" \n            src=\"https:\/\/staging.totara.fortyapp.com\/wp-content\/uploads\/2022\/11\/connect-2-01.png\"\n            alt=\"\"\n            loading=\"lazy\"\n          \/>\n                          <h3 class=\"title has-dark-color\">Gemeinsames Verst\u00e4ndnis<\/h3>\n                          <div class=\"description has-dark-color\">Standardisieren Sie die Art und Weise, wie F\u00e4higkeiten in Ihrem Unternehmen bewertet werden\n<\/div>\n                      <\/div>\n          <div class=\"gridTile centered- has-light-grey-background-color\">\n                  <img decoding=\"async\" \n            src=\"https:\/\/staging.totara.fortyapp.com\/wp-content\/uploads\/2022\/11\/f-chat-2-01-e1669765898569.png\"\n            alt=\"\"\n            loading=\"lazy\"\n          \/>\n                          <h3 class=\"title has-dark-color\">Erkennen Sie Bed\u00fcrfnisse und Chancen<\/h3>\n                          <div class=\"description has-dark-color\">Geben Sie den Menschen eine klare Vorgehensweise, um \u00fcber die F\u00e4higkeiten zu sprechen, die sie in ihrer Rolle ben\u00f6tigen\n<\/div>\n                      <\/div>\n          <div class=\"gridTile centered- has-light-grey-background-color\">\n                  <img decoding=\"async\" \n            src=\"https:\/\/staging.totara.fortyapp.com\/wp-content\/uploads\/2022\/11\/arrows-same-direction-2-01.png\"\n            alt=\"\"\n            loading=\"lazy\"\n          \/>\n                          <h3 class=\"title has-dark-color\">Wege zum Erfolg<\/h3>\n                          <div class=\"description has-dark-color\">Helfen Sie Managern, Entwicklungspfade f\u00fcr ihre Teams zu definieren\n<\/div>\n                      <\/div>\n      <\/div>\n\n\n<div class='text-block-container MobileAlignment DesktopAlignment'>\n  <div class='wrapper'>\n    <div class='richText'>\n      <h4><span style=\"color: #07262a;\">Performance-Management-Reise<\/span><\/h4>\n    <\/div>\n      <\/div>\n<\/div>\n\n\n<div class='media-block-container'>\n  <div class='wrapper'>\n                  <img decoding=\"async\" \n          loading='lazy'\n          class='image'\n          src=\"https:\/\/staging.totara.fortyapp.com\/wp-content\/uploads\/2022\/12\/Performance-management-diagram_simplified-version-1024x494.png\"  \n          alt=\"\"\n          srcset=\"https:\/\/staging.totara.fortyapp.com\/wp-content\/uploads\/2022\/12\/Performance-management-diagram_simplified-version.png 1780w, https:\/\/staging.totara.fortyapp.com\/wp-content\/uploads\/2022\/12\/Performance-management-diagram_simplified-version-300x145.png 300w, https:\/\/staging.totara.fortyapp.com\/wp-content\/uploads\/2022\/12\/Performance-management-diagram_simplified-version-1024x494.png 1024w, https:\/\/staging.totara.fortyapp.com\/wp-content\/uploads\/2022\/12\/Performance-management-diagram_simplified-version-768x370.png 768w, https:\/\/staging.totara.fortyapp.com\/wp-content\/uploads\/2022\/12\/Performance-management-diagram_simplified-version-1536x740.png 1536w\"\n          sizes=\"(max-width: 1200px) 100vw, 1200px\"\n        \/>\n            <\/div>\n<\/div>\n\n<script>\n  let button = document.getElementById('videoEmbedButton7');\n  let thumbnailContainer = document.getElementById('thumbnail-container');\n  let iframe = document.getElementById('iframe7');\n  let videoURL = '';\n\n  if (button) {\n    button.addEventListener('click', function(e) {\n      e.preventDefault();\n      thumbnailContainer.style.display = 'none';\n      iframe.src = `${videoURL}?autoplay=1&mute=0`;\n    });\n  }\n<\/script>\n\n\n<div class='text-block-container MobileAlignment DesktopAlignment'>\n  <div class='wrapper'>\n    <div class='richText'>\n      <h4 style=\"text-align: left;\"><span style=\"color: #07262a;\"><strong>Die Totara-Tools f\u00fcr Weiterbildung und Engagement<\/strong><\/span><\/h4>\n    <\/div>\n      <\/div>\n<\/div>\n\n\n<div class=\"content-grid-container\">\n            <div class=\"gridTile centered- has-light-grey-background-color\">\n                  <img decoding=\"async\" \n            src=\"https:\/\/staging.totara.fortyapp.com\/wp-content\/uploads\/2022\/11\/shape-square-2-01.png\"\n            alt=\"custom branding LMS\"\n            loading=\"lazy\"\n          \/>\n                          <h3 class=\"title has-dark-color\">Kompetenzrahmen<\/h3>\n                          <div class=\"description has-dark-color\">Strukturieren Sie die F\u00e4higkeiten und Verhaltensweisen, die Ihre Mitarbeiter aus\u00fcben sollen, und weisen Sie sie Einzelpersonen oder Gruppen zu\n<\/div>\n                      <\/div>\n          <div class=\"gridTile centered- has-light-grey-background-color\">\n                  <img decoding=\"async\" \n            src=\"https:\/\/staging.totara.fortyapp.com\/wp-content\/uploads\/2022\/11\/circle-2-01.png\"\n            alt=\"\"\n            loading=\"lazy\"\n          \/>\n                          <h3 class=\"title has-dark-color\">Kompetenz-Profile<\/h3>\n                          <div class=\"description has-dark-color\">Machen Sie es Ihren Mitarbeitern leicht, ihre eigenen F\u00e4higkeiten in Echtzeit zu bewerten\n<\/div>\n                      <\/div>\n          <div class=\"gridTile centered- has-light-grey-background-color\">\n                  <img decoding=\"async\" \n            src=\"https:\/\/staging.totara.fortyapp.com\/wp-content\/uploads\/2022\/11\/device-connection-2-01.png\"\n            alt=\"\"\n            loading=\"lazy\"\n          \/>\n                          <h3 class=\"title has-dark-color\">E-Lernen<\/h3>\n                          <div class=\"description has-dark-color\">Bieten Sie Ihren Mitarbeitern das Training, das sie brauchen, wann und wie sie es brauchen. Verkn\u00fcpfen Sie die Ausbildung mit den Kompetenzen, um das Bild der F\u00e4higkeiten zu vervollst\u00e4ndigen\n<\/div>\n                      <\/div>\n          <div class=\"gridTile centered- has-light-grey-background-color\">\n                  <img decoding=\"async\" \n            src=\"https:\/\/staging.totara.fortyapp.com\/wp-content\/uploads\/2022\/11\/multiple-2-01-e1669765835673.png\"\n            alt=\"\"\n            loading=\"lazy\"\n          \/>\n                          <h3 class=\"title has-dark-color\">Kollaboratives und soziales Lernen<\/h3>\n                          <div class=\"description has-dark-color\">Nutzen Sie Arbeitsbereiche und Foren, um Raum f\u00fcr Zusammenarbeit und Gruppenentwicklung zu schaffen &#8211; von Aktionslernsets bis hin zum Einzelcoaching\n<\/div>\n                      <\/div>\n      <\/div>\n\n\n<div class='stats-block-container themeLightBlue'>\n  <div class='wrapper'>\n          <h2 class='title'><span style=\"font-weight: 400;\">Weltweites Vertrauen in jeder <\/span><b>Gr\u00f6\u00dfenordnung<\/b>\n<\/h2>\n        <div class='stats'>\n                        <div class='stat'>\n            <div class='statTitle'>Kunden<\/div>\n            <div class='statValue'>1500+<\/div>\n          <\/div>\n                  <div class='stat'>\n            <div class='statTitle'>Nutzer<\/div>\n            <div class='statValue'>20m+<\/div>\n          <\/div>\n                  <div class='stat'>\n            <div class='statTitle'>Globale Partner<\/div>\n            <div class='statValue'>75+<\/div>\n          <\/div>\n                  <\/div>\n  <\/div>\n<\/div>\n\n\n<div class=\"content-feature-container themePurple leftDirection fullSize\">\n  <div class='cf-wrapper'>\n    <div class='cf-images'>\n              <div class='cf-featureImage'>\n          <img decoding=\"async\"\n            loading=\"lazy\" \n            class=\"image\"\n            width=\"1009\"\n            height=\"673\"\n            src=\"https:\/\/staging.totara.fortyapp.com\/wp-content\/uploads\/2022\/11\/doctors-768x512.jpg\"  \n            alt=\"\"\n            srcset=\"https:\/\/staging.totara.fortyapp.com\/wp-content\/uploads\/2022\/11\/doctors.jpg 1009w, https:\/\/staging.totara.fortyapp.com\/wp-content\/uploads\/2022\/11\/doctors-300x200.jpg 300w, https:\/\/staging.totara.fortyapp.com\/wp-content\/uploads\/2022\/11\/doctors-768x512.jpg 768w\"\n            sizes=\"auto, (max-width: 400px) 100vw, 400px\"\n          \/>\n        <\/div>\n          <\/div>\n    <div class=\"cf-detailsWrapper\">\n      <div class='cf-details'>\n                  <h2 class='cf-title'><span><strong>Sehen Sie, wie der NHS im Vereinigten K\u00f6nigreich in weniger als 12 Wochen ein neues LMS und eine gemischte Konformit\u00e4tslernl\u00f6sung eingef\u00fchrt hat.<\/strong>\n<\/span><\/h2>\n                                          <div class='cf-cta'>\n            \n<a id=\"\" class=\"button-link \" target=\"\" href=\"https:\/\/staging.totara.fortyapp.com\/de\/kunden\/kent-medway-nhs-social-care-partnership\/\">\n  <span class='container darkPrimaryTheme'>\n    <div><\/div>\n    <div><\/div>\n    <div class='contents'>\n      <span>Mehr erfahren<\/span>\n          <\/div>\n  <\/span>\n<\/a>          <\/div>\n              <\/div>\n    <\/div>\n  <\/div>\n<\/div>\n\n\n<div class=\"related-content_container\">\n  <div class='related-content_linkTitleWrapper'>\n    <h2 class=\"related-content_title\">Verwandte Inhalte<\/h2>\n      <\/div>\n  <div class=\"related-content_pageTilesWrapper\">\n      \n    <div class=\"page-tile relevanssi-live-search-result\">\n        <a href=\"https:\/\/staging.totara.fortyapp.com\/de\/kunden\/ein-neues-einheitliches-nachvollziehbares-lernmanagementsystem-fr-das-gesamte-personal-der-bahnbetreibergesellschaft-arriva-rail-north\/\">\n            <div>\n                <div class='image-wrapper'>\n                                                                    <img decoding=\"async\"\n                            class='image cover'\n                            loading=\"lazy\"\n                            src=\"https:\/\/staging.totara.fortyapp.com\/wp-content\/uploads\/2022\/11\/NorthernRailNR_Totara_LMS_small.jpg\"\n                            alt=\"\"\n                            srcset=\"https:\/\/staging.totara.fortyapp.com\/wp-content\/uploads\/2022\/11\/NorthernRailNR_Totara_LMS_small.jpg 402w, https:\/\/staging.totara.fortyapp.com\/wp-content\/uploads\/2022\/11\/NorthernRailNR_Totara_LMS_small-225x300.jpg 225w\"\n                            sizes=\"(max-width: 402px) 100vw, 402px\" \/>\n                                        <div class='category-wrapper'>\n                        <p>Customer Story<\/p>\n                    <\/div>\n                <\/div>\n                <p class='post-date'>\n                                                        <\/p>\n                <h2 class='search-title'>Ein neues einheitliches, nachvollziehbares Lernmanagementsystem f\u00fcr das gesamte Personal der Bahnbetreibergesellschaft Arriva Rail North<\/h2>\n            <\/div>\n            <div class='learn-more-link'>\n                Learn more\n                <svg width=\"20\" height=\"20\" viewBox=\"0 0 20 20\" fill=\"#07262A\" xmlns=\"http:\/\/www.w3.org\/2000\/svg\">\n                    <path fillRule=\"evenodd\" clip-rule=\"evenodd\" d=\"M2 10C2 9.58579 2.33579 9.25 2.75 9.25L15.3879 9.25L10.2302 4.29062C9.93159 4.00353 9.92228 3.52875 10.2094 3.23017C10.4965 2.93159 10.9713 2.92228 11.2698 3.20937L17.7698 9.45937C17.9169 9.60078 18 9.79599 18 10C18 10.204 17.9169 10.3992 17.7698 10.5406L11.2698 16.7906C10.9713 17.0777 10.4965 17.0684 10.2094 16.7698C9.92228 16.4713 9.93159 15.9965 10.2302 15.7094L15.3879 10.75L2.75 10.75C2.33579 10.75 2 10.4142 2 10Z\" \/>\n                <\/svg>\n            <\/div>\n        <\/a>\n    <\/div>\n\n    <div class=\"page-tile relevanssi-live-search-result\">\n        <a href=\"https:\/\/staging.totara.fortyapp.com\/de\/kunden\/actic\/\">\n            <div>\n                <div class='image-wrapper'>\n                                                                    <img decoding=\"async\"\n                            class='image cover'\n                            loading=\"lazy\"\n                            src=\"https:\/\/staging.totara.fortyapp.com\/wp-content\/uploads\/2022\/11\/actic_Totara_LMS_small.png\"\n                            alt=\"\"\n                            srcset=\"https:\/\/staging.totara.fortyapp.com\/wp-content\/uploads\/2022\/11\/actic_Totara_LMS_small.png 402w, https:\/\/staging.totara.fortyapp.com\/wp-content\/uploads\/2022\/11\/actic_Totara_LMS_small-225x300.png 225w\"\n                            sizes=\"(max-width: 402px) 100vw, 402px\" \/>\n                                        <div class='category-wrapper'>\n                        <p>Customer Story<\/p>\n                    <\/div>\n                <\/div>\n                <p class='post-date'>\n                                                        <\/p>\n                <h2 class='search-title'>Das LMS von Actic begeistert sein junges, mobil-orientiertes Publikum.<\/h2>\n            <\/div>\n            <div class='learn-more-link'>\n                Learn more\n                <svg width=\"20\" height=\"20\" viewBox=\"0 0 20 20\" fill=\"#07262A\" xmlns=\"http:\/\/www.w3.org\/2000\/svg\">\n                    <path fillRule=\"evenodd\" clip-rule=\"evenodd\" d=\"M2 10C2 9.58579 2.33579 9.25 2.75 9.25L15.3879 9.25L10.2302 4.29062C9.93159 4.00353 9.92228 3.52875 10.2094 3.23017C10.4965 2.93159 10.9713 2.92228 11.2698 3.20937L17.7698 9.45937C17.9169 9.60078 18 9.79599 18 10C18 10.204 17.9169 10.3992 17.7698 10.5406L11.2698 16.7906C10.9713 17.0777 10.4965 17.0684 10.2094 16.7698C9.92228 16.4713 9.93159 15.9965 10.2302 15.7094L15.3879 10.75L2.75 10.75C2.33579 10.75 2 10.4142 2 10Z\" \/>\n                <\/svg>\n            <\/div>\n        <\/a>\n    <\/div>\n\n    <div class=\"page-tile relevanssi-live-search-result\">\n        <a href=\"https:\/\/staging.totara.fortyapp.com\/de\/kunden\/plan-international\/\">\n            <div>\n                <div class='image-wrapper'>\n                                                                    <img decoding=\"async\"\n                            class='image cover'\n                            loading=\"lazy\"\n                            src=\"https:\/\/staging.totara.fortyapp.com\/wp-content\/uploads\/2022\/11\/Plan-International835x537-featured-teaser-768x494.jpg\"\n                            alt=\"\"\n                            srcset=\"https:\/\/staging.totara.fortyapp.com\/wp-content\/uploads\/2022\/11\/Plan-International835x537-featured-teaser-768x494.jpg 768w, https:\/\/staging.totara.fortyapp.com\/wp-content\/uploads\/2022\/11\/Plan-International835x537-featured-teaser-300x193.jpg 300w, https:\/\/staging.totara.fortyapp.com\/wp-content\/uploads\/2022\/11\/Plan-International835x537-featured-teaser.jpg 835w\"\n                            sizes=\"(max-width: 768px) 100vw, 768px\" \/>\n                                        <div class='category-wrapper'>\n                        <p>Customer Story<\/p>\n                    <\/div>\n                <\/div>\n                <p class='post-date'>\n                                                        <\/p>\n                <h2 class='search-title'>Einheitliches Lernen f\u00fcr 18.000 weltweit verstreute Mitarbeitende von Plan International<\/h2>\n            <\/div>\n            <div class='learn-more-link'>\n                Learn more\n                <svg width=\"20\" height=\"20\" viewBox=\"0 0 20 20\" fill=\"#07262A\" xmlns=\"http:\/\/www.w3.org\/2000\/svg\">\n                    <path fillRule=\"evenodd\" clip-rule=\"evenodd\" d=\"M2 10C2 9.58579 2.33579 9.25 2.75 9.25L15.3879 9.25L10.2302 4.29062C9.93159 4.00353 9.92228 3.52875 10.2094 3.23017C10.4965 2.93159 10.9713 2.92228 11.2698 3.20937L17.7698 9.45937C17.9169 9.60078 18 9.79599 18 10C18 10.204 17.9169 10.3992 17.7698 10.5406L11.2698 16.7906C10.9713 17.0777 10.4965 17.0684 10.2094 16.7698C9.92228 16.4713 9.93159 15.9965 10.2302 15.7094L15.3879 10.75L2.75 10.75C2.33579 10.75 2 10.4142 2 10Z\" \/>\n                <\/svg>\n            <\/div>\n        <\/a>\n    <\/div>\n      \n  <\/div>\n<\/div>\n\n\n<div class='cta-block-container  themePurple '>\n  <div class='cta-wrapper'>\n    <img decoding=\"async\" \n      class='cta-image'\n      loading='lazy'\n      src=\"https:\/\/staging.totara.fortyapp.com\/wp-content\/themes\/totara\/assets\/images\/bg-testimonial-purple.png\"\n      alt='Background pattern'\n      sizes=(min-width: 1440px) 1440px, 100vw      layout='fill'\n      objectFit='cover'\n    \/>\n    <div class='cta-details'>\n              <h2 class='cta-title'><span style=\"font-weight: 400;\">Bereiten Sie Ihre Mitarbeiter <\/span><b>schon heute<\/b><span style=\"font-weight: 400;\"> auf morgen vor<\/span>\n<\/h2>\n                    <div class='cta-buttons'>\n                      \n<a id=\"\" class=\"button-link \" target=\"\" href=\"https:\/\/staging.totara.fortyapp.com\/de\/demo-anfordern\/\">\n  <span class='container lightPrimaryTheme'>\n    <div><\/div>\n    <div><\/div>\n    <div class='contents'>\n      <span>Demo anfordern<\/span>\n          <\/div>\n  <\/span>\n<\/a>                    \n        <\/div>\n                <\/div>\n  <\/div>\n<\/div>","protected":false},"excerpt":{"rendered":"","protected":false},"author":7,"featured_media":0,"parent":0,"menu_order":15,"comment_status":"closed","ping_status":"closed","template":"","meta":{"_acf_changed":false,"content-type":"","footnotes":""},"tax\/tags":[596,576,587],"tax\/topics":[600,578],"class_list":["post-37289","page","type-page","status-publish","hentry"],"acf":[],"_links":{"self":[{"href":"https:\/\/staging.totara.fortyapp.com\/de\/wp-json\/wp\/v2\/pages\/37289","targetHints":{"allow":["GET"]}}],"collection":[{"href":"https:\/\/staging.totara.fortyapp.com\/de\/wp-json\/wp\/v2\/pages"}],"about":[{"href":"https:\/\/staging.totara.fortyapp.com\/de\/wp-json\/wp\/v2\/types\/page"}],"author":[{"embeddable":true,"href":"https:\/\/staging.totara.fortyapp.com\/de\/wp-json\/wp\/v2\/users\/7"}],"replies":[{"embeddable":true,"href":"https:\/\/staging.totara.fortyapp.com\/de\/wp-json\/wp\/v2\/comments?post=37289"}],"version-history":[{"count":2,"href":"https:\/\/staging.totara.fortyapp.com\/de\/wp-json\/wp\/v2\/pages\/37289\/revisions"}],"predecessor-version":[{"id":65388,"href":"https:\/\/staging.totara.fortyapp.com\/de\/wp-json\/wp\/v2\/pages\/37289\/revisions\/65388"}],"wp:attachment":[{"href":"https:\/\/staging.totara.fortyapp.com\/de\/wp-json\/wp\/v2\/media?parent=37289"}],"wp:term":[{"taxonomy":"tag","embeddable":true,"href":"https:\/\/staging.totara.fortyapp.com\/de\/wp-json\/wp\/v2\/tax\/tags?post=37289"},{"taxonomy":"topic","embeddable":true,"href":"https:\/\/staging.totara.fortyapp.com\/de\/wp-json\/wp\/v2\/tax\/topics?post=37289"}],"curies":[{"name":"wp","href":"https:\/\/api.w.org\/{rel}","templated":true}]}}