{"id":37285,"date":"2022-11-16T03:10:00","date_gmt":"2022-11-16T03:10:00","guid":{"rendered":"https:\/\/staging.totara.fortyapp.com\/automated-by-audience\/"},"modified":"2026-03-12T15:12:55","modified_gmt":"2026-03-12T15:12:55","slug":"automatisiert-durch-publikum","status":"publish","type":"page","link":"https:\/\/staging.totara.fortyapp.com\/de\/automatisiert-durch-publikum\/","title":{"rendered":"Automatisiert nach Zielgruppe"},"content":{"rendered":"\n<div class='standard-header-container themeMidBlue ' style=\"--title-color: #ffffff; --strong-color: #99cae2; --subtitle-color: #ffffff; --content-color: #ffffff\">\n  <div class='backgroundImageWrapper'>\n    <img decoding=\"async\"\n      class='backgroundImage' \n      loading=\"lazy\"\n      src=\"https:\/\/staging.totara.fortyapp.com\/wp-content\/themes\/totara\/assets\/images\/bg-standard-hero-mid-blue.png\"  \n      sizes=\"100vw\"\n      alt=\"Background pattern\"\n    \/>\n  <\/div>\n  <div class='wrapper'>\n    <div class='detailsWrapper'>\n      <div class='details'>\n                          <h1 class='title  fontLight has-color'>Automatisiert nach Zielgruppe\n<\/h1>\n                          <p class='description fontLight has-color'>Stellen Sie sicher, dass Ihre Lern- und Leistungsinhalte die richtigen Mitarbeiter erreichen<\/p>\n                      <\/div>\n    <\/div>\n    \n          <div class='images numberOfImages2'>\n              <div class='imageWrapper'>\n          <div class='image-container' style='padding-bottom: calc(100% \/ (318 \/ 305));'>\n                          <img decoding=\"async\" \n                class='image'\n                loading=\"lazy\"\n                src=\"https:\/\/staging.totara.fortyapp.com\/wp-content\/uploads\/2022\/11\/Stocksy_txpdec93f3cUaX300_OriginalDelivery_1926560-768x512.png\"  \n                alt=\"\"\n                srcset=\"https:\/\/staging.totara.fortyapp.com\/wp-content\/uploads\/2022\/11\/Stocksy_txpdec93f3cUaX300_OriginalDelivery_1926560-768x512.png 768w, https:\/\/staging.totara.fortyapp.com\/wp-content\/uploads\/2022\/11\/Stocksy_txpdec93f3cUaX300_OriginalDelivery_1926560-300x200.png 300w, https:\/\/staging.totara.fortyapp.com\/wp-content\/uploads\/2022\/11\/Stocksy_txpdec93f3cUaX300_OriginalDelivery_1926560-1024x683.png 1024w, https:\/\/staging.totara.fortyapp.com\/wp-content\/uploads\/2022\/11\/Stocksy_txpdec93f3cUaX300_OriginalDelivery_1926560-1536x1024.png 1536w, https:\/\/staging.totara.fortyapp.com\/wp-content\/uploads\/2022\/11\/Stocksy_txpdec93f3cUaX300_OriginalDelivery_1926560-2048x1365.png 2048w\"\n                sizes=\"(max-width: 768px) 100vw, 768px\"\n              \/>\n                      <\/div>\n        <\/div>\n              <div class='imageWrapper'>\n          <div class='image-container' style='padding-bottom: calc(100% \/ (338 \/ 239));'>\n                          <img decoding=\"async\" \n                class='image'\n                loading=\"lazy\"\n                src=\"https:\/\/staging.totara.fortyapp.com\/wp-content\/uploads\/2022\/11\/Stocksy_txpc2739689XhZ300_replacement-768x528.webp\"  \n                alt=\"\"\n                srcset=\"https:\/\/staging.totara.fortyapp.com\/wp-content\/uploads\/2022\/11\/Stocksy_txpc2739689XhZ300_replacement-768x528.webp 768w, https:\/\/staging.totara.fortyapp.com\/wp-content\/uploads\/2022\/11\/Stocksy_txpc2739689XhZ300_replacement-300x206.webp 300w, https:\/\/staging.totara.fortyapp.com\/wp-content\/uploads\/2022\/11\/Stocksy_txpc2739689XhZ300_replacement-1024x704.webp 1024w, https:\/\/staging.totara.fortyapp.com\/wp-content\/uploads\/2022\/11\/Stocksy_txpc2739689XhZ300_replacement-1536x1056.webp 1536w, https:\/\/staging.totara.fortyapp.com\/wp-content\/uploads\/2022\/11\/Stocksy_txpc2739689XhZ300_replacement.webp 1701w\"\n                sizes=\"(max-width: 768px) 100vw, 768px\"\n              \/>\n                      <\/div>\n        <\/div>\n            <\/div>\n        \n  <\/div>\n<\/div>\n\n\n<div class=\"feature-text-block-container themeMidBlue\">\n  <div class=\"wrapper\">\n          <div class='text'>\n        Jeder in Ihrem Unternehmen sollte als Individuum behandelt werden. Mit Hilfe von Zielgruppen k\u00f6nnen Ihre Administratoren jedem Benutzer ein ma\u00dfgeschneidertes Erlebnis bieten.\n      <\/div>\n      <\/div>\n<\/div>\n\n\n<div class='text-block-container MobileAlignment DesktopAlignment'>\n  <div class='wrapper'>\n    <div class='richText'>\n      <h2><span style=\"color: #017ab7\"><strong>Audiences in a nutshell<\/strong><\/span><\/h2>\n<p class=\"large\">See it explained in this video from the Community<\/p>\n    <\/div>\n      <\/div>\n<\/div>\n\n\n<div class='media-block-container'>\n  <div class='wrapper'>\n          <div class='videoWrapper'>\n        <div>\n          <iframe\n            id='iframe8'\n            class='embed'\n            src='https:\/\/www.youtube.com\/embed\/CoLYnwUheOs?autoplay=0&#038;mute=1'\n            title='YouTube video player'\n            allow=\"accelerometer; autoplay; clipboard-write; encrypted-media; gyroscope; picture-in-picture\"\n            allowFullScreen\n          ><\/iframe>\n        <\/div>\n        <div id='thumbnail-container'>\n                    \n<a id=\"videoEmbedButton8\" class=\"button-link largeSize\" target=\"\" href=\"\">\n  <span class='container darkPrimaryTheme'>\n    <div><\/div>\n    <div><\/div>\n    <div class='contents'>\n      <span>Play video<\/span>\n      <svg width=\"20\" height=\"20\" viewBox=\"0 0 20 20\" fill=\"#2C9892\" xmlns=\"http:\/\/www.w3.org\/2000\/svg\">\n        <path fillRule=\"evenodd\" clip-rule=\"evenodd\" d=\"M2 10C2 9.58579 2.33579 9.25 2.75 9.25L15.3879 9.25L10.2302 4.29062C9.93159 4.00353 9.92228 3.52875 10.2094 3.23017C10.4965 2.93159 10.9713 2.92228 11.2698 3.20937L17.7698 9.45937C17.9169 9.60078 18 9.79599 18 10C18 10.204 17.9169 10.3992 17.7698 10.5406L11.2698 16.7906C10.9713 17.0777 10.4965 17.0684 10.2094 16.7698C9.92228 16.4713 9.93159 15.9965 10.2302 15.7094L15.3879 10.75L2.75 10.75C2.33579 10.75 2 10.4142 2 10Z\" \/>\n        <\/svg>    <\/div>\n  <\/span>\n<\/a>        <\/div>\n      <\/div>\n      <\/div>\n<\/div>\n\n<script>\n  let button = document.getElementById('videoEmbedButton8');\n  let thumbnailContainer = document.getElementById('thumbnail-container');\n  let iframe = document.getElementById('iframe8');\n  let videoURL = 'https:\/\/www.youtube.com\/embed\/CoLYnwUheOs';\n\n  if (button) {\n    button.addEventListener('click', function(e) {\n      e.preventDefault();\n      thumbnailContainer.style.display = 'none';\n      iframe.src = `${videoURL}?autoplay=1&mute=0`;\n    });\n  }\n<\/script>\n\n\n<div class=\"content-grid-container\">\n            <div class=\"gridTile centered- has-light-grey-background-color\">\n                  <img decoding=\"async\" \n            src=\"https:\/\/staging.totara.fortyapp.com\/wp-content\/uploads\/2022\/11\/multiple-2-01-e1669765835673.png\"\n            alt=\"\"\n            loading=\"lazy\"\n          \/>\n                          <h3 class=\"title has-dark-color\">Dynamische Gruppen<\/h3>\n                          <div class=\"description has-dark-color\">Ordnen Sie Benutzer ganz einfach in Zielgruppen ein und erhalten Sie so Zugang zu wichtigen Lerninhalten und Arbeitsbereichen mit unterschiedlichen Kompetenzen und Leistungsaktivit\u00e4ten\n<\/div>\n                      <\/div>\n          <div class=\"gridTile centered- has-light-grey-background-color\">\n                  <img decoding=\"async\" \n            src=\"https:\/\/staging.totara.fortyapp.com\/wp-content\/uploads\/2022\/11\/search-2-01.png\"\n            alt=\"\"\n            loading=\"lazy\"\n          \/>\n                          <h3 class=\"title has-dark-color\">Regeln zur Sichtbarkeit<\/h3>\n                          <div class=\"description has-dark-color\">Stellen Sie sicher, dass Informationen nur an diejenigen gehen, die sie ben\u00f6tigen, indem Sie zielgruppenbasierte Sichtbarkeitsregeln f\u00fcr Lerninhalte, Dashboard-Bl\u00f6cke und mehr verwenden\n<\/div>\n                      <\/div>\n      <\/div>\n\n\n<div class='stats-block-container themeMidBlue'>\n  <div class='wrapper'>\n          <h2 class='title'><h2 class=\"StatsBlock_title__HKU5G\">Weltweites Vertrauen in jeder\u00a0<strong>Gr\u00f6\u00dfenordnung<\/strong><\/h2>\n<div class=\"StatsBlock_stats__V0NKr\">\n<div class=\"StatsBlock_stat__SCdXc\"><\/div>\n<\/div>\n<div class=\"StatsBlock_stats__V0NKr\">\n<div class=\"StatsBlock_stat__SCdXc\"><\/div>\n<\/div>\n<\/h2>\n        <div class='stats'>\n                        <div class='stat'>\n            <div class='statTitle'>Kunden<\/div>\n            <div class='statValue'>1,500+<\/div>\n          <\/div>\n                  <div class='stat'>\n            <div class='statTitle'>Nutzer<\/div>\n            <div class='statValue'>20m<\/div>\n          <\/div>\n                  <div class='stat'>\n            <div class='statTitle'>Partner<\/div>\n            <div class='statValue'>75+<\/div>\n          <\/div>\n                  <\/div>\n  <\/div>\n<\/div>\n\n\n<div class='quote-carousel-container'>\n  <img \n    loading='lazy'\n    class='image'\n    alt='Background pattern'\n    sizes=\"100vw\"\n    src='https:\/\/staging.totara.fortyapp.com\/wp-content\/themes\/totara\/assets\/images\/bg-cta-light-grey.png'\n  \/>\n  <div class='wrapper quote-swiper-container'>\n                  <div class='quote-outer-container'>\n          <div class='quote themeMidBlue'>\n                          <blockquote><span style=\"font-weight: 400\">\u201eDynamische Gruppen in Totara sind eine leistungsstarke Funktion. Sie k\u00f6nnen sie auf wirklich intelligente Weise gestalten, indem Sie automatisch Gruppen bilden, anstatt einzelne Personen manuell hinzuf\u00fcgen zu m\u00fcssen. Es macht Ihnen das Leben leichter, bietet aber auch eine wirklich feink\u00f6rnige Kontrolle, so dass Sie wissen, dass die richtigen Leute die richtigen Dinge tun.\u201c<\/span>\n<\/blockquote>\n                                      <figcaption>\n                                <span>\n                  <strong>Daniel Bond,<\/strong>\n                  <br>\n                  Manager f\u00fcr Lern- und Entwicklungssysteme Universit\u00e4t Hull Lehrkrankenh\u00e4user NHS Trust\r\n                <\/span>\n              <\/figcaption>\n                      <\/div>\n        <\/div>\n            <\/div>\n<\/div>\n\n\n<div class='cta-banner-container themeMidBlue'>\n  <div class='wrapper'>\n    \n          <h2 class='title'><span style=\"font-weight: 400\">Bereiten Sie Ihre Mitarbeiter <\/span><b>schon heute<\/b><span style=\"font-weight: 400\"> auf morgen vor<\/span>\n<\/h2>\n                  <div class='cta'>\n        \n<a id=\"\" class=\"button-link fullWidthButton\" target=\"\" href=\"https:\/\/staging.totara.fortyapp.com\/de\/demo-anfordern\/\">\n  <span class='container lightBlueTheme'>\n    <div><\/div>\n    <div><\/div>\n    <div class='contents'>\n      <span>Demo anfordern<\/span>\n          <\/div>\n  <\/span>\n<\/a>      <\/div>\n      <\/div>\n<\/div>","protected":false},"excerpt":{"rendered":"","protected":false},"author":7,"featured_media":0,"parent":0,"menu_order":21,"comment_status":"closed","ping_status":"closed","template":"","meta":{"_acf_changed":false,"content-type":"","footnotes":""},"tax\/tags":[641],"tax\/topics":[643],"class_list":["post-37285","page","type-page","status-publish","hentry"],"acf":[],"_links":{"self":[{"href":"https:\/\/staging.totara.fortyapp.com\/de\/wp-json\/wp\/v2\/pages\/37285","targetHints":{"allow":["GET"]}}],"collection":[{"href":"https:\/\/staging.totara.fortyapp.com\/de\/wp-json\/wp\/v2\/pages"}],"about":[{"href":"https:\/\/staging.totara.fortyapp.com\/de\/wp-json\/wp\/v2\/types\/page"}],"author":[{"embeddable":true,"href":"https:\/\/staging.totara.fortyapp.com\/de\/wp-json\/wp\/v2\/users\/7"}],"replies":[{"embeddable":true,"href":"https:\/\/staging.totara.fortyapp.com\/de\/wp-json\/wp\/v2\/comments?post=37285"}],"version-history":[{"count":2,"href":"https:\/\/staging.totara.fortyapp.com\/de\/wp-json\/wp\/v2\/pages\/37285\/revisions"}],"predecessor-version":[{"id":74336,"href":"https:\/\/staging.totara.fortyapp.com\/de\/wp-json\/wp\/v2\/pages\/37285\/revisions\/74336"}],"wp:attachment":[{"href":"https:\/\/staging.totara.fortyapp.com\/de\/wp-json\/wp\/v2\/media?parent=37285"}],"wp:term":[{"taxonomy":"tag","embeddable":true,"href":"https:\/\/staging.totara.fortyapp.com\/de\/wp-json\/wp\/v2\/tax\/tags?post=37285"},{"taxonomy":"topic","embeddable":true,"href":"https:\/\/staging.totara.fortyapp.com\/de\/wp-json\/wp\/v2\/tax\/topics?post=37285"}],"curies":[{"name":"wp","href":"https:\/\/api.w.org\/{rel}","templated":true}]}}