{"id":37263,"date":"2022-11-15T01:10:53","date_gmt":"2022-11-15T01:10:53","guid":{"rendered":"https:\/\/staging.totara.fortyapp.com\/onboarding\/"},"modified":"2025-01-29T15:21:12","modified_gmt":"2025-01-29T15:21:12","slug":"einarbeitung","status":"publish","type":"page","link":"https:\/\/staging.totara.fortyapp.com\/de\/einarbeitung\/","title":{"rendered":"Einarbeitung"},"content":{"rendered":"\n<div class='standard-header-container themeTeal ' style=\"\">\n  <div class='backgroundImageWrapper'>\n    <img decoding=\"async\"\n      class='backgroundImage' \n      loading=\"lazy\"\n      src=\"https:\/\/staging.totara.fortyapp.com\/wp-content\/themes\/totara\/assets\/images\/bg-standard-hero-teal.png\"  \n      sizes=\"100vw\"\n      alt=\"Background pattern\"\n    \/>\n  <\/div>\n  <div class='wrapper'>\n    <div class='detailsWrapper'>\n      <div class='details'>\n                          <h1 class='title  fontDark'>Einarbeitungeines neuen Talents\n<\/h1>\n                          <p class='description fontDark'>Sorgen Sie daf\u00fcr, dass Ihre Mitarbeiter in Ihrem Unternehmen dauerhaft erfolgreich sind<\/p>\n                      <\/div>\n    <\/div>\n    \n          <div class='images numberOfImages1'>\n              <div class='imageWrapper'>\n          <div class='image-container' style='padding-bottom: calc(100% \/ (464 \/ 343));'>\n                          <img decoding=\"async\" \n                class='image'\n                loading=\"lazy\"\n                src=\"https:\/\/staging.totara.fortyapp.com\/wp-content\/uploads\/2022\/11\/lady-in-red-shirt-768x512.jpg\"  \n                alt=\"\"\n                srcset=\"https:\/\/staging.totara.fortyapp.com\/wp-content\/uploads\/2022\/11\/lady-in-red-shirt-768x512.jpg 768w, https:\/\/staging.totara.fortyapp.com\/wp-content\/uploads\/2022\/11\/lady-in-red-shirt-300x200.jpg 300w, https:\/\/staging.totara.fortyapp.com\/wp-content\/uploads\/2022\/11\/lady-in-red-shirt.jpg 992w\"\n                sizes=\"(max-width: 768px) 100vw, 768px\"\n              \/>\n                      <\/div>\n        <\/div>\n            <\/div>\n        \n  <\/div>\n<\/div>\n\n\n<div class=\"feature-text-block-container themeTeal\">\n  <div class=\"wrapper\">\n          <div class='text'>\n        Der Beginn eines neuen Jobs kann sowohl aufregend als auch stressig sein. Eine gute Einarbeitung gibt den Mitarbeitern das Gef\u00fchl, willkommen zu sein und ihr Bestes geben zu k\u00f6nnen.\n      <\/div>\n      <\/div>\n<\/div>\n\n\n<div class=\"content-grid-container\">\n            <div class=\"gridTile centered- has-light-grey-background-color\">\n                  <img decoding=\"async\" \n            src=\"https:\/\/staging.totara.fortyapp.com\/wp-content\/uploads\/2022\/11\/bulb-2-01.png\"\n            alt=\"\"\n            loading=\"lazy\"\n          \/>\n                          <h3 class=\"title has-dark-color\">Handeln Sie sofort<\/h3>\n                          <div class=\"description has-dark-color\">Automatisieren Sie den Einstieg f\u00fcr neue Mitarbeiter, damit sie die richtigen Informationen zur Hand haben, wenn sie sie brauchen\n<\/div>\n                      <\/div>\n          <div class=\"gridTile centered- has-light-grey-background-color\">\n                  <img decoding=\"async\" \n            src=\"https:\/\/staging.totara.fortyapp.com\/wp-content\/uploads\/2022\/11\/blockchain-2-01.png\"\n            alt=\"\"\n            loading=\"lazy\"\n          \/>\n                          <h3 class=\"title has-dark-color\">Passen Sie die Reise an<\/h3>\n                          <div class=\"description has-dark-color\">Die heutigen Einsteiger erwarten ein hohes Ma\u00df an Personalisierung auf der Grundlage ihrer Rolle und AnforderungenToday\u2019s starters expect a high degree of personalization based on their role and requirements\n<\/div>\n                      <\/div>\n          <div class=\"gridTile centered- has-light-grey-background-color\">\n                  <img decoding=\"async\" \n            src=\"https:\/\/staging.totara.fortyapp.com\/wp-content\/uploads\/2022\/11\/plant-ground-2-01.png\"\n            alt=\"\"\n            loading=\"lazy\"\n          \/>\n                          <h3 class=\"title has-dark-color\">Wachstum ab dem ersten Tag<\/h3>\n                          <div class=\"description has-dark-color\">Binden Sie Ihre Mitarbeiter in die kontinuierliche berufliche Entwicklung und in Karrierewege ein, so dass sie sich \u00fcber Jahre \n<\/div>\n                      <\/div>\n      <\/div>\n\n\n<div class=\"content-feature-container themeTeal leftDirection threeQuartersSize\">\n  <div class='cf-wrapper'>\n    <div class='cf-images'>\n              <div class='cf-featureImage'>\n          <img decoding=\"async\"\n            loading=\"lazy\" \n            class=\"image\"\n            width=\"1150\"\n            height=\"650\"\n            src=\"https:\/\/staging.totara.fortyapp.com\/wp-content\/uploads\/2022\/12\/Screen-Shot-2022-12-05-at-2.57.29-PM-768x434.png\"  \n            alt=\"\"\n            srcset=\"https:\/\/staging.totara.fortyapp.com\/wp-content\/uploads\/2022\/12\/Screen-Shot-2022-12-05-at-2.57.29-PM.png 1150w, https:\/\/staging.totara.fortyapp.com\/wp-content\/uploads\/2022\/12\/Screen-Shot-2022-12-05-at-2.57.29-PM-300x170.png 300w, https:\/\/staging.totara.fortyapp.com\/wp-content\/uploads\/2022\/12\/Screen-Shot-2022-12-05-at-2.57.29-PM-1024x579.png 1024w, https:\/\/staging.totara.fortyapp.com\/wp-content\/uploads\/2022\/12\/Screen-Shot-2022-12-05-at-2.57.29-PM-768x434.png 768w\"\n            sizes=\"auto, (max-width: 400px) 100vw, 400px\"\n          \/>\n        <\/div>\n          <\/div>\n    <div class=\"cf-detailsWrapper\">\n      <div class='cf-details'>\n                  <h2 class='cf-title'><span><strong>Einarbeitung mit Totara<\/strong>\n<\/span><\/h2>\n                          <p class='cf-label'>Video<\/p>\n                                  <div class='cf-cta'>\n            \n<a id=\"\" class=\"button-link \" target=\"_blank\" href=\"https:\/\/www.youtube.com\/watch?v=W6j25pL349Y\">\n  <span class='container darkPrimaryTheme'>\n    <div><\/div>\n    <div><\/div>\n    <div class='contents'>\n      <span>Schau Video<\/span>\n          <\/div>\n  <\/span>\n<\/a>          <\/div>\n              <\/div>\n    <\/div>\n  <\/div>\n<\/div>\n\n\n<div class=\"content-feature-container themeTeal rightDirection fullSize\">\n  <div class='cf-wrapper'>\n    <div class='cf-images'>\n              <div class='cf-featureImage'>\n          <img decoding=\"async\"\n            loading=\"lazy\" \n            class=\"image\"\n            width=\"759\"\n            height=\"209\"\n            src=\"https:\/\/staging.totara.fortyapp.com\/wp-content\/uploads\/2022\/12\/C059.jpeg\"  \n            alt=\"\"\n            srcset=\"https:\/\/staging.totara.fortyapp.com\/wp-content\/uploads\/2022\/12\/C059.jpeg 759w, https:\/\/staging.totara.fortyapp.com\/wp-content\/uploads\/2022\/12\/C059-300x83.jpeg 300w\"\n            sizes=\"auto, (max-width: 400px) 100vw, 400px\"\n          \/>\n        <\/div>\n          <\/div>\n    <div class=\"cf-detailsWrapper\">\n      <div class='cf-details'>\n                  <h2 class='cf-title'><span><strong>Ein optimaler Start\u00a0<\/strong>\n<\/span><\/h2>\n                                  <div class='cf-description'>\n            <span style=\"font-weight: 400;\">Ein kostenloser Leitfaden f\u00fcr die Totara-Community<\/span>\n          <\/div>\n                          <div class='cf-cta'>\n            \n<a id=\"\" class=\"button-link \" target=\"_blank\" href=\"https:\/\/totara.community\/enrol\/index.php?id=679\">\n  <span class='container darkPrimaryTheme'>\n    <div><\/div>\n    <div><\/div>\n    <div class='contents'>\n      <span>Mehr erfahren<\/span>\n          <\/div>\n  <\/span>\n<\/a>          <\/div>\n              <\/div>\n    <\/div>\n  <\/div>\n<\/div>\n\n\n<div class='text-block-container MobileAlignment DesktopAlignment'>\n  <div class='wrapper'>\n    <div class='richText'>\n      <h4 class=\"large\"><span style=\"color: #0a5562;\">Totara erm\u00f6glicht ein besseres Onboarding<\/span><\/h4>\n    <\/div>\n      <\/div>\n<\/div>\n\n\n<div class=\"content-grid-container\">\n            <div class=\"gridTile centered- has-light-grey-background-color\">\n                  <img decoding=\"async\" \n            src=\"https:\/\/staging.totara.fortyapp.com\/wp-content\/uploads\/2024\/08\/arrows-same-direction-2-01.png\"\n            alt=\"\"\n            loading=\"lazy\"\n          \/>\n                          <h3 class=\"title has-dark-color\">Leistungsstarke Automatisierung<\/h3>\n                          <div class=\"description has-dark-color\">Die Tools von Totara sorgen daf\u00fcr, dass Ihre neuen Mitarbeiter ihre Karriere bei Ihnen auf die richtige Weise beginnen\n<\/div>\n                      <\/div>\n          <div class=\"gridTile centered- has-light-grey-background-color\">\n                  <img decoding=\"async\" \n            src=\"https:\/\/staging.totara.fortyapp.com\/wp-content\/uploads\/2022\/11\/wireframe-2-01.png\"\n            alt=\"\"\n            loading=\"lazy\"\n          \/>\n                          <h3 class=\"title has-dark-color\">Dynamisches Publikum<\/h3>\n                          <div class=\"description has-dark-color\">Nutzen Sie die Dashboards und andere Tools von Totara, um das Einarbeitungserlebnis f\u00fcr jeden neuen Mitarbeiter zu personalisieren\n<\/div>\n                      <\/div>\n          <div class=\"gridTile centered- has-light-grey-background-color\">\n                  <img decoding=\"async\" \n            src=\"https:\/\/staging.totara.fortyapp.com\/wp-content\/uploads\/2022\/11\/meeting-2-01.png\"\n            alt=\"\"\n            loading=\"lazy\"\n          \/>\n                          <h3 class=\"title has-dark-color\">F\u00fcgen Sie Benutzer in gro\u00dfer Zahl hinzu<\/h3>\n                          <div class=\"description has-dark-color\">Der Personalmanagement-Import erm\u00f6glicht es Ihnen, Benutzer in gro\u00dfer Zahl hinzuzuf\u00fcgen und Benutzeraktualisierungen zu automatisieren. Wenn Sie ein separates Personalmanagement-System haben, k\u00f6nnen Sie dieses direkt mit Totara verbinden\n<\/div>\n                      <\/div>\n          <div class=\"gridTile centered- has-light-grey-background-color\">\n                  <img decoding=\"async\" \n            src=\"https:\/\/staging.totara.fortyapp.com\/wp-content\/uploads\/2024\/08\/translation-2-01.png\"\n            alt=\"\"\n            loading=\"lazy\"\n          \/>\n                          <h3 class=\"title has-dark-color\">Sprechen Sie die gleiche Sprache<\/h3>\n                          <div class=\"description has-dark-color\">Passen Sie die Benutzeroberfl\u00e4che an die Bed\u00fcrfnisse verschiedener, internationaler und mehrsprachiger Zielgruppen an\n<\/div>\n                      <\/div>\n          <div class=\"gridTile centered- has-light-grey-background-color\">\n                  <img decoding=\"async\" \n            src=\"https:\/\/staging.totara.fortyapp.com\/wp-content\/uploads\/2022\/11\/geometry-2-01.png\"\n            alt=\"\"\n            loading=\"lazy\"\n          \/>\n                          <h3 class=\"title has-dark-color\">Thema Ihrer Website<\/h3>\n                          <div class=\"description has-dark-color\">Schaffen Sie mit Themen und Dashboards ansprechende R\u00e4ume f\u00fcr Lernen und Leistung\n<\/div>\n                      <\/div>\n          <div class=\"gridTile centered- has-light-grey-background-color\">\n                  <img decoding=\"async\" \n            src=\"https:\/\/staging.totara.fortyapp.com\/wp-content\/uploads\/2022\/11\/books-2-01.png\"\n            alt=\"\"\n            loading=\"lazy\"\n          \/>\n                          <h3 class=\"title has-dark-color\">Fortlaufende Schulung<\/h3>\n                          <div class=\"description has-dark-color\">Einfaches Erstellen von Kursen, Programmen, Lernpl\u00e4nen und Zertifizierungspfaden\n<\/div>\n                      <\/div>\n      <\/div>\n\n\n<div class='stats-block-container themeTeal'>\n  <div class='wrapper'>\n          <h2 class='title'><span style=\"font-weight: 400;\">Weltweites Vertrauen in jeder <\/span><b>Gr\u00f6\u00dfenordnung<\/b>\n<\/h2>\n        <div class='stats'>\n                        <div class='stat'>\n            <div class='statTitle'>Kunden<\/div>\n            <div class='statValue'>1500+<\/div>\n          <\/div>\n                  <div class='stat'>\n            <div class='statTitle'>Nutzer<\/div>\n            <div class='statValue'>20m+<\/div>\n          <\/div>\n                  <div class='stat'>\n            <div class='statTitle'>Partner<\/div>\n            <div class='statValue'>75+<\/div>\n          <\/div>\n                  <\/div>\n  <\/div>\n<\/div>\n\n\n<div class=\"content-feature-container themeTeal leftDirection fullSize\">\n  <div class='cf-wrapper'>\n    <div class='cf-images'>\n              <div class='cf-featureImage'>\n          <img decoding=\"async\"\n            loading=\"lazy\" \n            class=\"image\"\n            width=\"1720\"\n            height=\"942\"\n            src=\"https:\/\/staging.totara.fortyapp.com\/wp-content\/uploads\/2022\/11\/Screen-Shot-2022-11-28-at-3.56.32-PM-768x421.png\"  \n            alt=\"\"\n            srcset=\"https:\/\/staging.totara.fortyapp.com\/wp-content\/uploads\/2022\/11\/Screen-Shot-2022-11-28-at-3.56.32-PM.png 1720w, https:\/\/staging.totara.fortyapp.com\/wp-content\/uploads\/2022\/11\/Screen-Shot-2022-11-28-at-3.56.32-PM-300x164.png 300w, https:\/\/staging.totara.fortyapp.com\/wp-content\/uploads\/2022\/11\/Screen-Shot-2022-11-28-at-3.56.32-PM-1024x561.png 1024w, https:\/\/staging.totara.fortyapp.com\/wp-content\/uploads\/2022\/11\/Screen-Shot-2022-11-28-at-3.56.32-PM-768x421.png 768w, https:\/\/staging.totara.fortyapp.com\/wp-content\/uploads\/2022\/11\/Screen-Shot-2022-11-28-at-3.56.32-PM-1536x841.png 1536w\"\n            sizes=\"auto, (max-width: 400px) 100vw, 400px\"\n          \/>\n        <\/div>\n          <\/div>\n    <div class=\"cf-detailsWrapper\">\n      <div class='cf-details'>\n                  <h2 class='cf-title'><span>Onboarding mit dem Met Office\n<\/span><\/h2>\n                                  <div class='cf-description'>\n            <span style=\"font-weight: 400;\">Sehen Sie sich an, wie das britische Met Office mit Totara die Einarbeitungsinhalte und -pfade f\u00fcr eine vielf\u00e4ltige Belegschaft verwaltet.<\/span>\n          <\/div>\n                          <div class='cf-cta'>\n            \n<a id=\"\" class=\"button-link \" target=\"_blank\" href=\"https:\/\/www.youtube.com\/watch?v=w2ajTPsWu4Q\">\n  <span class='container darkPrimaryTheme'>\n    <div><\/div>\n    <div><\/div>\n    <div class='contents'>\n      <span>Schau Video<\/span>\n          <\/div>\n  <\/span>\n<\/a>          <\/div>\n              <\/div>\n    <\/div>\n  <\/div>\n<\/div>\n\n\n<div class=\"related-content_container\">\n  <div class='related-content_linkTitleWrapper'>\n    <h2 class=\"related-content_title\">Verwandte Inhalte<\/h2>\n      <\/div>\n  <div class=\"related-content_pageTilesWrapper\">\n      \n    <div class=\"page-tile relevanssi-live-search-result\">\n        <a href=\"https:\/\/staging.totara.fortyapp.com\/de\/kunden\/kent-medway-nhs-social-care-partnership\/\">\n            <div>\n                <div class='image-wrapper'>\n                                                                    <img decoding=\"async\"\n                            class='image cover'\n                            loading=\"lazy\"\n                            src=\"https:\/\/staging.totara.fortyapp.com\/wp-content\/uploads\/2022\/11\/Kent_NHS_Totara_LMS_small.png\"\n                            alt=\"\"\n                            srcset=\"https:\/\/staging.totara.fortyapp.com\/wp-content\/uploads\/2022\/11\/Kent_NHS_Totara_LMS_small.png 402w, https:\/\/staging.totara.fortyapp.com\/wp-content\/uploads\/2022\/11\/Kent_NHS_Totara_LMS_small-225x300.png 225w\"\n                            sizes=\"(max-width: 402px) 100vw, 402px\" \/>\n                                        <div class='category-wrapper'>\n                        <p>Customer Story<\/p>\n                    <\/div>\n                <\/div>\n                <p class='post-date'>\n                                                        <\/p>\n                <h2 class='search-title'>Kent and Medway NHS and Social Care Partnership Trust sorgt f\u00fcr die Einhaltung der Vorgaben f\u00fcr ma\u00dfgeschneidertes Lernen<\/h2>\n            <\/div>\n            <div class='learn-more-link'>\n                Learn more\n                <svg width=\"20\" height=\"20\" viewBox=\"0 0 20 20\" fill=\"#07262A\" xmlns=\"http:\/\/www.w3.org\/2000\/svg\">\n                    <path fillRule=\"evenodd\" clip-rule=\"evenodd\" d=\"M2 10C2 9.58579 2.33579 9.25 2.75 9.25L15.3879 9.25L10.2302 4.29062C9.93159 4.00353 9.92228 3.52875 10.2094 3.23017C10.4965 2.93159 10.9713 2.92228 11.2698 3.20937L17.7698 9.45937C17.9169 9.60078 18 9.79599 18 10C18 10.204 17.9169 10.3992 17.7698 10.5406L11.2698 16.7906C10.9713 17.0777 10.4965 17.0684 10.2094 16.7698C9.92228 16.4713 9.93159 15.9965 10.2302 15.7094L15.3879 10.75L2.75 10.75C2.33579 10.75 2 10.4142 2 10Z\" \/>\n                <\/svg>\n            <\/div>\n        <\/a>\n    <\/div>\n      \n  <\/div>\n<\/div>\n\n\n<div class='cta-block-container  themeTeal '>\n  <div class='cta-wrapper'>\n    <img decoding=\"async\" \n      class='cta-image'\n      loading='lazy'\n      src=\"https:\/\/staging.totara.fortyapp.com\/wp-content\/themes\/totara\/assets\/images\/bg-cta-teal2.png\"\n      alt='Background pattern'\n      sizes=(min-width: 1440px) 1440px, 100vw      layout='fill'\n      objectFit='cover'\n    \/>\n    <div class='cta-details'>\n              <h2 class='cta-title'><span style=\"color: #0a5562;\">Bereiten Sie Ihre Mitarbeiter schon heute auf morgen vor<\/span>\n<\/h2>\n                    <div class='cta-buttons'>\n                      \n<a id=\"\" class=\"button-link \" target=\"\" href=\"https:\/\/staging.totara.fortyapp.com\/de\/demo-anfordern\/\">\n  <span class='container lightPrimaryTheme'>\n    <div><\/div>\n    <div><\/div>\n    <div class='contents'>\n      <span>Demo anfordern<\/span>\n          <\/div>\n  <\/span>\n<\/a>                    \n        <\/div>\n                <\/div>\n  <\/div>\n<\/div>","protected":false},"excerpt":{"rendered":"","protected":false},"author":8,"featured_media":0,"parent":0,"menu_order":27,"comment_status":"closed","ping_status":"closed","template":"","meta":{"_acf_changed":false,"content-type":"","footnotes":""},"tax\/tags":[641,642],"tax\/topics":[643],"class_list":["post-37263","page","type-page","status-publish","hentry"],"acf":[],"_links":{"self":[{"href":"https:\/\/staging.totara.fortyapp.com\/de\/wp-json\/wp\/v2\/pages\/37263","targetHints":{"allow":["GET"]}}],"collection":[{"href":"https:\/\/staging.totara.fortyapp.com\/de\/wp-json\/wp\/v2\/pages"}],"about":[{"href":"https:\/\/staging.totara.fortyapp.com\/de\/wp-json\/wp\/v2\/types\/page"}],"author":[{"embeddable":true,"href":"https:\/\/staging.totara.fortyapp.com\/de\/wp-json\/wp\/v2\/users\/8"}],"replies":[{"embeddable":true,"href":"https:\/\/staging.totara.fortyapp.com\/de\/wp-json\/wp\/v2\/comments?post=37263"}],"version-history":[{"count":2,"href":"https:\/\/staging.totara.fortyapp.com\/de\/wp-json\/wp\/v2\/pages\/37263\/revisions"}],"predecessor-version":[{"id":65370,"href":"https:\/\/staging.totara.fortyapp.com\/de\/wp-json\/wp\/v2\/pages\/37263\/revisions\/65370"}],"wp:attachment":[{"href":"https:\/\/staging.totara.fortyapp.com\/de\/wp-json\/wp\/v2\/media?parent=37263"}],"wp:term":[{"taxonomy":"tag","embeddable":true,"href":"https:\/\/staging.totara.fortyapp.com\/de\/wp-json\/wp\/v2\/tax\/tags?post=37263"},{"taxonomy":"topic","embeddable":true,"href":"https:\/\/staging.totara.fortyapp.com\/de\/wp-json\/wp\/v2\/tax\/topics?post=37263"}],"curies":[{"name":"wp","href":"https:\/\/api.w.org\/{rel}","templated":true}]}}