{"id":37043,"date":"2022-11-22T04:16:08","date_gmt":"2022-11-22T04:16:08","guid":{"rendered":"https:\/\/staging.totara.fortyapp.com\/request-a-demo-form\/"},"modified":"2026-03-10T16:16:27","modified_gmt":"2026-03-10T16:16:27","slug":"demo-anfordern","status":"publish","type":"page","link":"https:\/\/staging.totara.fortyapp.com\/de\/demo-anfordern\/","title":{"rendered":"Demo anfordern"},"content":{"rendered":"\n<div class='standard-header-container themeTeal ' style=\"\">\n  <div class='backgroundImageWrapper'>\n    <img decoding=\"async\"\n      class='backgroundImage' \n      loading=\"lazy\"\n      src=\"https:\/\/staging.totara.fortyapp.com\/wp-content\/themes\/totara\/assets\/images\/bg-standard-hero-teal.png\"  \n      sizes=\"100vw\"\n      alt=\"Background pattern\"\n    \/>\n  <\/div>\n  <div class='wrapper'>\n    <div class='detailsWrapper'>\n      <div class='details'>\n                          <h1 class='title  fontLight'>Vereinbaren Sie eine Demo\n<\/h1>\n                              <\/div>\n    <\/div>\n    \n        \n  <\/div>\n<\/div>\n\n\n<div class=\"feature-text-block-container themeTeal\">\n  <div class=\"wrapper\">\n          <div class='text'>\n        <p class=\"large\">Vielen Dank f\u00fcr Ihr Interesse an Totara. Totara-L\u00f6sungen werden Organisationen \u00fcber unser <span style=\"color: #36bcaf\"><strong>umfangreiches Partnernetzwerk<\/strong><\/span> zur Verf\u00fcgung gestellt.<\/p>\n<p class=\"large\">Wenn Sie dieses Formular ausf\u00fcllen, wird\u00a0sich ein zertifizierter\u00a0Totara-Partner\u00a0mit Ihnen in Verbindung setzen, um eine Demo zu vereinbaren.<\/p>\n      <\/div>\n      <\/div>\n<\/div>\n\n\n<div class='newsletter-hubspot-container themeTeal padding-'>\n  <div class='wrapper'>\n    \n    <div class='content-wrapper'>\n            <div class='form-wrapper grey-background-'>\n                                                              <div id=\"hubspot-form-container\">\n            \n\t\t\t\t\t<script>\n\t\t\t\t\t\twindow.hsFormsOnReady = window.hsFormsOnReady || [];\n\t\t\t\t\t\twindow.hsFormsOnReady.push(()=>{\n\t\t\t\t\t\t\thbspt.forms.create({\n\t\t\t\t\t\t\t\tportalId: 3415253,\n\t\t\t\t\t\t\t\tformId: \"18cf7d6f-7496-4fa6-825e-29a024d9a826\",\n\t\t\t\t\t\t\t\ttarget: \"#hbspt-form-1775956272000-4281592496\",\n\t\t\t\t\t\t\t\tregion: \"na1\",\n\t\t\t\t\t\t\t\t\n\t\t\t\t\t\t})});\n\t\t\t\t\t<\/script>\n\t\t\t\t\t<div class=\"hbspt-form\" id=\"hbspt-form-1775956272000-4281592496\"><\/div>          <\/div>\n          <div id=\"hubspot-fallback-message\" style=\"display: none; padding: 20px; background-color: #f8f9fa; border: 1px solid #dee2e6; border-radius: 8px;\">\n            <p style=\"margin: 0; font-size: 14px;\">\n              This form may be blocked by your browser&#8217;s privacy settings (e.g., Firefox Enhanced Tracking Protection). Please email us at <a href=\"mailto:marketing@totara.com\" style=\"color: #007ab8; text-decoration: none;\">marketing@totara.com<\/a>.\n            <\/p>\n          <\/div>\n                      <\/div>\n    <\/div>\n  <\/div>\n<\/div>\n\n<script>\n  \/\/If the form has a dynamic content field for hubspot automation workflows, it will grab that ACF value and plop it inside of the embedded iframe form\n  jQuery(document).ready(function ($) {\n    let formDetected = false;\n    let fallbackShown = false;\n\n    \/\/ Function to check for HubSpot form and show fallback if needed\n    function checkForHubSpotForm() {\n      const hubspotContainer = document.getElementById('hubspot-form-container');\n      const fallbackMessage = document.getElementById('hubspot-fallback-message');\n      \n      if (!hubspotContainer || !fallbackMessage || fallbackShown) {\n        return;\n      }\n\n      \/\/ Check for various HubSpot form elements\n      const hsForm = hubspotContainer.querySelector('.hs-form');\n      const hsIframe = hubspotContainer.querySelector('.hs-form-iframe');\n      const hsScript = hubspotContainer.querySelector('script[src*=\"js.hsforms.net\"]');\n      const hasHubSpotContent = hubspotContainer.innerHTML.trim().length > 0;\n\n      if (hsForm || hsIframe || hsScript) {\n        formDetected = true;\n      } else if (hasHubSpotContent && !formDetected) {\n        \/\/ If there's content but no recognizable HubSpot elements after timeout, show fallback\n        setTimeout(function() {\n          if (!formDetected && !fallbackShown) {\n            fallbackMessage.style.display = 'block';\n            hubspotContainer.style.display = 'none';\n            fallbackShown = true;\n          }\n        }, 2000);\n      } else if (!hasHubSpotContent) {\n        \/\/ If container is completely empty, show fallback immediately\n        fallbackMessage.style.display = 'block';\n        hubspotContainer.style.display = 'none';\n        fallbackShown = true;\n      }\n    }\n\n    \/\/ Initial check\n    setTimeout(checkForHubSpotForm, 1000);\n    \n    \/\/ Additional checks at intervals\n    setTimeout(checkForHubSpotForm, 3000);\n\n    setTimeout(function() {\n      const fieldElement = document.querySelector('input[name=lead_source_description]');\n      let iframe = document.querySelector('.hs-form-iframe');\n\n      if (iframe && iframe?.contentWindow) {\n        let iframeDocument = iframe.contentWindow.document;\n        let input = iframeDocument.querySelector('input[name=lead_source_description]');\n        if (input) {\n          input.value = 'Request a demo';\n        }\n      }\n    }, 5000);\n  });\n<\/script>\n\n\n<div class='stats-block-container themeTeal'>\n  <div class='wrapper'>\n          <h2 class='title'><span style=\"font-weight: 400\">Weltweites Vertrauen in jeder Gr\u00f6\u00dfenordnung<\/span>\n<\/h2>\n        <div class='stats'>\n                        <div class='stat'>\n            <div class='statTitle'>Kunden<\/div>\n            <div class='statValue'>1500+<\/div>\n          <\/div>\n                  <div class='stat'>\n            <div class='statTitle'>Nutzer<\/div>\n            <div class='statValue'>20m+<\/div>\n          <\/div>\n                  <div class='stat'>\n            <div class='statTitle'>Globale Partner<\/div>\n            <div class='statValue'>75+<\/div>\n          <\/div>\n                  <\/div>\n  <\/div>\n<\/div>","protected":false},"excerpt":{"rendered":"","protected":false},"author":3,"featured_media":0,"parent":0,"menu_order":3,"comment_status":"closed","ping_status":"closed","template":"","meta":{"_acf_changed":false,"content-type":"","footnotes":""},"tax\/tags":[],"tax\/topics":[],"class_list":["post-37043","page","type-page","status-publish","hentry"],"acf":[],"_links":{"self":[{"href":"https:\/\/staging.totara.fortyapp.com\/de\/wp-json\/wp\/v2\/pages\/37043","targetHints":{"allow":["GET"]}}],"collection":[{"href":"https:\/\/staging.totara.fortyapp.com\/de\/wp-json\/wp\/v2\/pages"}],"about":[{"href":"https:\/\/staging.totara.fortyapp.com\/de\/wp-json\/wp\/v2\/types\/page"}],"author":[{"embeddable":true,"href":"https:\/\/staging.totara.fortyapp.com\/de\/wp-json\/wp\/v2\/users\/3"}],"replies":[{"embeddable":true,"href":"https:\/\/staging.totara.fortyapp.com\/de\/wp-json\/wp\/v2\/comments?post=37043"}],"version-history":[{"count":2,"href":"https:\/\/staging.totara.fortyapp.com\/de\/wp-json\/wp\/v2\/pages\/37043\/revisions"}],"predecessor-version":[{"id":74239,"href":"https:\/\/staging.totara.fortyapp.com\/de\/wp-json\/wp\/v2\/pages\/37043\/revisions\/74239"}],"wp:attachment":[{"href":"https:\/\/staging.totara.fortyapp.com\/de\/wp-json\/wp\/v2\/media?parent=37043"}],"wp:term":[{"taxonomy":"tag","embeddable":true,"href":"https:\/\/staging.totara.fortyapp.com\/de\/wp-json\/wp\/v2\/tax\/tags?post=37043"},{"taxonomy":"topic","embeddable":true,"href":"https:\/\/staging.totara.fortyapp.com\/de\/wp-json\/wp\/v2\/tax\/topics?post=37043"}],"curies":[{"name":"wp","href":"https:\/\/api.w.org\/{rel}","templated":true}]}}